{"id":23888,"date":"2023-01-23T10:01:17","date_gmt":"2023-01-23T14:01:17","guid":{"rendered":"https:\/\/www.hampstead.qc.ca\/?page_id=23888"},"modified":"2026-03-20T10:34:08","modified_gmt":"2026-03-20T14:34:08","slug":"call-for-tenders","status":"publish","type":"page","link":"https:\/\/www.hampstead.qc.ca\/en\/call-for-tenders\/","title":{"rendered":"Call for Tenders"},"content":{"rendered":"\t\t<div data-elementor-type=\"wp-page\" data-elementor-id=\"23888\" class=\"elementor elementor-23888 elementor-23882\" data-elementor-post-type=\"page\">\n\t\t\t\t\t\t<section class=\"elementor-section elementor-top-section elementor-element elementor-element-84da0a0 elementor-section-boxed elementor-section-height-default elementor-section-height-default\" data-id=\"84da0a0\" data-element_type=\"section\" data-e-type=\"section\">\n\t\t\t\t\t\t<div class=\"elementor-container elementor-column-gap-default\">\n\t\t\t\t\t<div class=\"elementor-column elementor-col-33 elementor-top-column elementor-element elementor-element-9f679bb\" data-id=\"9f679bb\" data-element_type=\"column\" data-e-type=\"column\">\n\t\t\t<div class=\"elementor-widget-wrap elementor-element-populated\">\n\t\t\t\t\t\t<div class=\"elementor-element elementor-element-78aa439 elementor-widget elementor-widget-text-editor\" data-id=\"78aa439\" data-element_type=\"widget\" data-e-type=\"widget\" data-widget_type=\"text-editor.default\">\n\t\t\t\t<div class=\"elementor-widget-container\">\n\t\t\t\t\t\t\t\t\t<p><span style=\"font-size: 1.6rem; font-family: georgia, palatino, serif;\">The Town of Hampstead posts all of its public tenders on the Qu\u00e9bec government&#8217;s website: <a href=\"https:\/\/seao.gouv.qc.ca\/avis-du-jour\">The <em>syst\u00e8me \u00e9lectronique d&#8217;appel d&#8217;offres<\/em><\/a>.(SEAO).<\/span><\/p><p><span style=\"font-size: 1.6rem; font-family: georgia, palatino, serif;\">Please refer to the<a href=\"https:\/\/www.hampstead.qc.ca\/wp-content\/uploads\/2023\/01\/Consolidation-1020-1-2-Annx-I-II-III-IV-EN.pdf\"> Town&#8217;s contract management By-law<\/a> for more information on the procedure and steps.<\/span><\/p>\t\t\t\t\t\t\t\t<\/div>\n\t\t\t\t<\/div>\n\t\t\t\t\t<\/div>\n\t\t<\/div>\n\t\t\t\t<div class=\"elementor-column elementor-col-33 elementor-top-column elementor-element elementor-element-3eb4abc\" data-id=\"3eb4abc\" data-element_type=\"column\" data-e-type=\"column\">\n\t\t\t<div class=\"elementor-widget-wrap\">\n\t\t\t\t\t\t\t<\/div>\n\t\t<\/div>\n\t\t\t\t<div class=\"elementor-column elementor-col-33 elementor-top-column elementor-element elementor-element-72618fd\" data-id=\"72618fd\" data-element_type=\"column\" data-e-type=\"column\">\n\t\t\t<div class=\"elementor-widget-wrap elementor-element-populated\">\n\t\t\t\t\t\t<div class=\"elementor-element elementor-element-ecd95d4 elementor-widget elementor-widget-heading\" data-id=\"ecd95d4\" data-element_type=\"widget\" data-e-type=\"widget\" data-widget_type=\"heading.default\">\n\t\t\t\t<div class=\"elementor-widget-container\">\n\t\t\t\t\t<h2 class=\"elementor-heading-title elementor-size-default\">Navigate to<\/h2>\t\t\t\t<\/div>\n\t\t\t\t<\/div>\n\t\t\t\t<div class=\"elementor-element elementor-element-1b71ed0 elementor-widget__width-initial elementor-icon-list--layout-traditional elementor-list-item-link-full_width elementor-widget elementor-widget-icon-list\" data-id=\"1b71ed0\" data-element_type=\"widget\" data-e-type=\"widget\" data-widget_type=\"icon-list.default\">\n\t\t\t\t<div class=\"elementor-widget-container\">\n\t\t\t\t\t\t\t<ul class=\"elementor-icon-list-items\">\n\t\t\t\t\t\t\t<li class=\"elementor-icon-list-item\">\n\t\t\t\t\t\t\t\t\t\t\t<a href=\"https:\/\/www.hampstead.qc.ca\/en\/municipal-taxes\/\">\n\n\t\t\t\t\t\t\t\t\t\t\t\t<span class=\"elementor-icon-list-icon\">\n\t\t\t\t\t\t\t<i aria-hidden=\"true\" class=\"fas fa-money-bill\"><\/i>\t\t\t\t\t\t<\/span>\n\t\t\t\t\t\t\t\t\t\t<span class=\"elementor-icon-list-text\">Municipal Taxes<\/span>\n\t\t\t\t\t\t\t\t\t\t\t<\/a>\n\t\t\t\t\t\t\t\t\t<\/li>\n\t\t\t\t\t\t\t\t<li class=\"elementor-icon-list-item\">\n\t\t\t\t\t\t\t\t\t\t\t<a href=\"https:\/\/www.hampstead.qc.ca\/en\/property-evaluation\/\">\n\n\t\t\t\t\t\t\t\t\t\t\t\t<span class=\"elementor-icon-list-icon\">\n\t\t\t\t\t\t\t<i aria-hidden=\"true\" class=\"fas fa-file\"><\/i>\t\t\t\t\t\t<\/span>\n\t\t\t\t\t\t\t\t\t\t<span class=\"elementor-icon-list-text\">Property Evaluation<\/span>\n\t\t\t\t\t\t\t\t\t\t\t<\/a>\n\t\t\t\t\t\t\t\t\t<\/li>\n\t\t\t\t\t\t\t\t<li class=\"elementor-icon-list-item\">\n\t\t\t\t\t\t\t\t\t\t\t<a href=\"https:\/\/www.hampstead.qc.ca\/en\/property-transfers-2\/\">\n\n\t\t\t\t\t\t\t\t\t\t\t\t<span class=\"elementor-icon-list-icon\">\n\t\t\t\t\t\t\t<i aria-hidden=\"true\" class=\"fas fa-laptop-house\"><\/i>\t\t\t\t\t\t<\/span>\n\t\t\t\t\t\t\t\t\t\t<span class=\"elementor-icon-list-text\">Property transfers<\/span>\n\t\t\t\t\t\t\t\t\t\t\t<\/a>\n\t\t\t\t\t\t\t\t\t<\/li>\n\t\t\t\t\t\t\t\t<li class=\"elementor-icon-list-item\">\n\t\t\t\t\t\t\t\t\t\t\t<a href=\"https:\/\/www.hampstead.qc.ca\/en\/property-taxes-and-evaluation\/budget\/\">\n\n\t\t\t\t\t\t\t\t\t\t\t\t<span class=\"elementor-icon-list-icon\">\n\t\t\t\t\t\t\t<i aria-hidden=\"true\" class=\"fas fa-plus\"><\/i>\t\t\t\t\t\t<\/span>\n\t\t\t\t\t\t\t\t\t\t<span class=\"elementor-icon-list-text\">Budgets and financial statements<\/span>\n\t\t\t\t\t\t\t\t\t\t\t<\/a>\n\t\t\t\t\t\t\t\t\t<\/li>\n\t\t\t\t\t\t\t\t<li class=\"elementor-icon-list-item\">\n\t\t\t\t\t\t\t\t\t\t\t<a href=\"https:\/\/www.hampstead.qc.ca\/en\/contract-management\/\">\n\n\t\t\t\t\t\t\t\t\t\t\t\t<span class=\"elementor-icon-list-icon\">\n\t\t\t\t\t\t\t<i aria-hidden=\"true\" class=\"fas fa-truck-moving\"><\/i>\t\t\t\t\t\t<\/span>\n\t\t\t\t\t\t\t\t\t\t<span class=\"elementor-icon-list-text\">Contract management<\/span>\n\t\t\t\t\t\t\t\t\t\t\t<\/a>\n\t\t\t\t\t\t\t\t\t<\/li>\n\t\t\t\t\t\t<\/ul>\n\t\t\t\t\t\t<\/div>\n\t\t\t\t<\/div>\n\t\t\t\t\t<\/div>\n\t\t<\/div>\n\t\t\t\t\t<\/div>\n\t\t<\/section>\n\t\t\t\t<section class=\"elementor-section elementor-top-section elementor-element elementor-element-6438d97 elementor-section-boxed elementor-section-height-default elementor-section-height-default\" data-id=\"6438d97\" data-element_type=\"section\" data-e-type=\"section\" data-settings=\"{&quot;background_background&quot;:&quot;classic&quot;}\">\n\t\t\t\t\t\t<div class=\"elementor-container elementor-column-gap-default\">\n\t\t\t\t\t<div class=\"elementor-column elementor-col-33 elementor-top-column elementor-element elementor-element-3678e6d\" data-id=\"3678e6d\" data-element_type=\"column\" data-e-type=\"column\">\n\t\t\t<div class=\"elementor-widget-wrap elementor-element-populated\">\n\t\t\t\t\t\t<div class=\"elementor-element elementor-element-289fbec elementor-widget elementor-widget-toggle\" data-id=\"289fbec\" data-element_type=\"widget\" data-e-type=\"widget\" data-widget_type=\"toggle.default\">\n\t\t\t\t<div class=\"elementor-widget-container\">\n\t\t\t\t\t\t\t<div class=\"elementor-toggle\">\n\t\t\t\t\t\t\t<div class=\"elementor-toggle-item\">\n\t\t\t\t\t<div id=\"elementor-tab-title-4251\" class=\"elementor-tab-title\" data-tab=\"1\" role=\"button\" aria-controls=\"elementor-tab-content-4251\" aria-expanded=\"false\">\n\t\t\t\t\t\t\t\t\t\t\t\t<span class=\"elementor-toggle-icon elementor-toggle-icon-left\" aria-hidden=\"true\">\n\t\t\t\t\t\t\t\t\t\t\t\t\t\t\t<span class=\"elementor-toggle-icon-closed\"><i class=\"fas fa-caret-right\"><\/i><\/span>\n\t\t\t\t\t\t\t\t<span class=\"elementor-toggle-icon-opened\"><i class=\"elementor-toggle-icon-opened fas fa-caret-up\"><\/i><\/span>\n\t\t\t\t\t\t\t\t\t\t\t\t\t<\/span>\n\t\t\t\t\t\t\t\t\t\t\t\t<a class=\"elementor-toggle-title\" tabindex=\"0\">List of contracts exceeding $25,000.00<\/a>\n\t\t\t\t\t<\/div>\n\n\t\t\t\t\t<div id=\"elementor-tab-content-4251\" class=\"elementor-tab-content elementor-clearfix\" data-tab=\"1\" role=\"region\" aria-labelledby=\"elementor-tab-title-4251\"><p><span style=\"font-size: 1.6rem; font-family: georgia, palatino, serif;\">In accordance with the Law, here is the list of all contracts involving a total expenditure exceeding $25,000 that you can consult on the <em>syst\u00e8me \u00e9lectronique d&#8217;appel d&#8217;offres<\/em> of <em>Gouvernement du Qu\u00e9bec.<\/em><\/span><\/p><\/div>\n\t\t\t\t<\/div>\n\t\t\t\t\t\t\t<div class=\"elementor-toggle-item\">\n\t\t\t\t\t<div id=\"elementor-tab-title-4252\" class=\"elementor-tab-title\" data-tab=\"2\" role=\"button\" aria-controls=\"elementor-tab-content-4252\" aria-expanded=\"false\">\n\t\t\t\t\t\t\t\t\t\t\t\t<span class=\"elementor-toggle-icon elementor-toggle-icon-left\" aria-hidden=\"true\">\n\t\t\t\t\t\t\t\t\t\t\t\t\t\t\t<span class=\"elementor-toggle-icon-closed\"><i class=\"fas fa-caret-right\"><\/i><\/span>\n\t\t\t\t\t\t\t\t<span class=\"elementor-toggle-icon-opened\"><i class=\"elementor-toggle-icon-opened fas fa-caret-up\"><\/i><\/span>\n\t\t\t\t\t\t\t\t\t\t\t\t\t<\/span>\n\t\t\t\t\t\t\t\t\t\t\t\t<a class=\"elementor-toggle-title\" tabindex=\"0\">List of contracts over $2,000.00 totaling over $25,000.00<\/a>\n\t\t\t\t\t<\/div>\n\n\t\t\t\t\t<div id=\"elementor-tab-content-4252\" class=\"elementor-tab-content elementor-clearfix\" data-tab=\"2\" role=\"region\" aria-labelledby=\"elementor-tab-title-4252\"><p><span style=\"font-size: 1.6rem; font-family: georgia, palatino, serif;\">In accordance with the Law, here is the list of all contracts over $2000 totaling over $25,000:<\/span><\/p><p><span style=\"font-size: 1.6rem; font-family: georgia, palatino, serif;\"><a href=\"https:\/\/www.hampstead.qc.ca\/wp-content\/uploads\/2026\/03\/2025-Contrats-de-plus-de-2K-totallisant-plus-de-25K-EN.pdf\">2025 <\/a><a href=\"https:\/\/www.hampstead.qc.ca\/wp-content\/uploads\/2025\/03\/Contrats-de-plus-de-2K-total-plus-de-25K-EN.pdf\">-List of all contracts over $2000.00 total over $25,000.00<\/a><\/span><\/p><p><span style=\"font-size: 1.6rem; font-family: georgia, palatino, serif;\"><a href=\"https:\/\/www.hampstead.qc.ca\/wp-content\/uploads\/2024\/03\/Contracts-25K-par-fournisseur-publie-en-ligne-2023-EN.pdf\">2023-List of all contracts over $2000.00 total over $25,000.00<\/a><\/span><\/p><p><span style=\"font-size: 1.6rem; font-family: georgia, palatino, serif;\"><a href=\"https:\/\/www.hampstead.qc.ca\/wp-content\/uploads\/2023\/02\/Liste-des-Contrats-de-plus-de-2000-totalisant-25000ENGL.pdf\">2022-List of all contracts over $2000.00 total over $25,000.00<\/a><\/span><\/p><p><span style=\"font-size: 1.6rem; font-family: georgia, palatino, serif;\"><a href=\"https:\/\/www.hampstead.qc.ca\/wp-content\/uploads\/2023\/02\/Liste-de-Contrats-de-plus-de-2000-Totalisant-25000.rpt2021ENGL.pdf\">2021-<\/a><a href=\"https:\/\/www.hampstead.qc.ca\/wp-content\/uploads\/2023\/02\/Liste-des-Contrats-de-plus-de-2000-totalisant-25000ENGL.pdf\">List of all contracts over $2000.00 total over $25,000.00<\/a><\/span><\/p><\/div>\n\t\t\t\t<\/div>\n\t\t\t\t\t\t\t\t<\/div>\n\t\t\t\t\t\t<\/div>\n\t\t\t\t<\/div>\n\t\t\t\t\t<\/div>\n\t\t<\/div>\n\t\t\t\t<div class=\"elementor-column elementor-col-33 elementor-top-column elementor-element elementor-element-800431a\" data-id=\"800431a\" data-element_type=\"column\" data-e-type=\"column\">\n\t\t\t<div class=\"elementor-widget-wrap\">\n\t\t\t\t\t\t\t<\/div>\n\t\t<\/div>\n\t\t\t\t<div class=\"elementor-column elementor-col-33 elementor-top-column elementor-element elementor-element-1c38456\" data-id=\"1c38456\" data-element_type=\"column\" data-e-type=\"column\">\n\t\t\t<div class=\"elementor-widget-wrap\">\n\t\t\t\t\t\t\t<\/div>\n\t\t<\/div>\n\t\t\t\t\t<\/div>\n\t\t<\/section>\n\t\t\t\t<section class=\"elementor-section elementor-top-section elementor-element elementor-element-e393ec4 elementor-section-boxed elementor-section-height-default elementor-section-height-default\" data-id=\"e393ec4\" data-element_type=\"section\" data-e-type=\"section\">\n\t\t\t\t\t\t<div class=\"elementor-container elementor-column-gap-default\">\n\t\t\t\t\t<div class=\"elementor-column elementor-col-66 elementor-top-column elementor-element elementor-element-b19adf0\" data-id=\"b19adf0\" data-element_type=\"column\" data-e-type=\"column\">\n\t\t\t<div class=\"elementor-widget-wrap\">\n\t\t\t\t\t\t\t<\/div>\n\t\t<\/div>\n\t\t\t\t<div class=\"elementor-column elementor-col-33 elementor-top-column elementor-element elementor-element-8e85ef6\" data-id=\"8e85ef6\" data-element_type=\"column\" data-e-type=\"column\">\n\t\t\t<div class=\"elementor-widget-wrap elementor-element-populated\">\n\t\t\t\t\t\t<div class=\"elementor-element elementor-element-3a204f0 elementor-widget elementor-widget-heading\" data-id=\"3a204f0\" data-element_type=\"widget\" data-e-type=\"widget\" data-widget_type=\"heading.default\">\n\t\t\t\t<div class=\"elementor-widget-container\">\n\t\t\t\t\t<h4 class=\"elementor-heading-title elementor-size-default\">Does this page meet your needs?<\/h4>\t\t\t\t<\/div>\n\t\t\t\t<\/div>\n\t\t\t\t<div class=\"elementor-element elementor-element-18e6557 elementor-button-align-stretch elementor-widget elementor-widget-form\" data-id=\"18e6557\" data-element_type=\"widget\" data-e-type=\"widget\" data-settings=\"{&quot;step_next_label&quot;:&quot;Next&quot;,&quot;step_previous_label&quot;:&quot;Previous&quot;,&quot;button_width&quot;:&quot;100&quot;,&quot;step_type&quot;:&quot;number_text&quot;,&quot;step_icon_shape&quot;:&quot;circle&quot;}\" data-widget_type=\"form.default\">\n\t\t\t\t<div class=\"elementor-widget-container\">\n\t\t\t\t\t\t\t<form class=\"elementor-form\" method=\"post\" name=\"New Form\" aria-label=\"New Form\">\n\t\t\t<input type=\"hidden\" name=\"post_id\" value=\"23888\"\/>\n\t\t\t<input type=\"hidden\" name=\"form_id\" value=\"18e6557\"\/>\n\t\t\t<input type=\"hidden\" name=\"referer_title\" value=\"Search Results    WA 0812 2782 5310 Total Biaya Membangun Plafon PVC Awan Jenar Sragen\" \/>\n\n\t\t\t\n\t\t\t<div class=\"elementor-form-fields-wrapper elementor-labels-above\">\n\t\t\t\t\t\t\t\t<div class=\"elementor-field-type-radio elementor-field-group elementor-column elementor-field-group-satisfaction_radio elementor-col-100\">\n\t\t\t\t\t\t\t\t\t\t\t\t<label for=\"form-field-satisfaction_radio\" class=\"elementor-field-label\">\n\t\t\t\t\t\t\t\t<div style=\"color:#888\">Help us to optimize our site.<\/div>\t\t\t\t\t\t\t<\/label>\n\t\t\t\t\t\t<div class=\"elementor-field-subgroup  \"><span class=\"elementor-field-option\"><input type=\"radio\" value=\"oui\" id=\"form-field-satisfaction_radio-0\" name=\"form_fields[satisfaction_radio]\"> <label for=\"form-field-satisfaction_radio-0\">Yes<\/label><\/span><span class=\"elementor-field-option\"><input type=\"radio\" value=\"non\" id=\"form-field-satisfaction_radio-1\" name=\"form_fields[satisfaction_radio]\"> <label for=\"form-field-satisfaction_radio-1\">No<\/label><\/span><\/div>\t\t\t\t<\/div>\n\t\t\t\t\t\t\t\t<div class=\"elementor-field-type-textarea elementor-field-group elementor-column elementor-field-group-message elementor-col-100\">\n\t\t\t\t\t<textarea class=\"elementor-field-textual elementor-field  elementor-size-sm\" name=\"form_fields[message]\" id=\"form-field-message\" rows=\"4\" placeholder=\"Please explain\"><\/textarea>\t\t\t\t<\/div>\n\t\t\t\t\t\t\t\t<div class=\"elementor-field-group elementor-column elementor-field-type-submit elementor-col-100 e-form__buttons\">\n\t\t\t\t\t<button class=\"elementor-button elementor-size-sm\" type=\"submit\">\n\t\t\t\t\t\t<span class=\"elementor-button-content-wrapper\">\n\t\t\t\t\t\t\t\t\t\t\t\t\t\t\t\t\t\t\t\t\t\t<span class=\"elementor-button-text\">Send<\/span>\n\t\t\t\t\t\t\t\t\t\t\t\t\t<\/span>\n\t\t\t\t\t<\/button>\n\t\t\t\t<\/div>\n\t\t\t<\/div>\n\t\t<\/form>\n\t\t\t\t\t\t<\/div>\n\t\t\t\t<\/div>\n\t\t\t\t\t<\/div>\n\t\t<\/div>\n\t\t\t\t\t<\/div>\n\t\t<\/section>\n\t\t\t\t<\/div>\n\t\t","protected":false},"excerpt":{"rendered":"<p>The Town of Hampstead posts all of its public tenders on the Qu\u00e9bec government&#8217;s website: The syst\u00e8me \u00e9lectronique d&#8217;appel d&#8217;offres.(SEAO). Please refer to the Town&#8217;s contract management By-law for more information on the procedure and steps. Navigate to Municipal Taxes Property Evaluation Property transfers Budgets and financial statements Contract management List of contracts exceeding $25,000.00 In accordance with the Law, here is the list of all contracts involving a total expenditure exceeding $25,000 that you can consult on the syst\u00e8me \u00e9lectronique d&rsquo;appel d&rsquo;offres of Gouvernement du Qu\u00e9bec. List of contracts over $2,000.00 totaling over $25,000.00 In accordance with the Law,<\/p>\n","protected":false},"author":11,"featured_media":0,"parent":0,"menu_order":0,"comment_status":"closed","ping_status":"closed","template":"","meta":{"_acf_changed":false,"footnotes":""},"class_list":["post-23888","page","type-page","status-publish","hentry"],"acf":[],"_links":{"self":[{"href":"https:\/\/www.hampstead.qc.ca\/en\/wp-json\/wp\/v2\/pages\/23888","targetHints":{"allow":["GET"]}}],"collection":[{"href":"https:\/\/www.hampstead.qc.ca\/en\/wp-json\/wp\/v2\/pages"}],"about":[{"href":"https:\/\/www.hampstead.qc.ca\/en\/wp-json\/wp\/v2\/types\/page"}],"author":[{"embeddable":true,"href":"https:\/\/www.hampstead.qc.ca\/en\/wp-json\/wp\/v2\/users\/11"}],"replies":[{"embeddable":true,"href":"https:\/\/www.hampstead.qc.ca\/en\/wp-json\/wp\/v2\/comments?post=23888"}],"version-history":[{"count":0,"href":"https:\/\/www.hampstead.qc.ca\/en\/wp-json\/wp\/v2\/pages\/23888\/revisions"}],"wp:attachment":[{"href":"https:\/\/www.hampstead.qc.ca\/en\/wp-json\/wp\/v2\/media?parent=23888"}],"curies":[{"name":"wp","href":"https:\/\/api.w.org\/{rel}","templated":true}]}}