{"id":254,"date":"2021-05-11T18:45:23","date_gmt":"2021-05-11T18:45:23","guid":{"rendered":"https:\/\/website.hampstead.penega.dev\/?page_id=254"},"modified":"2022-03-04T21:03:17","modified_gmt":"2022-03-04T21:03:17","slug":"services","status":"publish","type":"page","link":"https:\/\/www.hampstead.qc.ca\/en\/services\/","title":{"rendered":"Services"},"content":{"rendered":"\t\t<div data-elementor-type=\"wp-page\" data-elementor-id=\"254\" class=\"elementor elementor-254\" data-elementor-post-type=\"page\">\n\t\t\t\t\t\t<section class=\"elementor-section elementor-inner-section elementor-element elementor-element-603afb68 elementor-section-boxed elementor-section-height-default elementor-section-height-default\" data-id=\"603afb68\" data-element_type=\"section\" data-e-type=\"section\">\n\t\t\t\t\t\t<div class=\"elementor-container elementor-column-gap-default\">\n\t\t\t\t\t<div class=\"elementor-column elementor-col-50 elementor-inner-column elementor-element elementor-element-6891d59e\" data-id=\"6891d59e\" data-element_type=\"column\" data-e-type=\"column\">\n\t\t\t<div class=\"elementor-widget-wrap elementor-element-populated\">\n\t\t\t\t\t\t<div class=\"elementor-element elementor-element-f177558 elementor-widget elementor-widget-toggle\" data-id=\"f177558\" data-element_type=\"widget\" data-e-type=\"widget\" data-widget_type=\"toggle.default\">\n\t\t\t\t<div class=\"elementor-widget-container\">\n\t\t\t\t\t\t\t<div class=\"elementor-toggle\">\n\t\t\t\t\t\t\t<div class=\"elementor-toggle-item\">\n\t\t\t\t\t<div id=\"elementor-tab-title-2531\" class=\"elementor-tab-title\" data-tab=\"1\" role=\"button\" aria-controls=\"elementor-tab-content-2531\" aria-expanded=\"false\">\n\t\t\t\t\t\t\t\t\t\t\t\t<span class=\"elementor-toggle-icon elementor-toggle-icon-left\" aria-hidden=\"true\">\n\t\t\t\t\t\t\t\t\t\t\t\t\t\t\t<span class=\"elementor-toggle-icon-closed\"><i class=\"fas fa-caret-right\"><\/i><\/span>\n\t\t\t\t\t\t\t\t<span class=\"elementor-toggle-icon-opened\"><i class=\"elementor-toggle-icon-opened fas fa-caret-up\"><\/i><\/span>\n\t\t\t\t\t\t\t\t\t\t\t\t\t<\/span>\n\t\t\t\t\t\t\t\t\t\t\t\t<a class=\"elementor-toggle-title\" tabindex=\"0\">Bruit excessif<\/a>\n\t\t\t\t\t<\/div>\n\n\t\t\t\t\t<div id=\"elementor-tab-content-2531\" class=\"elementor-tab-content elementor-clearfix\" data-tab=\"1\" role=\"region\" aria-labelledby=\"elementor-tab-title-2531\"><p>Le fait de faire, de causer, de produire ou de permettre un bruit excessif qui perturbe la tranquillit\u00e9, la paix, le repos, la jouissance ou le confort du voisinage est consid\u00e9r\u00e9 comme une nuisance dans la Ville de Hampstead, selon le <a href=\"https:\/\/www.hampstead.qc.ca\/fr\/ville\/liste-des-reglements\/\">R\u00e8glement<\/a> 795 sur les nuisances (et ses modifications).<\/p><p><strong>Certaines des dispositions du pr\u00e9sent r\u00e8glement sont \u00e9num\u00e9r\u00e9es ci-dessous.<\/strong><\/p><p>\u00a0\u00a0\u00a0\u00a0\u00a0\u00a0\u00a0\u00a0\u00a0\u00a0\u00a0 Heures de restriction du bruit<\/p><p><strong>Il est interdit d&rsquo;entreprendre des travaux de construction, de quelque nature que ce soit, ayant pour effet d&rsquo;\u00e9mettre du bruit \u00e0 l&rsquo;ext\u00e9rieur aux heures suivantes :<\/strong><\/p><p>Avant 7h00 et apr\u00e8s 19h00, du lundi au vendredi inclus ;<\/p><p>Avant 9h00 et apr\u00e8s 18h00 les samedis et dimanches ;<\/p><p>Les jours f\u00e9ri\u00e9s o\u00f9 la plupart des r\u00e9sidents ne travaillent pas. Ces jours sont \u00e9num\u00e9r\u00e9s \u00e0 l&rsquo;annexe 1-B du <a href=\"https:\/\/www.hampstead.qc.ca\/fr\/ville\/liste-des-reglements\/\">r\u00e8glement<\/a> 795, disponible en cliquant ici.<\/p><p><strong>Il est interdit d&rsquo;utiliser des \u00e9quipements d&rsquo;am\u00e9nagement paysager fonctionnant \u00e0 l&rsquo;essence &#8211; tels que les souffleurs de feuilles \u00e0 moteur \u00e0 essence (\u00e0 l&rsquo;exception des souffleuses \u00e0 neige et des v\u00e9hicules \u00e0 moteur avec silencieux) &#8211; aux moments suivants :<\/strong><\/p><p>Avant 7h00 et apr\u00e8s 21h00, du lundi au vendredi inclus ;<\/p><p>Avant 9h00 et apr\u00e8s 18h00 les samedis et dimanches ;<\/p><p>Les jours f\u00e9ri\u00e9s o\u00f9 la plupart des r\u00e9sidents ne travaillent pas. Ces jours sont \u00e9num\u00e9r\u00e9s \u00e0 l&rsquo;annexe 1-B du r\u00e8glement 795, disponible en cliquant ici.<\/p><p><strong>Il est interdit de faire fonctionner, ou de faire fonctionner, un \u00e9quipement motoris\u00e9 aux heures suivantes :<\/strong><\/p><p>De 21h00 d&rsquo;un jour \u00e0 7h00 du lendemain.<\/p><p><strong>Tout bruit produit par une pompe \u00e0 chaleur, un \u00e9quipement de chauffage, un climatiseur, un \u00e9quipement de ventilation, un \u00e9quipement de filtration de piscine ou un appareil similaire qui d\u00e9passe 55 db(A) en tout point situ\u00e9 \u00e0 l&rsquo;ext\u00e9rieur de la limite de propri\u00e9t\u00e9 du lot o\u00f9 cet \u00e9quipement ou appareil est install\u00e9.<\/strong><\/p><p>Applicable \u00e0 tout moment<\/p><p><strong>Il est interdit de faire fonctionner ou de faire fonctionner un appareil de reproduction du son de mani\u00e8re \u00e0 troubler la paix et la tranquillit\u00e9 du voisinage aux heures suivantes :<\/strong><\/p><p>Du lundi au vendredi entre 23h00 d&rsquo;un jour et 7h00 du lendemain.<\/p><p>Avant 9h00 le weekend.<\/p><p><strong>Il est interdit de faire fonctionner, ou de faire fonctionner, un appareil de reproduction sonore dans une rue ou un autre lieu public d&rsquo;une mani\u00e8re qui perturbe la paix et la tranquillit\u00e9 des personnes se trouvant dans ladite rue ou ledit lieu public.<\/strong><\/p><p>Applicable \u00e0 tout moment<\/p><p><strong>Sauf dans le cas o\u00f9 une autorisation \u00e9crite pr\u00e9alable a \u00e9t\u00e9 accord\u00e9e par la Ville, il est interdit d&rsquo;\u00e9mettre, de permettre ou de permettre l&rsquo;\u00e9mission d&rsquo;un bruit sup\u00e9rieur \u00e0 une lecture de d\u00e9cibels de 85 db (A), \u00e0 partir d&rsquo;une distance de 8 pieds, pour les spectacles ou les \u0153uvres musicales, instrumentales ou vocales, \u00e0 l&rsquo;int\u00e9rieur ou \u00e0 l&rsquo;ext\u00e9rieur d&rsquo;un b\u00e2timent, y compris ceux provenant d&rsquo;un appareil de reproduction sonore ou d&rsquo;un artiste en direct.<\/strong><\/p><p>Applicable \u00e0 tout moment<\/p><p><strong>Il est interdit de livrer des mat\u00e9riaux de construction ou des marchandises \u00e0 partir d&rsquo;un v\u00e9hicule au propri\u00e9taire ou au locataire d&rsquo;une propri\u00e9t\u00e9 aux heures suivantes :<\/strong><\/p><p>De 21h00 d&rsquo;un jour \u00e0 7h00 du lendemain.<\/p><p><strong>Il est interdit de charger ou de d\u00e9charger un v\u00e9hicule de transport aux heures suivantes :<\/strong><\/p><p>De 21h00 d&rsquo;un jour \u00e0 7h00 du lendemain.<\/p><p>Les r\u00e8glements sont appliqu\u00e9s par le service de la s\u00e9curit\u00e9 publique de Hampstead. La violation de ces r\u00e8glements peut entra\u00eener une amende. <strong>La premi\u00e8re infraction entra\u00eene une amende d&rsquo;au moins 150 $ (plus les frais). Les infractions subs\u00e9quentes entra\u00eenent des amendes d&rsquo;au moins 300 $ (plus les frais).<\/strong><\/p><p><strong>Toute personne morale qui enfreint ce r\u00e8glement est passible d&rsquo;une amende de 300 $ \u00e0 1 000 $ pour une premi\u00e8re infraction (plus les frais), et d&rsquo;une amende de 600 $\u00e0 2 000 $ pour chaque infraction ult\u00e9rieure.<\/strong><\/p><\/div>\n\t\t\t\t<\/div>\n\t\t\t\t\t\t\t<div class=\"elementor-toggle-item\">\n\t\t\t\t\t<div id=\"elementor-tab-title-2532\" class=\"elementor-tab-title\" data-tab=\"2\" role=\"button\" aria-controls=\"elementor-tab-content-2532\" aria-expanded=\"false\">\n\t\t\t\t\t\t\t\t\t\t\t\t<span class=\"elementor-toggle-icon elementor-toggle-icon-left\" aria-hidden=\"true\">\n\t\t\t\t\t\t\t\t\t\t\t\t\t\t\t<span class=\"elementor-toggle-icon-closed\"><i class=\"fas fa-caret-right\"><\/i><\/span>\n\t\t\t\t\t\t\t\t<span class=\"elementor-toggle-icon-opened\"><i class=\"elementor-toggle-icon-opened fas fa-caret-up\"><\/i><\/span>\n\t\t\t\t\t\t\t\t\t\t\t\t\t<\/span>\n\t\t\t\t\t\t\t\t\t\t\t\t<a class=\"elementor-toggle-title\" tabindex=\"0\">V\u00e9rification des maisons vacantes<\/a>\n\t\t\t\t\t<\/div>\n\n\t\t\t\t\t<div id=\"elementor-tab-content-2532\" class=\"elementor-tab-content elementor-clearfix\" data-tab=\"2\" role=\"region\" aria-labelledby=\"elementor-tab-title-2532\"><p>En plus de patrouiller le territoire de la Ville, les agents du service de la S\u00e9curit\u00e9 publique de Hampstead peuvent effectuer <strong>gratuitement <\/strong>un service de v\u00e9rification des maisons vacantes afin de vous procurer une tranquillit\u00e9 d&rsquo;esprit pendant votre absence. Appelez la S\u00e9curit\u00e9 publique avant de partir en vacances pour les aviser de votre absence et ils augmenteront la patrouille \u00e0 votre adresse pendant votre absence.\u00a0<\/p><p><strong>Demandez une v\u00e9rification de maison vacante sur votre tableau de bord <a href=\"http:\/\/my.hampstead.qc.ca\">mon.Hampstead<\/a>. Pour plus d&rsquo;informations, veuillez contacter la S\u00e9curit\u00e9 publique au 514-369-8250<\/strong><\/p><\/div>\n\t\t\t\t<\/div>\n\t\t\t\t\t\t\t<div class=\"elementor-toggle-item\">\n\t\t\t\t\t<div id=\"elementor-tab-title-2533\" class=\"elementor-tab-title\" data-tab=\"3\" role=\"button\" aria-controls=\"elementor-tab-content-2533\" aria-expanded=\"false\">\n\t\t\t\t\t\t\t\t\t\t\t\t<span class=\"elementor-toggle-icon elementor-toggle-icon-left\" aria-hidden=\"true\">\n\t\t\t\t\t\t\t\t\t\t\t\t\t\t\t<span class=\"elementor-toggle-icon-closed\"><i class=\"fas fa-caret-right\"><\/i><\/span>\n\t\t\t\t\t\t\t\t<span class=\"elementor-toggle-icon-opened\"><i class=\"elementor-toggle-icon-opened fas fa-caret-up\"><\/i><\/span>\n\t\t\t\t\t\t\t\t\t\t\t\t\t<\/span>\n\t\t\t\t\t\t\t\t\t\t\t\t<a class=\"elementor-toggle-title\" tabindex=\"0\">V\u00e9rification des si\u00e8ges de voiture<\/a>\n\t\t\t\t\t<\/div>\n\n\t\t\t\t\t<div id=\"elementor-tab-content-2533\" class=\"elementor-tab-content elementor-clearfix\" data-tab=\"3\" role=\"region\" aria-labelledby=\"elementor-tab-title-2533\"><p>Le Code de la s\u00e9curit\u00e9 routi\u00e8re impose que <strong>tout enfant mesurant moins de 63 cm soit correctement install\u00e9 dans un si\u00e8ge auto. <\/strong>Ce n&rsquo;est pas leur \u00e2ge, mais leur taille en position assise (du si\u00e8ge au sommet de la t\u00eate) qui d\u00e9termine la n\u00e9cessit\u00e9 d&rsquo;un si\u00e8ge d&rsquo;auto. Chaque si\u00e8ge vendu au Canada doit porter une \u00e9tiquette indiquant que le fabricant s&rsquo;est conform\u00e9 \u00e0 ces normes. Lisez toujours les instructions d&rsquo;installation fournies par le fabricant avant d&rsquo;utiliser un ensemble de retenue pour la premi\u00e8re fois.<\/p><p><strong>Service de v\u00e9rification des si\u00e8ges de voiture de Hampstead<\/strong><\/p><p>Le service de la S\u00e9curit\u00e9 publique de Hampstead offre un service gratuit de v\u00e9rification des si\u00e8ges d&rsquo;auto, sur demande, afin de s&rsquo;assurer que le si\u00e8ge est bien install\u00e9 et qu&rsquo;il r\u00e9pond \u00e0 toutes les exigences de s\u00e9curit\u00e9. Pour prendre rendez-vous, veuillez communiquer avec la S\u00e9curit\u00e9 publique au 514 369-8250 (r\u00e9partition 24 heures sur 24).<\/p><p>Pour plus d&rsquo;informations sur les si\u00e8ges auto :<\/p><p>S\u00e9curit\u00e9 en voiture -Transport Canada<\/p><p>R\u00e8glement sur la s\u00e9curit\u00e9 des v\u00e9hicules automobiles &#8211; Transports Canada<\/p><p>Si\u00e8ges d&rsquo;auto pour enfants<\/p><p>R\u00e9seau provincial de v\u00e9rification permanente<\/p><\/div>\n\t\t\t\t<\/div>\n\t\t\t\t\t\t\t<div class=\"elementor-toggle-item\">\n\t\t\t\t\t<div id=\"elementor-tab-title-2534\" class=\"elementor-tab-title\" data-tab=\"4\" role=\"button\" aria-controls=\"elementor-tab-content-2534\" aria-expanded=\"false\">\n\t\t\t\t\t\t\t\t\t\t\t\t<span class=\"elementor-toggle-icon elementor-toggle-icon-left\" aria-hidden=\"true\">\n\t\t\t\t\t\t\t\t\t\t\t\t\t\t\t<span class=\"elementor-toggle-icon-closed\"><i class=\"fas fa-caret-right\"><\/i><\/span>\n\t\t\t\t\t\t\t\t<span class=\"elementor-toggle-icon-opened\"><i class=\"elementor-toggle-icon-opened fas fa-caret-up\"><\/i><\/span>\n\t\t\t\t\t\t\t\t\t\t\t\t\t<\/span>\n\t\t\t\t\t\t\t\t\t\t\t\t<a class=\"elementor-toggle-title\" tabindex=\"0\">Syst\u00e8mes d'alarme domestiques et fausses alarmes<\/a>\n\t\t\t\t\t<\/div>\n\n\t\t\t\t\t<div id=\"elementor-tab-content-2534\" class=\"elementor-tab-content elementor-clearfix\" data-tab=\"4\" role=\"region\" aria-labelledby=\"elementor-tab-title-2534\"><p>Le service de s\u00e9curit\u00e9 publique de Hampstead offre un service de r\u00e9ponse aux alarmes de cambriolage. La S\u00e9curit\u00e9 publique exige que la soci\u00e9t\u00e9 de surveillance v\u00e9rifie les signaux d&rsquo;alarme avant qu&rsquo;une demande d&rsquo;envoi d&rsquo;un agent soit transmise \u00e0 notre service.<\/p><p>Apr\u00e8s v\u00e9rification, l&rsquo;appel sera transmis \u00e0 un agent de patrouille \u00e0 un niveau de priorit\u00e9 \u00e9lev\u00e9. La situation sera trait\u00e9e comme suit :<\/p><p>Si tout est en ordre, la soci\u00e9t\u00e9 de surveillance en sera inform\u00e9e.<\/p><p>Si un acte criminel est suspect\u00e9, le 9-1-1 sera appel\u00e9 pour intervenir et l&rsquo;agent de s\u00e9curit\u00e9 publique restera sur les lieux jusqu&rsquo;\u00e0 l&rsquo;arriv\u00e9e d&rsquo;une unit\u00e9 de police.<\/p><p>\u00a0<\/p><p><strong>Politique en mati\u00e8re de fausses alarmes<\/strong><\/p><p>Une \u00ab\u00a0fausse alarme\u00a0\u00bb est une alarme caus\u00e9e par une erreur humaine ou des probl\u00e8mes d&rsquo;\u00e9quipement qui n\u00e9cessitent une intervention de la s\u00e9curit\u00e9 publique sans preuve d&rsquo;infraction ou de tentative d&rsquo;infraction p\u00e9nale.<\/p><p><strong>Amendes pour fausses alarmes<\/strong><\/p><p>En raison d&rsquo;un nombre croissant de fausses alarmes, la Ville a adopt\u00e9 un r\u00e8glement concernant les alarmes de s\u00e9curit\u00e9 \u00e0 domicile. Veuillez vous assurer que votre syst\u00e8me de s\u00e9curit\u00e9 est correctement calibr\u00e9 afin d&rsquo;\u00e9viter les fausses alarmes.<\/p><p>Les amendes croissantes suivantes seront impos\u00e9es aux propri\u00e9taires si les fausses alarmes sont activ\u00e9es plus d&rsquo;une fois au cours du calendrier;<\/p><p>1\u00e8re fausse alerte :\u00a0 Pas d&rsquo;amende<\/p><p>2e fausse alarme : 50 $.<\/p><p>3e fausse alarme : 75 $.<\/p><p>Toute fausse alarme subs\u00e9quente : 100 $.<\/p><p>Pour de plus amples renseignements, veuillez communiquer avec la S\u00e9curit\u00e9 publique au 514 369-8250 (r\u00e9partition 24 heures sur 24). <\/p><\/div>\n\t\t\t\t<\/div>\n\t\t\t\t\t\t\t\t<\/div>\n\t\t\t\t\t\t<\/div>\n\t\t\t\t<\/div>\n\t\t\t\t\t<\/div>\n\t\t<\/div>\n\t\t\t\t<div class=\"elementor-column elementor-col-50 elementor-inner-column elementor-element elementor-element-1004da67\" data-id=\"1004da67\" data-element_type=\"column\" data-e-type=\"column\">\n\t\t\t<div class=\"elementor-widget-wrap elementor-element-populated\">\n\t\t\t\t\t\t<div class=\"elementor-element elementor-element-747d4f78 elementor-widget elementor-widget-heading\" data-id=\"747d4f78\" data-element_type=\"widget\" data-e-type=\"widget\" data-widget_type=\"heading.default\">\n\t\t\t\t<div class=\"elementor-widget-container\">\n\t\t\t\t\t<h4 class=\"elementor-heading-title elementor-size-default\">Cette page r\u00e9pond-elle \u00e0 vos besoins ?<\/h4>\t\t\t\t<\/div>\n\t\t\t\t<\/div>\n\t\t\t\t<div class=\"elementor-element elementor-element-6220e6db elementor-button-align-start elementor-widget elementor-widget-form\" data-id=\"6220e6db\" data-element_type=\"widget\" data-e-type=\"widget\" data-settings=\"{&quot;button_width&quot;:&quot;40&quot;,&quot;step_next_label&quot;:&quot;Next&quot;,&quot;step_previous_label&quot;:&quot;Previous&quot;,&quot;step_type&quot;:&quot;number_text&quot;,&quot;step_icon_shape&quot;:&quot;circle&quot;}\" data-widget_type=\"form.default\">\n\t\t\t\t<div class=\"elementor-widget-container\">\n\t\t\t\t\t\t\t<form class=\"elementor-form\" method=\"post\" name=\"New Form\" aria-label=\"New Form\">\n\t\t\t<input type=\"hidden\" name=\"post_id\" value=\"254\"\/>\n\t\t\t<input type=\"hidden\" name=\"form_id\" value=\"6220e6db\"\/>\n\t\t\t<input type=\"hidden\" name=\"referer_title\" value=\"Services  - Hampstead\" \/>\n\n\t\t\t\t\t\t\t<input type=\"hidden\" name=\"queried_id\" value=\"254\"\/>\n\t\t\t\n\t\t\t<div class=\"elementor-form-fields-wrapper elementor-labels-above\">\n\t\t\t\t\t\t\t\t<div class=\"elementor-field-type-radio elementor-field-group elementor-column elementor-field-group-satisfaction_radio elementor-col-100 elementor-field-required\">\n\t\t\t\t\t\t\t\t\t\t\t\t<label for=\"form-field-satisfaction_radio\" class=\"elementor-field-label\">\n\t\t\t\t\t\t\t\t<div style=\"color:#888\">Aidez nous \u00e0 optimiser notre site.<\/div>\t\t\t\t\t\t\t<\/label>\n\t\t\t\t\t\t<div class=\"elementor-field-subgroup  \"><span class=\"elementor-field-option\"><input type=\"radio\" value=\"oui\" id=\"form-field-satisfaction_radio-0\" name=\"form_fields[satisfaction_radio]\" required=\"required\"> <label for=\"form-field-satisfaction_radio-0\">Oui<\/label><\/span><span class=\"elementor-field-option\"><input type=\"radio\" value=\"non\" id=\"form-field-satisfaction_radio-1\" name=\"form_fields[satisfaction_radio]\" required=\"required\"> <label for=\"form-field-satisfaction_radio-1\">Non<\/label><\/span><\/div>\t\t\t\t<\/div>\n\t\t\t\t\t\t\t\t<div class=\"elementor-field-type-textarea elementor-field-group elementor-column elementor-field-group-message elementor-col-100\">\n\t\t\t\t\t<textarea class=\"elementor-field-textual elementor-field  elementor-size-sm\" name=\"form_fields[message]\" id=\"form-field-message\" rows=\"4\" placeholder=\"Expliquez\"><\/textarea>\t\t\t\t<\/div>\n\t\t\t\t\t\t\t\t<div class=\"elementor-field-group elementor-column elementor-field-type-submit elementor-col-40 e-form__buttons\">\n\t\t\t\t\t<button class=\"elementor-button elementor-size-sm\" type=\"submit\">\n\t\t\t\t\t\t<span class=\"elementor-button-content-wrapper\">\n\t\t\t\t\t\t\t\t\t\t\t\t\t\t\t\t\t\t\t\t\t\t<span class=\"elementor-button-text\">Envoyer<\/span>\n\t\t\t\t\t\t\t\t\t\t\t\t\t<\/span>\n\t\t\t\t\t<\/button>\n\t\t\t\t<\/div>\n\t\t\t<\/div>\n\t\t<\/form>\n\t\t\t\t\t\t<\/div>\n\t\t\t\t<\/div>\n\t\t\t\t\t<\/div>\n\t\t<\/div>\n\t\t\t\t\t<\/div>\n\t\t<\/section>\n\t\t\t\t<\/div>\n\t\t","protected":false},"excerpt":{"rendered":"<p>Bruit excessif Le fait de faire, de causer, de produire ou de permettre un bruit excessif qui perturbe la tranquillit\u00e9, la paix, le repos, la jouissance ou le confort du voisinage est consid\u00e9r\u00e9 comme une nuisance dans la Ville de Hampstead, selon le R\u00e8glement 795 sur les nuisances (et ses modifications). Certaines des dispositions du pr\u00e9sent r\u00e8glement sont \u00e9num\u00e9r\u00e9es ci-dessous. \u00a0\u00a0\u00a0\u00a0\u00a0\u00a0\u00a0\u00a0\u00a0\u00a0\u00a0 Heures de restriction du bruit Il est interdit d&rsquo;entreprendre des travaux de construction, de quelque nature que ce soit, ayant pour effet d&rsquo;\u00e9mettre du bruit \u00e0 l&rsquo;ext\u00e9rieur aux heures suivantes : Avant 7h00 et apr\u00e8s 19h00, du lundi au<\/p>\n","protected":false},"author":1,"featured_media":0,"parent":0,"menu_order":0,"comment_status":"closed","ping_status":"closed","template":"","meta":{"_acf_changed":false,"footnotes":""},"class_list":["post-254","page","type-page","status-publish","hentry"],"acf":[],"_links":{"self":[{"href":"https:\/\/www.hampstead.qc.ca\/en\/wp-json\/wp\/v2\/pages\/254","targetHints":{"allow":["GET"]}}],"collection":[{"href":"https:\/\/www.hampstead.qc.ca\/en\/wp-json\/wp\/v2\/pages"}],"about":[{"href":"https:\/\/www.hampstead.qc.ca\/en\/wp-json\/wp\/v2\/types\/page"}],"author":[{"embeddable":true,"href":"https:\/\/www.hampstead.qc.ca\/en\/wp-json\/wp\/v2\/users\/1"}],"replies":[{"embeddable":true,"href":"https:\/\/www.hampstead.qc.ca\/en\/wp-json\/wp\/v2\/comments?post=254"}],"version-history":[{"count":0,"href":"https:\/\/www.hampstead.qc.ca\/en\/wp-json\/wp\/v2\/pages\/254\/revisions"}],"wp:attachment":[{"href":"https:\/\/www.hampstead.qc.ca\/en\/wp-json\/wp\/v2\/media?parent=254"}],"curies":[{"name":"wp","href":"https:\/\/api.w.org\/{rel}","templated":true}]}}