{"id":47322,"date":"2024-10-02T13:22:32","date_gmt":"2024-10-02T17:22:32","guid":{"rendered":"https:\/\/www.hampstead.qc.ca\/?page_id=47322"},"modified":"2026-04-14T13:26:36","modified_gmt":"2026-04-14T17:26:36","slug":"fire-prevention","status":"publish","type":"page","link":"https:\/\/www.hampstead.qc.ca\/en\/services\/public-security-2\/fire-prevention\/","title":{"rendered":"Fire Prevention"},"content":{"rendered":"\t\t<div data-elementor-type=\"wp-page\" data-elementor-id=\"47322\" class=\"elementor elementor-47322 elementor-47300\" data-elementor-post-type=\"page\">\n\t\t\t\t\t\t<section class=\"elementor-section elementor-top-section elementor-element elementor-element-b0e557d elementor-section-boxed elementor-section-height-default elementor-section-height-default\" data-id=\"b0e557d\" data-element_type=\"section\" data-e-type=\"section\">\n\t\t\t\t\t\t<div class=\"elementor-container elementor-column-gap-default\">\n\t\t\t\t\t<div class=\"elementor-column elementor-col-100 elementor-top-column elementor-element elementor-element-54f08a4\" data-id=\"54f08a4\" data-element_type=\"column\" data-e-type=\"column\">\n\t\t\t<div class=\"elementor-widget-wrap elementor-element-populated\">\n\t\t\t\t\t\t<div class=\"elementor-element elementor-element-705e833 elementor-widget elementor-widget-text-editor\" data-id=\"705e833\" data-element_type=\"widget\" data-e-type=\"widget\" data-widget_type=\"text-editor.default\">\n\t\t\t\t\t\t\t\t\t<h2>Reducing risks and protecting your home<\/h2><h5>Fire prevention relies on safe practices, proper maintenance of residential systems and ongoing awareness of potential ignition sources.<\/h5><h5>The Town of Hampstead encourages residents to adopt preventative measures to reduce fire risks and protect occupants, properties and neighbouring homes.<\/h5><h5>Most residential fires are preventable and are often caused by kitchen distractions, defective appliances or improper maintenance of electrical and heating systems.<\/h5>\t\t\t\t\t\t\t\t<\/div>\n\t\t\t\t<div class=\"elementor-element elementor-element-a1d21bb elementor-widget elementor-widget-social_share\" data-id=\"a1d21bb\" data-element_type=\"widget\" data-e-type=\"widget\" data-widget_type=\"social_share.default\">\n\t\t\t\t<div class=\"elementor-widget-container\">\n\t\t\t\t\t        <div class=\"share-module\">\n            <span>Share<\/span>\n                            <a href=\"#\" data-network=\"facebook\">\n                    <i class=\"fa-brands fa-facebook\"><\/i>\n                <\/a>\n                                        <a href=\"#\" data-network=\"linkedin\">\n                    <i class=\"fa-brands fa-linkedin\"><\/i>\n                <\/a>\n                                        <a href=\"#\" data-network=\"email\">\n                    <i class=\"fas fa-envelope\"><\/i>\n                <\/a>\n                    <\/div>\n\n        <script type=\"text\/javascript\">\n            document.querySelectorAll('.share-module a').forEach(link => {\n                link.addEventListener('click', function (e) {\n                    e.preventDefault();\n\n                    const url = encodeURIComponent(window.location.href);\n                    const title = encodeURIComponent(document.title);\n\n                    let shareUrl = '';\n\n                    switch (this.dataset.network) {\n                        case 'facebook':\n                            shareUrl = `https:\/\/www.facebook.com\/sharer\/sharer.php?u=${url}`;\n                            break;\n\n                        case 'twitter':\n                            shareUrl = `https:\/\/twitter.com\/intent\/tweet?url=${url}&text=${title}`;\n                            break;\n\n                        case 'linkedin':\n                            shareUrl = `https:\/\/www.linkedin.com\/sharing\/share-offsite\/?url=${url}`;\n                            break;\n\n                        case 'email':\n                            shareUrl = `mailto:?subject=${title}&body=${url}`;\n                            const mailLink = document.createElement(\"a\");\n                            mailLink.href = shareUrl;\n                            mailLink.click(); \/\/ Triggers the system mail client\n                            break;\n                    }\n\n                    if (shareUrl.indexOf('http') === 0) {\n                        window.open(shareUrl, '_blank', 'width=600,height=400');\n                    }\n                });\n            });\n        <\/script>\n        \t\t\t\t<\/div>\n\t\t\t\t<\/div>\n\t\t\t\t<div class=\"elementor-element elementor-element-3a68a9a elementor-widget elementor-widget-box_content\" data-id=\"3a68a9a\" data-element_type=\"widget\" data-e-type=\"widget\" data-widget_type=\"box_content.default\">\n\t\t\t\t<div class=\"elementor-widget-container\">\n\t\t\t\t\t        <div class=\"box-content\">\n            <div class=\"row align-items-center\">\n                                <div class=\"col\">\n                    <h4>Fire Prevention Week<\/h4>\n                    <div class=\"box-content-description\">\n                        <p>Fire Prevention Week (Semaine de la pr\u00e9vention des incendies) is an initiative of the minist\u00e8re de la S\u00e9curit\u00e9 publique du Qu\u00e9bec (MSP).<\/p><p>This annual campaign promotes safe behaviours and awareness within the home.<\/p>                    <\/div>\n                <\/div>\n            <\/div>\n        <\/div>\n    \t\t\t\t<\/div>\n\t\t\t\t<\/div>\n\t\t\t\t<div class=\"elementor-element elementor-element-7e78e1f elementor-widget elementor-widget-spacer\" data-id=\"7e78e1f\" data-element_type=\"widget\" data-e-type=\"widget\" data-widget_type=\"spacer.default\">\n\t\t\t\t\t\t\t<div class=\"elementor-spacer\">\n\t\t\t<div class=\"elementor-spacer-inner\"><\/div>\n\t\t<\/div>\n\t\t\t\t\t\t<\/div>\n\t\t\t\t<div class=\"elementor-element elementor-element-48d6dcd elementor-widget elementor-widget-n-accordion\" data-id=\"48d6dcd\" data-element_type=\"widget\" data-e-type=\"widget\" data-settings=\"{&quot;default_state&quot;:&quot;expanded&quot;,&quot;max_items_expended&quot;:&quot;one&quot;,&quot;n_accordion_animation_duration&quot;:{&quot;unit&quot;:&quot;ms&quot;,&quot;size&quot;:400,&quot;sizes&quot;:[]}}\" data-widget_type=\"nested-accordion.default\">\n\t\t\t\t\t\t\t<div class=\"e-n-accordion\" aria-label=\"Accordion. Open links with Enter or Space, close with Escape, and navigate with Arrow Keys\">\n\t\t\t\t\t\t<details id=\"e-n-accordion-item-7630\" class=\"e-n-accordion-item\" open>\n\t\t\t\t<summary class=\"e-n-accordion-item-title\" data-accordion-index=\"1\" tabindex=\"0\" aria-expanded=\"true\" aria-controls=\"e-n-accordion-item-7630\" >\n\t\t\t\t\t<span class='e-n-accordion-item-title-header'><h5 class=\"e-n-accordion-item-title-text\"> Campaign (French only) <\/h5><\/span>\n\t\t\t\t\t\t\t<span class='e-n-accordion-item-title-icon'>\n\t\t\t<span class='e-opened' ><svg aria-hidden=\"true\" class=\"e-font-icon-svg e-fas-chevron-down\" viewBox=\"0 0 448 512\" xmlns=\"http:\/\/www.w3.org\/2000\/svg\"><path d=\"M207.029 381.476L12.686 187.132c-9.373-9.373-9.373-24.569 0-33.941l22.667-22.667c9.357-9.357 24.522-9.375 33.901-.04L224 284.505l154.745-154.021c9.379-9.335 24.544-9.317 33.901.04l22.667 22.667c9.373 9.373 9.373 24.569 0 33.941L240.971 381.476c-9.373 9.372-24.569 9.372-33.942 0z\"><\/path><\/svg><\/span>\n\t\t\t<span class='e-closed'><svg aria-hidden=\"true\" class=\"e-font-icon-svg e-fas-chevron-right\" viewBox=\"0 0 320 512\" xmlns=\"http:\/\/www.w3.org\/2000\/svg\"><path d=\"M285.476 272.971L91.132 467.314c-9.373 9.373-24.569 9.373-33.941 0l-22.667-22.667c-9.357-9.357-9.375-24.522-.04-33.901L188.505 256 34.484 101.255c-9.335-9.379-9.317-24.544.04-33.901l22.667-22.667c9.373-9.373 24.569-9.373 33.941 0L285.475 239.03c9.373 9.372 9.373 24.568.001 33.941z\"><\/path><\/svg><\/span>\n\t\t<\/span>\n\n\t\t\t\t\t\t<\/summary>\n\t\t\t\t<div role=\"region\" aria-labelledby=\"e-n-accordion-item-7630\" class=\"elementor-element elementor-element-e958c32 e-con-full e-flex e-con e-child\" data-id=\"e958c32\" data-element_type=\"container\" data-e-type=\"container\">\n\t\t\t\t<div class=\"elementor-element elementor-element-5c2a087 elementor-widget elementor-widget-text-editor\" data-id=\"5c2a087\" data-element_type=\"widget\" data-e-type=\"widget\" data-widget_type=\"text-editor.default\">\n\t\t\t\t\t\t\t\t\t<p><img fetchpriority=\"high\" decoding=\"async\" class=\"alignnone wp-image-47310 size-large\" src=\"https:\/\/www.hampstead.qc.ca\/wp-content\/uploads\/2024\/10\/SI_SPI_Bandeau_infolettre_2024-08_1_-1024x256.png\" alt=\"\" width=\"1024\" height=\"256\" \/><\/p><p>Consulter ici pour voir les deux affiches de leur campagne sur les 10 conseils pour pr\u00e9venir les incendies et les principales distractions \u00e0 \u00e9viter dans la cuisine:<\/p><p><a href=\"https:\/\/www.hampstead.qc.ca\/wp-content\/uploads\/2024\/10\/SI_SPI_Affiche_10_conseils_8_5x11_2024-08.pdf\">10_conseils<\/a><br \/><a href=\"https:\/\/www.hampstead.qc.ca\/wp-content\/uploads\/2024\/10\/SI_SPI_affiche_distractions_cuisine_8_5x11_2024-08.pdf\">distractions_cuisine<\/a><\/p>\t\t\t\t\t\t\t\t<\/div>\n\t\t\t\t<\/div>\n\t\t\t\t\t<\/details>\n\t\t\t\t\t\t<details id=\"e-n-accordion-item-7631\" class=\"e-n-accordion-item\" >\n\t\t\t\t<summary class=\"e-n-accordion-item-title\" data-accordion-index=\"2\" tabindex=\"-1\" aria-expanded=\"false\" aria-controls=\"e-n-accordion-item-7631\" >\n\t\t\t\t\t<span class='e-n-accordion-item-title-header'><h5 class=\"e-n-accordion-item-title-text\"> The Town of Hampstead self-inspection guide <\/h5><\/span>\n\t\t\t\t\t\t\t<span class='e-n-accordion-item-title-icon'>\n\t\t\t<span class='e-opened' ><svg aria-hidden=\"true\" class=\"e-font-icon-svg e-fas-chevron-down\" viewBox=\"0 0 448 512\" xmlns=\"http:\/\/www.w3.org\/2000\/svg\"><path d=\"M207.029 381.476L12.686 187.132c-9.373-9.373-9.373-24.569 0-33.941l22.667-22.667c9.357-9.357 24.522-9.375 33.901-.04L224 284.505l154.745-154.021c9.379-9.335 24.544-9.317 33.901.04l22.667 22.667c9.373 9.373 9.373 24.569 0 33.941L240.971 381.476c-9.373 9.372-24.569 9.372-33.942 0z\"><\/path><\/svg><\/span>\n\t\t\t<span class='e-closed'><svg aria-hidden=\"true\" class=\"e-font-icon-svg e-fas-chevron-right\" viewBox=\"0 0 320 512\" xmlns=\"http:\/\/www.w3.org\/2000\/svg\"><path d=\"M285.476 272.971L91.132 467.314c-9.373 9.373-24.569 9.373-33.941 0l-22.667-22.667c-9.357-9.357-9.375-24.522-.04-33.901L188.505 256 34.484 101.255c-9.335-9.379-9.317-24.544.04-33.901l22.667-22.667c9.373-9.373 24.569-9.373 33.941 0L285.475 239.03c9.373 9.372 9.373 24.568.001 33.941z\"><\/path><\/svg><\/span>\n\t\t<\/span>\n\n\t\t\t\t\t\t<\/summary>\n\t\t\t\t<div role=\"region\" aria-labelledby=\"e-n-accordion-item-7631\" class=\"elementor-element elementor-element-8831df3 e-con-full e-flex e-con e-child\" data-id=\"8831df3\" data-element_type=\"container\" data-e-type=\"container\">\n\t\t\t\t<div class=\"elementor-element elementor-element-588ba64 elementor-widget elementor-widget-text-editor\" data-id=\"588ba64\" data-element_type=\"widget\" data-e-type=\"widget\" data-widget_type=\"text-editor.default\">\n\t\t\t\t\t\t\t\t\t<p><img decoding=\"async\" class=\"alignnone size-large wp-image-61279 lazyload\" data-src=\"https:\/\/www.hampstead.qc.ca\/wp-content\/uploads\/2026\/04\/fire-prevention-791x1024.png\" alt=\"\" width=\"791\" height=\"1024\" data-srcset=\"https:\/\/www.hampstead.qc.ca\/wp-content\/uploads\/2026\/04\/fire-prevention-791x1024.png 791w, https:\/\/www.hampstead.qc.ca\/wp-content\/uploads\/2026\/04\/fire-prevention-232x300.png 232w, https:\/\/www.hampstead.qc.ca\/wp-content\/uploads\/2026\/04\/fire-prevention-768x994.png 768w, https:\/\/www.hampstead.qc.ca\/wp-content\/uploads\/2026\/04\/fire-prevention.png 936w\" data-sizes=\"(max-width: 791px) 100vw, 791px\" src=\"data:image\/svg+xml;base64,PHN2ZyB3aWR0aD0iMSIgaGVpZ2h0PSIxIiB4bWxucz0iaHR0cDovL3d3dy53My5vcmcvMjAwMC9zdmciPjwvc3ZnPg==\" style=\"--smush-placeholder-width: 791px; --smush-placeholder-aspect-ratio: 791\/1024;\" \/><\/p>\t\t\t\t\t\t\t\t<\/div>\n\t\t\t\t<\/div>\n\t\t\t\t\t<\/details>\n\t\t\t\t\t\t<details id=\"e-n-accordion-item-7632\" class=\"e-n-accordion-item\" >\n\t\t\t\t<summary class=\"e-n-accordion-item-title\" data-accordion-index=\"3\" tabindex=\"-1\" aria-expanded=\"false\" aria-controls=\"e-n-accordion-item-7632\" >\n\t\t\t\t\t<span class='e-n-accordion-item-title-header'><h5 class=\"e-n-accordion-item-title-text\"> Available resources <\/h5><\/span>\n\t\t\t\t\t\t\t<span class='e-n-accordion-item-title-icon'>\n\t\t\t<span class='e-opened' ><svg aria-hidden=\"true\" class=\"e-font-icon-svg e-fas-chevron-down\" viewBox=\"0 0 448 512\" xmlns=\"http:\/\/www.w3.org\/2000\/svg\"><path d=\"M207.029 381.476L12.686 187.132c-9.373-9.373-9.373-24.569 0-33.941l22.667-22.667c9.357-9.357 24.522-9.375 33.901-.04L224 284.505l154.745-154.021c9.379-9.335 24.544-9.317 33.901.04l22.667 22.667c9.373 9.373 9.373 24.569 0 33.941L240.971 381.476c-9.373 9.372-24.569 9.372-33.942 0z\"><\/path><\/svg><\/span>\n\t\t\t<span class='e-closed'><svg aria-hidden=\"true\" class=\"e-font-icon-svg e-fas-chevron-right\" viewBox=\"0 0 320 512\" xmlns=\"http:\/\/www.w3.org\/2000\/svg\"><path d=\"M285.476 272.971L91.132 467.314c-9.373 9.373-24.569 9.373-33.941 0l-22.667-22.667c-9.357-9.357-9.375-24.522-.04-33.901L188.505 256 34.484 101.255c-9.335-9.379-9.317-24.544.04-33.901l22.667-22.667c9.373-9.373 24.569-9.373 33.941 0L285.475 239.03c9.373 9.372 9.373 24.568.001 33.941z\"><\/path><\/svg><\/span>\n\t\t<\/span>\n\n\t\t\t\t\t\t<\/summary>\n\t\t\t\t<div role=\"region\" aria-labelledby=\"e-n-accordion-item-7632\" class=\"elementor-element elementor-element-0292d59 e-con-full e-flex e-con e-child\" data-id=\"0292d59\" data-element_type=\"container\" data-e-type=\"container\">\n\t\t\t\t<div class=\"elementor-element elementor-element-0349294 elementor-widget elementor-widget-text-editor\" data-id=\"0349294\" data-element_type=\"widget\" data-e-type=\"widget\" data-widget_type=\"text-editor.default\">\n\t\t\t\t\t\t\t\t\t<p><strong>Official Web page of la Semaine de la pr\u00e9vention incendie (French only):<\/strong>\u00a0<a href=\"https:\/\/can01.safelinks.protection.outlook.com\/?url=https%3A%2F%2Fwww.quebec.ca%2Fsecurite-situations-urgence%2Fsecurite-incendie%2Fcampagne-securite-incendie&amp;data=05%7C02%7Cselongtin%40hampstead.qc.ca%7C8442387fd2134617d0c508dce2f5ca37%7Ca3e92d56d0ba4bb1a19d9e0bb8e2fda9%7C0%7C0%7C638634792523305073%7CUnknown%7CTWFpbGZsb3d8eyJWIjoiMC4wLjAwMDAiLCJQIjoiV2luMzIiLCJBTiI6Ik1haWwiLCJXVCI6Mn0%3D%7C0%7C%7C%7C&amp;sdata=VtpwD064zGou6rtCDRi7bRuVwCrWVBJ1jgCSqtO0VTg%3D&amp;reserved=0\">Semaine de la pr\u00e9vention des incendies | Gouvernement du Qu\u00e9bec (quebec.ca)<\/a><\/p><p><strong>Web page with prevention tips:\u00a0<\/strong><a href=\"https:\/\/www.quebec.ca\/en\/public-safety-emergencies\/fire-safety\/fire-prevention\">Fire prevention | Qu\u00e9bec Government (quebec.ca)<\/a><\/p><p><strong>Web page of Service de s\u00e9curit\u00e9 incendie de Montr\u00e9al:\u00a0<\/strong><a href=\"https:\/\/sim.montreal.ca\/en\/prevention-tips\">Prevention tips (SIM)<\/a><\/p>\t\t\t\t\t\t\t\t<\/div>\n\t\t\t\t<\/div>\n\t\t\t\t\t<\/details>\n\t\t\t\t\t<\/div>\n\t\t\t\t\t\t<\/div>\n\t\t\t\t\t<\/div>\n\t\t<\/div>\n\t\t\t\t\t<\/div>\n\t\t<\/section>\n\t\t<div class=\"elementor-element elementor-element-62a59275 e-flex e-con-boxed e-con e-parent\" data-id=\"62a59275\" data-element_type=\"container\" data-e-type=\"container\">\n\t\t\t\t\t<div class=\"e-con-inner\">\n\t\t\t\t<div class=\"elementor-element elementor-element-6543c18 elementor-widget elementor-widget-spacer\" data-id=\"6543c18\" data-element_type=\"widget\" data-e-type=\"widget\" data-widget_type=\"spacer.default\">\n\t\t\t\t\t\t\t<div class=\"elementor-spacer\">\n\t\t\t<div class=\"elementor-spacer-inner\"><\/div>\n\t\t<\/div>\n\t\t\t\t\t\t<\/div>\n\t\t\t\t<div class=\"elementor-element elementor-element-51598303 elementor-widget elementor-widget-heading\" data-id=\"51598303\" data-element_type=\"widget\" data-e-type=\"widget\" data-widget_type=\"heading.default\">\n\t\t\t\t\t<h3 class=\"elementor-heading-title elementor-size-default\">These pages might interest you<\/h3>\t\t\t\t<\/div>\n\t\t\t\t<div class=\"elementor-element elementor-element-7fa39434 elementor-widget elementor-widget-related_post\" data-id=\"7fa39434\" data-element_type=\"widget\" data-e-type=\"widget\" data-widget_type=\"related_post.default\">\n\t\t\t\t<div class=\"elementor-widget-container\">\n\t\t\t\t\t<div class=\"row narrower related-posts-container\"><div class=\"col-lg-4 col-md-6\"><a href=\"https:\/\/www.hampstead.qc.ca\/en\/services\/public-security-2\/\" class=\"related-post-item\"><div class=\"related-post-item-image\"><img decoding=\"async\" data-src=\"https:\/\/www.hampstead.qc.ca\/wp-content\/uploads\/2022\/08\/PS-auto-300x144.jpg\" alt=\"Public Security\" src=\"data:image\/svg+xml;base64,PHN2ZyB3aWR0aD0iMSIgaGVpZ2h0PSIxIiB4bWxucz0iaHR0cDovL3d3dy53My5vcmcvMjAwMC9zdmciPjwvc3ZnPg==\" class=\"lazyload\" style=\"--smush-placeholder-width: 300px; --smush-placeholder-aspect-ratio: 300\/144;\"><\/div><div class=\"related-post-item-content\"><h5>Public Security<\/h5><div class=\"related-post-item-description\">Protection, prevention and By-law enforcement The Public Security Department plays a central role in maintaining...<\/div><\/div><\/a><\/div><div class=\"col-lg-4 col-md-6\"><a href=\"https:\/\/www.hampstead.qc.ca\/en\/town\/your-rights-as-a-tenant\/\" class=\"related-post-item\"><div class=\"related-post-item-image\"><\/div><div class=\"related-post-item-content\"><h5>Your rights as a tenant<\/h5><div class=\"related-post-item-description\">Legal protections, responsibilities, and helpful resources This page is intended to provide tenants with general...<\/div><\/div><\/a><\/div><div class=\"col-lg-4 col-md-6\"><a href=\"https:\/\/www.hampstead.qc.ca\/en\/services\/public-security-2\/excessive-noise-and-other-nuisances\/\" class=\"related-post-item\"><div class=\"related-post-item-image\"><img decoding=\"async\" data-src=\"https:\/\/www.hampstead.qc.ca\/wp-content\/uploads\/2026\/03\/AdobeStock_1820381219-MOD-300x169.jpg\" alt=\"Excessive Noise and Other Nuisances\" src=\"data:image\/svg+xml;base64,PHN2ZyB3aWR0aD0iMSIgaGVpZ2h0PSIxIiB4bWxucz0iaHR0cDovL3d3dy53My5vcmcvMjAwMC9zdmciPjwvc3ZnPg==\" class=\"lazyload\" style=\"--smush-placeholder-width: 300px; --smush-placeholder-aspect-ratio: 300\/169;\"><\/div><div class=\"related-post-item-content\"><h5>Excessive Noise and Other Nuisances<\/h5><div class=\"related-post-item-description\">Preserving peace and quality of life The Town of Hampstead recognizes that quality of life...<\/div><\/div><\/a><\/div><\/div>\t\t\t\t<\/div>\n\t\t\t\t<\/div>\n\t\t\t\t\t<\/div>\n\t\t\t\t<\/div>\n\t\t\t\t<\/div>\n\t\t","protected":false},"excerpt":{"rendered":"<p>Reducing risks and protecting your home Fire prevention relies on safe practices, proper maintenance of residential systems and ongoing awareness of potential ignition sources. The Town of Hampstead encourages residents to adopt preventative measures to reduce fire risks and protect occupants, properties and neighbouring homes. Most residential fires are preventable and are often caused by kitchen distractions, defective appliances or improper maintenance of electrical and heating systems. Partager Fire Prevention Week Fire Prevention Week (Semaine de la pr\u00e9vention des incendies) is an initiative of the minist\u00e8re de la S\u00e9curit\u00e9 publique du Qu\u00e9bec (MSP). This annual campaign promotes safe behaviours and<\/p>\n","protected":false},"author":6,"featured_media":59819,"parent":1238,"menu_order":0,"comment_status":"closed","ping_status":"closed","template":"","meta":{"_acf_changed":false,"footnotes":""},"class_list":["post-47322","page","type-page","status-publish","has-post-thumbnail","hentry"],"acf":[],"_links":{"self":[{"href":"https:\/\/www.hampstead.qc.ca\/en\/wp-json\/wp\/v2\/pages\/47322","targetHints":{"allow":["GET"]}}],"collection":[{"href":"https:\/\/www.hampstead.qc.ca\/en\/wp-json\/wp\/v2\/pages"}],"about":[{"href":"https:\/\/www.hampstead.qc.ca\/en\/wp-json\/wp\/v2\/types\/page"}],"author":[{"embeddable":true,"href":"https:\/\/www.hampstead.qc.ca\/en\/wp-json\/wp\/v2\/users\/6"}],"replies":[{"embeddable":true,"href":"https:\/\/www.hampstead.qc.ca\/en\/wp-json\/wp\/v2\/comments?post=47322"}],"version-history":[{"count":6,"href":"https:\/\/www.hampstead.qc.ca\/en\/wp-json\/wp\/v2\/pages\/47322\/revisions"}],"predecessor-version":[{"id":61282,"href":"https:\/\/www.hampstead.qc.ca\/en\/wp-json\/wp\/v2\/pages\/47322\/revisions\/61282"}],"up":[{"embeddable":true,"href":"https:\/\/www.hampstead.qc.ca\/en\/wp-json\/wp\/v2\/pages\/1238"}],"wp:featuredmedia":[{"embeddable":true,"href":"https:\/\/www.hampstead.qc.ca\/en\/wp-json\/wp\/v2\/media\/59819"}],"wp:attachment":[{"href":"https:\/\/www.hampstead.qc.ca\/en\/wp-json\/wp\/v2\/media?parent=47322"}],"curies":[{"name":"wp","href":"https:\/\/api.w.org\/{rel}","templated":true}]}}