{"id":60961,"date":"2023-02-22T17:20:46","date_gmt":"2023-02-22T22:20:46","guid":{"rendered":"https:\/\/refonte.hampstead.penega.dev\/?page_id=60961"},"modified":"2026-04-28T10:36:09","modified_gmt":"2026-04-28T14:36:09","slug":"facility-conditions","status":"publish","type":"page","link":"https:\/\/www.hampstead.qc.ca\/en\/recreation\/facility-conditions\/","title":{"rendered":"Facility Conditions"},"content":{"rendered":"\t\t<div data-elementor-type=\"wp-page\" data-elementor-id=\"60961\" class=\"elementor elementor-60961 elementor-26583\" data-elementor-post-type=\"page\">\n\t\t\t\t<div class=\"elementor-element elementor-element-ab89126 e-flex e-con-boxed e-con e-parent\" data-id=\"ab89126\" data-element_type=\"container\" data-e-type=\"container\">\n\t\t\t\t\t<div class=\"e-con-inner\">\n\t\t\t\t<div class=\"elementor-element elementor-element-e9c3b4d elementor-widget elementor-widget-heading\" data-id=\"e9c3b4d\" data-element_type=\"widget\" data-e-type=\"widget\" data-widget_type=\"heading.default\">\n\t\t\t\t\t<h2 class=\"elementor-heading-title elementor-size-default\">Status of parks, sports fields and recreational facilities<\/h2>\t\t\t\t<\/div>\n\t\t\t\t<div class=\"elementor-element elementor-element-88fd306 elementor-widget elementor-widget-text-editor\" data-id=\"88fd306\" data-element_type=\"widget\" data-e-type=\"widget\" data-widget_type=\"text-editor.default\">\n\t\t\t\t\t\t\t\t\t<h5>The Town of Hampstead provides numerous parks, sports fields and recreational facilities for residents.<\/h5><h5>This page offers <strong>real-time facility status updates<\/strong> to help you plan your activities.<\/h5><h5>Updated:<\/h5><ul><li><h5>Daily at 4:00 p.m.<\/h5><\/li><li><h5>Sundays at 9:00 a.m.<\/h5><\/li><\/ul><h5>Programs cancelled due to weather are rescheduled only when possible.<\/h5>\t\t\t\t\t\t\t\t<\/div>\n\t\t\t\t<div class=\"elementor-element elementor-element-7e22dea elementor-widget elementor-widget-social_share\" data-id=\"7e22dea\" data-element_type=\"widget\" data-e-type=\"widget\" data-widget_type=\"social_share.default\">\n\t\t\t\t<div class=\"elementor-widget-container\">\n\t\t\t\t\t        <div class=\"share-module\">\n            <span>Share<\/span>\n                            <a href=\"#\" data-network=\"facebook\">\n                    <i class=\"fa-brands fa-facebook\"><\/i>\n                <\/a>\n                                        <a href=\"#\" data-network=\"linkedin\">\n                    <i class=\"fa-brands fa-linkedin\"><\/i>\n                <\/a>\n                                        <a href=\"#\" data-network=\"email\">\n                    <i class=\"fas fa-envelope\"><\/i>\n                <\/a>\n                    <\/div>\n\n        <script type=\"text\/javascript\">\n            document.querySelectorAll('.share-module a').forEach(link => {\n                link.addEventListener('click', function (e) {\n                    e.preventDefault();\n\n                    const url = encodeURIComponent(window.location.href);\n                    const title = encodeURIComponent(document.title);\n\n                    let shareUrl = '';\n\n                    switch (this.dataset.network) {\n                        case 'facebook':\n                            shareUrl = `https:\/\/www.facebook.com\/sharer\/sharer.php?u=${url}`;\n                            break;\n\n                        case 'twitter':\n                            shareUrl = `https:\/\/twitter.com\/intent\/tweet?url=${url}&text=${title}`;\n                            break;\n\n                        case 'linkedin':\n                            shareUrl = `https:\/\/www.linkedin.com\/sharing\/share-offsite\/?url=${url}`;\n                            break;\n\n                        case 'email':\n                            shareUrl = `mailto:?subject=${title}&body=${url}`;\n                            const mailLink = document.createElement(\"a\");\n                            mailLink.href = shareUrl;\n                            mailLink.click(); \/\/ Triggers the system mail client\n                            break;\n                    }\n\n                    if (shareUrl.indexOf('http') === 0) {\n                        window.open(shareUrl, '_blank', 'width=600,height=400');\n                    }\n                });\n            });\n        <\/script>\n        \t\t\t\t<\/div>\n\t\t\t\t<\/div>\n\t\t\t\t<div class=\"elementor-element elementor-element-a7bac6e elementor-widget elementor-widget-spacer\" data-id=\"a7bac6e\" data-element_type=\"widget\" data-e-type=\"widget\" data-widget_type=\"spacer.default\">\n\t\t\t\t\t\t\t<div class=\"elementor-spacer\">\n\t\t\t<div class=\"elementor-spacer-inner\"><\/div>\n\t\t<\/div>\n\t\t\t\t\t\t<\/div>\n\t\t\t\t<div class=\"elementor-element elementor-element-582b01b elementor-widget elementor-widget-box_content\" data-id=\"582b01b\" data-element_type=\"widget\" data-e-type=\"widget\" data-widget_type=\"box_content.default\">\n\t\t\t\t<div class=\"elementor-widget-container\">\n\t\t\t\t\t        <div class=\"box-content\">\n            <div class=\"row align-items-center\">\n                                <div class=\"col\">\n                    <h4>Check Before You Go<\/h4>\n                    <div class=\"box-content-description\">\n                        <p>Weather conditions may affect:<\/p><ul><li>Field openings<\/li><li>Surface conditions<\/li><li>Park accessibility<\/li><li>Outdoor programming<\/li><\/ul><p>Residents are encouraged to consult this page prior to attending activities.<\/p>                    <\/div>\n                <\/div>\n            <\/div>\n        <\/div>\n    \t\t\t\t<\/div>\n\t\t\t\t<\/div>\n\t\t\t\t<div class=\"elementor-element elementor-element-6203607 elementor-widget elementor-widget-spacer\" data-id=\"6203607\" data-element_type=\"widget\" data-e-type=\"widget\" data-widget_type=\"spacer.default\">\n\t\t\t\t\t\t\t<div class=\"elementor-spacer\">\n\t\t\t<div class=\"elementor-spacer-inner\"><\/div>\n\t\t<\/div>\n\t\t\t\t\t\t<\/div>\n\t\t\t\t<div class=\"elementor-element elementor-element-f0ed817 elementor-widget elementor-widget-heading\" data-id=\"f0ed817\" data-element_type=\"widget\" data-e-type=\"widget\" data-widget_type=\"heading.default\">\n\t\t\t\t\t<h3 class=\"elementor-heading-title elementor-size-default\">Sport Facilities<\/h3>\t\t\t\t<\/div>\n\t\t\t\t<div class=\"elementor-element elementor-element-42583a6 elementor-widget__width-initial elementor-widget elementor-widget-toggle\" data-id=\"42583a6\" data-element_type=\"widget\" data-e-type=\"widget\" data-widget_type=\"toggle.default\">\n\t\t\t\t\t\t\t<div class=\"elementor-toggle\">\n\t\t\t\t\t\t\t<div class=\"elementor-toggle-item\">\n\t\t\t\t\t<div id=\"elementor-tab-title-6951\" class=\"elementor-tab-title\" data-tab=\"1\" role=\"button\" aria-controls=\"elementor-tab-content-6951\" aria-expanded=\"false\">\n\t\t\t\t\t\t\t\t\t\t\t\t<span class=\"elementor-toggle-icon elementor-toggle-icon-left\" aria-hidden=\"true\">\n\t\t\t\t\t\t\t\t\t\t\t\t\t\t\t<span class=\"elementor-toggle-icon-closed\"><svg class=\"e-font-icon-svg e-fas-caret-right\" viewBox=\"0 0 192 512\" xmlns=\"http:\/\/www.w3.org\/2000\/svg\"><path d=\"M0 384.662V127.338c0-17.818 21.543-26.741 34.142-14.142l128.662 128.662c7.81 7.81 7.81 20.474 0 28.284L34.142 398.804C21.543 411.404 0 402.48 0 384.662z\"><\/path><\/svg><\/span>\n\t\t\t\t\t\t\t\t<span class=\"elementor-toggle-icon-opened\"><svg class=\"elementor-toggle-icon-opened e-font-icon-svg e-fas-caret-up\" viewBox=\"0 0 320 512\" xmlns=\"http:\/\/www.w3.org\/2000\/svg\"><path d=\"M288.662 352H31.338c-17.818 0-26.741-21.543-14.142-34.142l128.662-128.662c7.81-7.81 20.474-7.81 28.284 0l128.662 128.662c12.6 12.599 3.676 34.142-14.142 34.142z\"><\/path><\/svg><\/span>\n\t\t\t\t\t\t\t\t\t\t\t\t\t<\/span>\n\t\t\t\t\t\t\t\t\t\t\t\t<a class=\"elementor-toggle-title\" tabindex=\"0\">Hampstead Summer Sports Facility Conditions<\/a>\n\t\t\t\t\t<\/div>\n\n\t\t\t\t\t<div id=\"elementor-tab-content-6951\" class=\"elementor-tab-content elementor-clearfix\" data-tab=\"1\" role=\"region\" aria-labelledby=\"elementor-tab-title-6951\"><table style=\"width: 115.942%; height: 260px;\" width=\"669\"><tbody><tr style=\"height: 23px;\"><td style=\"height: 23px; width: 46.1864%; text-align: center;\" width=\"503\"><p style=\"text-align: left;\"><strong><a href=\"https:\/\/cotesaintluc.org\/services\/sports-recreation\/parks-and-facilities\/\">Summer Installation in Hampstead Park<\/a><\/strong><\/p><\/td><td style=\"height: 23px; width: 24.3851%; text-align: center;\" width=\"83\"><p><strong>Statut<\/strong><\/p><\/td><td style=\"height: 23px; width: 25.1911%; text-align: center;\" width=\"83\"><p><strong>Notes<\/strong><\/p><\/td><\/tr><tr style=\"height: 24px;\"><td style=\"height: 43px; width: 46.1864%;\">Tennis courts<\/td><td style=\"height: 43px; width: 24.3851%; text-align: center;\">Closed<\/td><td style=\"height: 237px; width: 25.1911%; text-align: center;\" rowspan=\"6\">\u00a0<\/td><\/tr><tr style=\"height: 24px;\"><td style=\"height: 42px; width: 46.1864%;\">Soccer Field<\/td><td style=\"height: 42px; width: 24.3851%; text-align: center;\"><p>Closed<\/p><\/td><\/tr><tr style=\"height: 24px;\"><td style=\"height: 24px; width: 46.1864%;\">Baseball Field Diamond 1<\/td><td style=\"height: 24px; width: 24.3851%; text-align: center;\">Closed<\/td><\/tr><tr style=\"height: 24px;\"><td style=\"height: 22px; width: 46.1864%;\">Baseball Field Diamond 2<\/td><td style=\"height: 22px; width: 24.3851%; text-align: center;\">Closed<\/td><\/tr><tr style=\"height: 24px;\"><td style=\"height: 58px; width: 46.1864%;\">Snag Zone<\/td><td style=\"height: 58px; width: 24.3851%; text-align: center;\">Closed<\/td><\/tr><tr style=\"height: 48px;\"><td style=\"width: 46.1864%; height: 48px;\">Basketball Court Area<\/td><td style=\"width: 24.3851%; text-align: center; height: 48px;\">Closed<\/td><\/tr><\/tbody><\/table><\/div>\n\t\t\t\t<\/div>\n\t\t\t\t\t\t\t<div class=\"elementor-toggle-item\">\n\t\t\t\t\t<div id=\"elementor-tab-title-6952\" class=\"elementor-tab-title\" data-tab=\"2\" role=\"button\" aria-controls=\"elementor-tab-content-6952\" aria-expanded=\"false\">\n\t\t\t\t\t\t\t\t\t\t\t\t<span class=\"elementor-toggle-icon elementor-toggle-icon-left\" aria-hidden=\"true\">\n\t\t\t\t\t\t\t\t\t\t\t\t\t\t\t<span class=\"elementor-toggle-icon-closed\"><svg class=\"e-font-icon-svg e-fas-caret-right\" viewBox=\"0 0 192 512\" xmlns=\"http:\/\/www.w3.org\/2000\/svg\"><path d=\"M0 384.662V127.338c0-17.818 21.543-26.741 34.142-14.142l128.662 128.662c7.81 7.81 7.81 20.474 0 28.284L34.142 398.804C21.543 411.404 0 402.48 0 384.662z\"><\/path><\/svg><\/span>\n\t\t\t\t\t\t\t\t<span class=\"elementor-toggle-icon-opened\"><svg class=\"elementor-toggle-icon-opened e-font-icon-svg e-fas-caret-up\" viewBox=\"0 0 320 512\" xmlns=\"http:\/\/www.w3.org\/2000\/svg\"><path d=\"M288.662 352H31.338c-17.818 0-26.741-21.543-14.142-34.142l128.662-128.662c7.81-7.81 20.474-7.81 28.284 0l128.662 128.662c12.6 12.599 3.676 34.142-14.142 34.142z\"><\/path><\/svg><\/span>\n\t\t\t\t\t\t\t\t\t\t\t\t\t<\/span>\n\t\t\t\t\t\t\t\t\t\t\t\t<a class=\"elementor-toggle-title\" tabindex=\"0\">Sports Facility Conditions CSL<\/a>\n\t\t\t\t\t<\/div>\n\n\t\t\t\t\t<div id=\"elementor-tab-content-6952\" class=\"elementor-tab-content elementor-clearfix\" data-tab=\"2\" role=\"region\" aria-labelledby=\"elementor-tab-title-6952\"><table style=\"width: 115.942%; height: 316px;\" width=\"669\"><tbody><tr style=\"height: 23px;\"><td style=\"height: 23px; width: 46.1864%; text-align: left;\" width=\"503\"><a href=\"https:\/\/cotesaintluc.org\/services\/sports-recreation\/parks-and-facilities\/\"><strong>Installation<\/strong><\/a><\/td><td style=\"height: 23px; width: 25.4237%; text-align: center;\" width=\"83\"><strong>Statut<\/strong><\/td><td style=\"height: 23px; width: 24.1525%; text-align: center;\" width=\"83\"><strong>Notes<\/strong><\/td><\/tr><tr style=\"height: 56px;\"><td style=\"width: 46.1864%; height: 56px;\">ACC Gym (5794 Parkhaven)<\/td><td style=\"width: 25.4237%; text-align: center; height: 56px;\">Closed<\/td><td style=\"width: 24.1525%; text-align: center; height: 56px;\"><p><span style=\"font-family: georgia, palatino, serif;\">\u00a0<\/span><\/p><\/td><\/tr><tr style=\"height: 56px;\"><td style=\"width: 46.1864%; height: 56px;\">Wager Gym (5785 Parkhaven)<\/td><td style=\"width: 25.4237%; text-align: center; height: 56px;\">Closed<\/td><td style=\"width: 24.1525%; text-align: center; height: 56px;\"><p><span style=\"font-family: georgia, palatino, serif;\">\u00a0<\/span><\/p><\/td><\/tr><tr style=\"height: 24px;\"><td style=\"height: 24px; width: 46.1864%;\">Wager Soccer CSL Field<\/td><td style=\"height: 24px; width: 25.4237%; text-align: center;\">Closed<\/td><td style=\"height: 181px; width: 24.1525%; text-align: center;\" rowspan=\"7\">\u00a0<\/td><\/tr><tr style=\"height: 24px;\"><td style=\"height: 30px; width: 46.1864%;\">Trudeau Park <br \/>Baseball Diamond 1 CSL<\/td><td style=\"height: 30px; width: 25.4237%; text-align: center;\">Closed<\/td><\/tr><tr style=\"height: 24px;\"><td style=\"height: 25px; width: 46.1864%;\">Trudeau Park <br \/>Baseball Diamond 2 CSL<\/td><td style=\"height: 25px; width: 25.4237%; text-align: center;\">Closed<\/td><\/tr><tr style=\"height: 24px;\"><td style=\"height: 24px; width: 46.1864%;\">Trudeau Park<br \/>Baseball Diamond 3 CSL<\/td><td style=\"height: 24px; width: 25.4237%; text-align: center;\">Closed<\/td><\/tr><tr style=\"height: 24px;\"><td style=\"height: 24px; width: 46.1864%;\">Singerman CSL Park<\/td><td style=\"height: 24px; width: 25.4237%; text-align: center;\">Closed<\/td><\/tr><tr style=\"height: 24px;\"><td style=\"height: 30px; width: 46.1864%;\">Kirwan Park Baseball Diamond 1<\/td><td style=\"height: 30px; width: 25.4237%; text-align: center;\">Closed<\/td><\/tr><tr style=\"height: 24px;\"><td style=\"height: 24px; width: 46.1864%;\">Kirwan Park Baseball Diamond 2<\/td><td style=\"height: 24px; width: 25.4237%; text-align: center;\">Closed<\/td><\/tr><\/tbody><\/table><\/div>\n\t\t\t\t<\/div>\n\t\t\t\t\t\t\t<div class=\"elementor-toggle-item\">\n\t\t\t\t\t<div id=\"elementor-tab-title-6953\" class=\"elementor-tab-title\" data-tab=\"3\" role=\"button\" aria-controls=\"elementor-tab-content-6953\" aria-expanded=\"false\">\n\t\t\t\t\t\t\t\t\t\t\t\t<span class=\"elementor-toggle-icon elementor-toggle-icon-left\" aria-hidden=\"true\">\n\t\t\t\t\t\t\t\t\t\t\t\t\t\t\t<span class=\"elementor-toggle-icon-closed\"><svg class=\"e-font-icon-svg e-fas-caret-right\" viewBox=\"0 0 192 512\" xmlns=\"http:\/\/www.w3.org\/2000\/svg\"><path d=\"M0 384.662V127.338c0-17.818 21.543-26.741 34.142-14.142l128.662 128.662c7.81 7.81 7.81 20.474 0 28.284L34.142 398.804C21.543 411.404 0 402.48 0 384.662z\"><\/path><\/svg><\/span>\n\t\t\t\t\t\t\t\t<span class=\"elementor-toggle-icon-opened\"><svg class=\"elementor-toggle-icon-opened e-font-icon-svg e-fas-caret-up\" viewBox=\"0 0 320 512\" xmlns=\"http:\/\/www.w3.org\/2000\/svg\"><path d=\"M288.662 352H31.338c-17.818 0-26.741-21.543-14.142-34.142l128.662-128.662c7.81-7.81 20.474-7.81 28.284 0l128.662 128.662c12.6 12.599 3.676 34.142-14.142 34.142z\"><\/path><\/svg><\/span>\n\t\t\t\t\t\t\t\t\t\t\t\t\t<\/span>\n\t\t\t\t\t\t\t\t\t\t\t\t<a class=\"elementor-toggle-title\" tabindex=\"0\">Hampstead Winter Sports Facility Conditions<\/a>\n\t\t\t\t\t<\/div>\n\n\t\t\t\t\t<div id=\"elementor-tab-content-6953\" class=\"elementor-tab-content elementor-clearfix\" data-tab=\"3\" role=\"region\" aria-labelledby=\"elementor-tab-title-6953\"><table style=\"height: 280px;\" width=\"669\"><tbody><tr style=\"height: 24px;\"><td style=\"height: 24px; width: 483.797px;\"><a href=\"https:\/\/cotesaintluc.org\/services\/sports-recreation\/parks-and-facilities\/\"><strong>Winter Installation in Hampstead Park<\/strong><\/a><\/td><td style=\"height: 24px; width: 81.1953px;\"><strong>Statut<\/strong><\/td><td style=\"height: 24px; width: 82.0078px;\"><strong>Notes<\/strong><\/td><\/tr><tr style=\"height: 48px;\"><td style=\"height: 48px; width: 483.797px;\">Hampstead Park &#8211; Senior Hockey Rink (Location: basketball\/pickleball courts)<\/td><td style=\"height: 48px; width: 81.1953px;\">Open<\/td><td style=\"height: 256px; width: 82.0078px;\" rowspan=\"5\"><p>February 10, 2026<\/p><\/td><\/tr><tr style=\"height: 80px;\"><td style=\"height: 80px; width: 483.797px;\"><p>Hampstead Park &#8211; Junior Hockey Rink (Location: Lyncroft parking lot)<\/p><\/td><td style=\"height: 80px; width: 81.1953px;\"><p>Open<\/p><\/td><\/tr><tr style=\"height: 80px;\"><td style=\"height: 80px; width: 483.797px;\"><p>Hampstead Park &#8211; Skating Pad (Location: between the flags and monuments)<\/p><\/td><td style=\"height: 80px; width: 81.1953px;\">Open<\/td><\/tr><tr style=\"height: 24px;\"><td style=\"height: 24px; width: 483.797px;\">Applewood Park &#8211; Hockey Rink<\/td><td style=\"height: 24px; width: 81.1953px;\">Closed<\/td><\/tr><tr style=\"height: 24px;\"><td style=\"height: 24px; width: 483.797px;\">Ellerdale Park \u2013 Skating Pad<\/td><td style=\"height: 24px; width: 81.1953px;\">Open<\/td><\/tr><\/tbody><\/table><\/div>\n\t\t\t\t<\/div>\n\t\t\t\t\t\t\t<div class=\"elementor-toggle-item\">\n\t\t\t\t\t<div id=\"elementor-tab-title-6954\" class=\"elementor-tab-title\" data-tab=\"4\" role=\"button\" aria-controls=\"elementor-tab-content-6954\" aria-expanded=\"false\">\n\t\t\t\t\t\t\t\t\t\t\t\t<span class=\"elementor-toggle-icon elementor-toggle-icon-left\" aria-hidden=\"true\">\n\t\t\t\t\t\t\t\t\t\t\t\t\t\t\t<span class=\"elementor-toggle-icon-closed\"><svg class=\"e-font-icon-svg e-fas-caret-right\" viewBox=\"0 0 192 512\" xmlns=\"http:\/\/www.w3.org\/2000\/svg\"><path d=\"M0 384.662V127.338c0-17.818 21.543-26.741 34.142-14.142l128.662 128.662c7.81 7.81 7.81 20.474 0 28.284L34.142 398.804C21.543 411.404 0 402.48 0 384.662z\"><\/path><\/svg><\/span>\n\t\t\t\t\t\t\t\t<span class=\"elementor-toggle-icon-opened\"><svg class=\"elementor-toggle-icon-opened e-font-icon-svg e-fas-caret-up\" viewBox=\"0 0 320 512\" xmlns=\"http:\/\/www.w3.org\/2000\/svg\"><path d=\"M288.662 352H31.338c-17.818 0-26.741-21.543-14.142-34.142l128.662-128.662c7.81-7.81 20.474-7.81 28.284 0l128.662 128.662c12.6 12.599 3.676 34.142-14.142 34.142z\"><\/path><\/svg><\/span>\n\t\t\t\t\t\t\t\t\t\t\t\t\t<\/span>\n\t\t\t\t\t\t\t\t\t\t\t\t<a class=\"elementor-toggle-title\" tabindex=\"0\">Irving L. Adessky Community Centre and Hampstead Park<\/a>\n\t\t\t\t\t<\/div>\n\n\t\t\t\t\t<div id=\"elementor-tab-content-6954\" class=\"elementor-tab-content elementor-clearfix\" data-tab=\"4\" role=\"region\" aria-labelledby=\"elementor-tab-title-6954\"><p>The Hampstead Community Center is an important gathering place for residents in our community. It offers a variety of activities and programs, but more importantly, provides a place for Hampsteaders to connect, build relationships, and strengthen bonds. At 30 Lyncroft, you will find:<\/p><ul><li><strong>CSR Administration Offices\u00a0<\/strong><\/li><li><strong>Tennis Courts and Pro Shop<\/strong><\/li><li><strong>Swimming Pool and Splash Park<\/strong><\/li><li><strong>Fitness Area<\/strong><\/li><\/ul><p>Also available at this location: Parking, Basketball, Baseball, Caf\u00e9, Chalet, Dog run, Green space\/Field, Hockey Rink, Playground, Picnic Area, and Playground.<\/p><p><em>*Weather conditions may affect accessibility<\/em><\/p><\/div>\n\t\t\t\t<\/div>\n\t\t\t\t\t\t\t<div class=\"elementor-toggle-item\">\n\t\t\t\t\t<div id=\"elementor-tab-title-6955\" class=\"elementor-tab-title\" data-tab=\"5\" role=\"button\" aria-controls=\"elementor-tab-content-6955\" aria-expanded=\"false\">\n\t\t\t\t\t\t\t\t\t\t\t\t<span class=\"elementor-toggle-icon elementor-toggle-icon-left\" aria-hidden=\"true\">\n\t\t\t\t\t\t\t\t\t\t\t\t\t\t\t<span class=\"elementor-toggle-icon-closed\"><svg class=\"e-font-icon-svg e-fas-caret-right\" viewBox=\"0 0 192 512\" xmlns=\"http:\/\/www.w3.org\/2000\/svg\"><path d=\"M0 384.662V127.338c0-17.818 21.543-26.741 34.142-14.142l128.662 128.662c7.81 7.81 7.81 20.474 0 28.284L34.142 398.804C21.543 411.404 0 402.48 0 384.662z\"><\/path><\/svg><\/span>\n\t\t\t\t\t\t\t\t<span class=\"elementor-toggle-icon-opened\"><svg class=\"elementor-toggle-icon-opened e-font-icon-svg e-fas-caret-up\" viewBox=\"0 0 320 512\" xmlns=\"http:\/\/www.w3.org\/2000\/svg\"><path d=\"M288.662 352H31.338c-17.818 0-26.741-21.543-14.142-34.142l128.662-128.662c7.81-7.81 20.474-7.81 28.284 0l128.662 128.662c12.6 12.599 3.676 34.142-14.142 34.142z\"><\/path><\/svg><\/span>\n\t\t\t\t\t\t\t\t\t\t\t\t\t<\/span>\n\t\t\t\t\t\t\t\t\t\t\t\t<a class=\"elementor-toggle-title\" tabindex=\"0\">Other Parks and Walking Path Network<\/a>\n\t\t\t\t\t<\/div>\n\n\t\t\t\t\t<div id=\"elementor-tab-content-6955\" class=\"elementor-tab-content elementor-clearfix\" data-tab=\"5\" role=\"region\" aria-labelledby=\"elementor-tab-title-6955\"><p>Town of Hampstead offers eight other parks for you to visit and enjoy. Here is a list of our parks and their features:<\/p><p><em>*Weather conditions may affect accessibility<\/em><\/p><p><strong>List of Parks\u00a0<\/strong><\/p><ul style=\"list-style-type: square;\"><li><strong>Parc Aldred:<\/strong>\u00a0Green Space\/Field, Playground, and Swings<\/li><li><strong>Parc Applewood:<\/strong>\u00a0Green Space\/Field, Picnic Area, Playground, Leisure Skating, Soccer Pitch, Swings, and Pathway (Walk\/Jog)<\/li><li><strong>Parc des Conseillers:<\/strong>\u00a0Green Space, Playground, Swings, Splash Pad, Pathway (Walk\/Jog), and Water Fountain<\/li><li><strong>Parc Dufferin:<\/strong>\u00a0Green Space, Playground, and Swings<\/li><li><strong>Parc Ellerdale:<\/strong>\u00a0Green Space, Playground, Leisure Skating, and Swings<\/li><li><strong>Parc Langhorne:\u00a0<\/strong>Green Space, Playground, and Swings<\/li><li><strong>Parc Wexford:\u00a0<\/strong>Green Space, Playground, Swings, and Pathway (Walk\/Jog)<\/li><\/ul><p><strong>Walking Path Network<\/strong><\/p><p>The pedestrian path network provides Hampsteaders with excellent opportunities to enjoy the beautiful greenery of Hampstead on foot, connecting popular green spaces like Councillors, Applewood and Hampstead Parks. While it makes extensive use of sidewalks across the town, it also includes a number of connecting walkways between streets including the John P. Humphrey path between rue Thurlow and Granville, and Centenial Lane between rue Lyncroft and Finchley, as well as walking paths in various parks.<\/p><\/div>\n\t\t\t\t<\/div>\n\t\t\t\t\t\t\t\t<\/div>\n\t\t\t\t\t\t<\/div>\n\t\t\t\t<div class=\"elementor-element elementor-element-386a0d5 elementor-widget elementor-widget-heading\" data-id=\"386a0d5\" data-element_type=\"widget\" data-e-type=\"widget\" data-widget_type=\"heading.default\">\n\t\t\t\t\t<h3 class=\"elementor-heading-title elementor-size-default\">These pages might interest you<\/h3>\t\t\t\t<\/div>\n\t\t\t\t<div class=\"elementor-element elementor-element-ef792d8 elementor-widget elementor-widget-related_post\" data-id=\"ef792d8\" data-element_type=\"widget\" data-e-type=\"widget\" data-widget_type=\"related_post.default\">\n\t\t\t\t<div class=\"elementor-widget-container\">\n\t\t\t\t\t<div class=\"row narrower related-posts-container\"><div class=\"col-lg-4 col-md-6\"><a href=\"https:\/\/www.hampstead.qc.ca\/en\/recreation\/facility-conditions\/facility-rentals\/\" class=\"related-post-item\"><div class=\"related-post-item-image\"><\/div><div class=\"related-post-item-content\"><h5>Facility rentals<\/h5><div class=\"related-post-item-description\">Rooms, outdoor spaces and sports field rentals The Town of Hampstead makes certain municipal facilities...<\/div><\/div><\/a><\/div><div class=\"col-lg-4 col-md-6\"><a href=\"https:\/\/www.hampstead.qc.ca\/en\/town\/town-map\/\" class=\"related-post-item\"><div class=\"related-post-item-image\"><\/div><div class=\"related-post-item-content\"><h5>Town Map<\/h5><div class=\"related-post-item-description\">Interactive map and municipal mapping tools The Town Map of Hampstead allows residents and visitors...<\/div><\/div><\/a><\/div><div class=\"col-lg-4 col-md-6\"><a href=\"https:\/\/www.hampstead.qc.ca\/en\/recreation\/facility-conditions\/temporary-installation-of-banners-and-signs\/\" class=\"related-post-item\"><div class=\"related-post-item-image\"><img decoding=\"async\" data-src=\"https:\/\/www.hampstead.qc.ca\/wp-content\/uploads\/2026\/04\/AdobeStock_1861084598-300x164.jpeg\" alt=\"Temporary Installation of Banners and Signs\" src=\"data:image\/svg+xml;base64,PHN2ZyB3aWR0aD0iMSIgaGVpZ2h0PSIxIiB4bWxucz0iaHR0cDovL3d3dy53My5vcmcvMjAwMC9zdmciPjwvc3ZnPg==\" class=\"lazyload\" style=\"--smush-placeholder-width: 300px; --smush-placeholder-aspect-ratio: 300\/164;\"><\/div><div class=\"related-post-item-content\"><h5>Temporary Installation of Banners and Signs<\/h5><div class=\"related-post-item-description\">Regulations governing temporary signage within the Town The temporary installation of banners, signs, or promotional...<\/div><\/div><\/a><\/div><\/div>\t\t\t\t<\/div>\n\t\t\t\t<\/div>\n\t\t\t\t\t<\/div>\n\t\t\t\t<\/div>\n\t\t\t\t<\/div>\n\t\t","protected":false},"excerpt":{"rendered":"<p>\u00c9tat des terrains, parcs et installations sportives La Ville de Hampstead met \u00e0 la disposition des r\u00e9sidents de nombreux parcs, terrains de sport et installations r\u00e9cr\u00e9atives. Cette page vous permet de consulter l\u2019\u00e9tat en temps r\u00e9el des installations sportives afin de mieux planifier vos activit\u00e9s. Mise \u00e0 jour : Tous les jours \u00e0 16 h Le dimanche \u00e0 9 h Les activit\u00e9s annul\u00e9es en raison des conditions m\u00e9t\u00e9orologiques sont reprogramm\u00e9es uniquement lorsque possible. Partager \u00c0 v\u00e9rifier avant de vous d\u00e9placer Les conditions m\u00e9t\u00e9orologiques peuvent affecter : L\u2019ouverture des terrains L\u2019\u00e9tat des surfaces L\u2019accessibilit\u00e9 des parcs Les programmes ext\u00e9rieurs Nous vous<\/p>\n","protected":false},"author":1,"featured_media":63167,"parent":951,"menu_order":0,"comment_status":"closed","ping_status":"closed","template":"","meta":{"_acf_changed":false,"footnotes":""},"class_list":["post-60961","page","type-page","status-publish","has-post-thumbnail","hentry"],"acf":[],"_links":{"self":[{"href":"https:\/\/www.hampstead.qc.ca\/en\/wp-json\/wp\/v2\/pages\/60961","targetHints":{"allow":["GET"]}}],"collection":[{"href":"https:\/\/www.hampstead.qc.ca\/en\/wp-json\/wp\/v2\/pages"}],"about":[{"href":"https:\/\/www.hampstead.qc.ca\/en\/wp-json\/wp\/v2\/types\/page"}],"author":[{"embeddable":true,"href":"https:\/\/www.hampstead.qc.ca\/en\/wp-json\/wp\/v2\/users\/1"}],"replies":[{"embeddable":true,"href":"https:\/\/www.hampstead.qc.ca\/en\/wp-json\/wp\/v2\/comments?post=60961"}],"version-history":[{"count":13,"href":"https:\/\/www.hampstead.qc.ca\/en\/wp-json\/wp\/v2\/pages\/60961\/revisions"}],"predecessor-version":[{"id":63265,"href":"https:\/\/www.hampstead.qc.ca\/en\/wp-json\/wp\/v2\/pages\/60961\/revisions\/63265"}],"up":[{"embeddable":true,"href":"https:\/\/www.hampstead.qc.ca\/en\/wp-json\/wp\/v2\/pages\/951"}],"wp:featuredmedia":[{"embeddable":true,"href":"https:\/\/www.hampstead.qc.ca\/en\/wp-json\/wp\/v2\/media\/63167"}],"wp:attachment":[{"href":"https:\/\/www.hampstead.qc.ca\/en\/wp-json\/wp\/v2\/media?parent=60961"}],"curies":[{"name":"wp","href":"https:\/\/api.w.org\/{rel}","templated":true}]}}