{"id":10461,"date":"2022-05-25T14:16:39","date_gmt":"2022-05-25T18:16:39","guid":{"rendered":"https:\/\/www.hampstead.qc.ca\/?page_id=10461"},"modified":"2024-08-13T10:11:42","modified_gmt":"2024-08-13T14:11:42","slug":"participation-citoyenne-2","status":"publish","type":"page","link":"https:\/\/www.hampstead.qc.ca\/fr\/participation-citoyenne-2\/","title":{"rendered":"Participation citoyenne"},"content":{"rendered":"\t\t<div data-elementor-type=\"wp-page\" data-elementor-id=\"10461\" class=\"elementor elementor-10461\" data-elementor-post-type=\"page\">\n\t\t\t\t\t\t<section class=\"elementor-section elementor-top-section elementor-element elementor-element-891b1db elementor-section-boxed elementor-section-height-default elementor-section-height-default\" data-id=\"891b1db\" data-element_type=\"section\" data-e-type=\"section\">\n\t\t\t\t\t\t<div class=\"elementor-container elementor-column-gap-default\">\n\t\t\t\t\t<div class=\"elementor-column elementor-col-100 elementor-top-column elementor-element elementor-element-d56d139\" data-id=\"d56d139\" data-element_type=\"column\" data-e-type=\"column\">\n\t\t\t<div class=\"elementor-widget-wrap elementor-element-populated\">\n\t\t\t\t\t\t<div class=\"elementor-element elementor-element-0f53717 elementor-widget elementor-widget-image\" data-id=\"0f53717\" data-element_type=\"widget\" data-e-type=\"widget\" data-widget_type=\"image.default\">\n\t\t\t\t<div class=\"elementor-widget-container\">\n\t\t\t\t\t\t\t\t\t\t\t\t<figure class=\"wp-caption\">\n\t\t\t\t\t\t\t\t\t\t<img decoding=\"async\" data-src=\"https:\/\/b2671802.smushcdn.com\/2671802\/wp-content\/uploads\/elementor\/thumbs\/Hampstead-divers_127-scaled-ppcgckspqcaffeptl0tezbsaw9v66zjxll1qxw69wg.jpg?lossy=1&strip=1&webp=1\" title=\"Hampstead &#8211; banc et divers on October 26, 2018. Denis Beaumont\" alt=\"Hampstead - banc et divers on October 26, 2018.\n\n Denis Beaumont\" src=\"data:image\/svg+xml;base64,PHN2ZyB3aWR0aD0iMSIgaGVpZ2h0PSIxIiB4bWxucz0iaHR0cDovL3d3dy53My5vcmcvMjAwMC9zdmciPjwvc3ZnPg==\" class=\"lazyload\" style=\"--smush-placeholder-width: 1200px; --smush-placeholder-aspect-ratio: 1200\/400;\" \/>\t\t\t\t\t\t\t\t\t\t\t<figcaption class=\"widget-image-caption wp-caption-text\">La ville de Hampstead appelle \u00e0 la participation active de tous ces citoyens pour promouvoir ses id\u00e9es, consolider ses projets et la rendre un meilleur endroit pour tous!<\/figcaption>\n\t\t\t\t\t\t\t\t\t\t<\/figure>\n\t\t\t\t\t\t\t\t\t<\/div>\n\t\t\t\t<\/div>\n\t\t\t\t\t<\/div>\n\t\t<\/div>\n\t\t\t\t\t<\/div>\n\t\t<\/section>\n\t\t\t\t<section class=\"elementor-section elementor-top-section elementor-element elementor-element-a41fc8d elementor-section-boxed elementor-section-height-default elementor-section-height-default\" data-id=\"a41fc8d\" data-element_type=\"section\" data-e-type=\"section\">\n\t\t\t\t\t\t<div class=\"elementor-container elementor-column-gap-default\">\n\t\t\t\t\t<div class=\"elementor-column elementor-col-100 elementor-top-column elementor-element elementor-element-61f5794\" data-id=\"61f5794\" data-element_type=\"column\" data-e-type=\"column\">\n\t\t\t<div class=\"elementor-widget-wrap elementor-element-populated\">\n\t\t\t\t\t\t<div class=\"elementor-element elementor-element-45d7e67 elementor-widget elementor-widget-image\" data-id=\"45d7e67\" data-element_type=\"widget\" data-e-type=\"widget\" data-widget_type=\"image.default\">\n\t\t\t\t<div class=\"elementor-widget-container\">\n\t\t\t\t\t\t\t\t\t\t\t\t\t\t\t<img decoding=\"async\" width=\"300\" height=\"68\" data-src=\"https:\/\/b2671802.smushcdn.com\/2671802\/wp-content\/uploads\/2022\/05\/LOGO-2022-300x68.jpg?lossy=1&strip=1&webp=1\" class=\"attachment-medium size-medium wp-image-10498 lazyload\" alt=\"\" data-srcset=\"https:\/\/b2671802.smushcdn.com\/2671802\/wp-content\/uploads\/2022\/05\/LOGO-2022-300x68.jpg?lossy=1&strip=1&webp=1 300w, https:\/\/b2671802.smushcdn.com\/2671802\/wp-content\/uploads\/2022\/05\/LOGO-2022-1024x233.jpg?lossy=1&strip=1&webp=1 1024w, https:\/\/b2671802.smushcdn.com\/2671802\/wp-content\/uploads\/2022\/05\/LOGO-2022-768x175.jpg?lossy=1&strip=1&webp=1 768w, https:\/\/b2671802.smushcdn.com\/2671802\/wp-content\/uploads\/2022\/05\/LOGO-2022.jpg?lossy=1&strip=1&webp=1 1211w\" data-sizes=\"(max-width: 300px) 100vw, 300px\" src=\"data:image\/svg+xml;base64,PHN2ZyB3aWR0aD0iMSIgaGVpZ2h0PSIxIiB4bWxucz0iaHR0cDovL3d3dy53My5vcmcvMjAwMC9zdmciPjwvc3ZnPg==\" style=\"--smush-placeholder-width: 300px; --smush-placeholder-aspect-ratio: 300\/68;\" \/>\t\t\t\t\t\t\t\t\t\t\t\t\t\t\t<\/div>\n\t\t\t\t<\/div>\n\t\t\t\t<div class=\"elementor-element elementor-element-1fc58e8 elementor-widget elementor-widget-heading\" data-id=\"1fc58e8\" data-element_type=\"widget\" data-e-type=\"widget\" data-widget_type=\"heading.default\">\n\t\t\t\t<div class=\"elementor-widget-container\">\n\t\t\t\t\t<h3 class=\"elementor-heading-title elementor-size-default\">Votre opinion peut faire la diff\u00e9rence! Dans le cadre de son engagement continuel envers la communaut\u00e9, les r\u00e9sidents sont invit\u00e9s \u00e0 partager sur les projets en cours. <\/h3>\t\t\t\t<\/div>\n\t\t\t\t<\/div>\n\t\t\t\t\t<\/div>\n\t\t<\/div>\n\t\t\t\t\t<\/div>\n\t\t<\/section>\n\t\t\t\t<section class=\"elementor-section elementor-top-section elementor-element elementor-element-affc096 elementor-section-boxed elementor-section-height-default elementor-section-height-default\" data-id=\"affc096\" data-element_type=\"section\" data-e-type=\"section\">\n\t\t\t\t\t\t<div class=\"elementor-container elementor-column-gap-default\">\n\t\t\t\t\t<div class=\"elementor-column elementor-col-100 elementor-top-column elementor-element elementor-element-b1787ed\" data-id=\"b1787ed\" data-element_type=\"column\" data-e-type=\"column\">\n\t\t\t<div class=\"elementor-widget-wrap elementor-element-populated\">\n\t\t\t\t\t\t<div class=\"elementor-element elementor-element-66d5524 elementor-tabs-view-horizontal elementor-widget elementor-widget-tabs\" data-id=\"66d5524\" data-element_type=\"widget\" data-e-type=\"widget\" data-widget_type=\"tabs.default\">\n\t\t\t\t<div class=\"elementor-widget-container\">\n\t\t\t\t\t\t\t<div class=\"elementor-tabs\">\n\t\t\t<div class=\"elementor-tabs-wrapper\" role=\"tablist\" >\n\t\t\t\t\t\t\t\t\t<div id=\"elementor-tab-title-1071\" class=\"elementor-tab-title elementor-tab-desktop-title\" aria-selected=\"true\" data-tab=\"1\" role=\"tab\" tabindex=\"0\" aria-controls=\"elementor-tab-content-1071\" aria-expanded=\"false\">Information sur l'extension Cavendish<\/div>\n\t\t\t\t\t\t\t\t\t<div id=\"elementor-tab-title-1072\" class=\"elementor-tab-title elementor-tab-desktop-title\" aria-selected=\"false\" data-tab=\"2\" role=\"tab\" tabindex=\"-1\" aria-controls=\"elementor-tab-content-1072\" aria-expanded=\"false\">Comment participer?<\/div>\n\t\t\t\t\t\t\t<\/div>\n\t\t\t<div class=\"elementor-tabs-content-wrapper\" role=\"tablist\" aria-orientation=\"vertical\">\n\t\t\t\t\t\t\t\t\t<div class=\"elementor-tab-title elementor-tab-mobile-title\" aria-selected=\"true\" data-tab=\"1\" role=\"tab\" tabindex=\"0\" aria-controls=\"elementor-tab-content-1071\" aria-expanded=\"false\">Information sur l'extension Cavendish<\/div>\n\t\t\t\t\t<div id=\"elementor-tab-content-1071\" class=\"elementor-tab-content elementor-clearfix\" data-tab=\"1\" role=\"tabpanel\" aria-labelledby=\"elementor-tab-title-1071\" tabindex=\"0\" hidden=\"false\"><p>Lors de la cession des terrains de Blue Bonnets, la Ville de Montr\u00e9al a sign\u00e9 un accord avec le gouvernement du Qu\u00e9bec pour transf\u00e9rer les 46 hectares de l&rsquo;Hippodrome-Blue Bonnets \u00e0 la municipalit\u00e9 pour un projet r\u00e9sidentiel. Cet accord rendait obligatoire le prolongement de la rue Cavendish, en discussion depuis plus de six d\u00e9cennies, pour r\u00e9duire la congestion sur l&rsquo;autoroute D\u00e9carie.<\/p><p>En 2022, il semblait que Montr\u00e9al s\u2019appr\u00eatait \u00e0 concr\u00e9tiser ce prolongement, l&rsquo;administration Plante ayant soumis un avis de projet au Bureau d\u2019audiences publiques sur l\u2019environnement (BAPE). Bien que cet avis figure encore sur le site du minist\u00e8re de l\u2019Environnement du Qu\u00e9bec, les \u00e9tudes d\u2019impact environnemental requises n\u2019ont pas \u00e9t\u00e9 command\u00e9es.<\/p><p>Le bureau des communications de la Ville a confirm\u00e9 que le projet est r\u00e9\u00e9valu\u00e9 en raison de l&rsquo;\u00e9volution des besoins de mobilit\u00e9.<\/p><p>En r\u00e9ponse, la d\u00e9put\u00e9e Elisabeth Prass a marrain\u00e9 une p\u00e9tition demandant au gouvernement de la CAQ d&rsquo;exiger que la Ville de Montr\u00e9al respecte l&rsquo;accord de 2017, stipulant que le prolongement de Cavendish est essentiel au d\u00e9veloppement des terrains de Blue Bonnets.<\/p><\/div>\n\t\t\t\t\t\t\t\t\t<div class=\"elementor-tab-title elementor-tab-mobile-title\" aria-selected=\"false\" data-tab=\"2\" role=\"tab\" tabindex=\"-1\" aria-controls=\"elementor-tab-content-1072\" aria-expanded=\"false\">Comment participer?<\/div>\n\t\t\t\t\t<div id=\"elementor-tab-content-1072\" class=\"elementor-tab-content elementor-clearfix\" data-tab=\"2\" role=\"tabpanel\" aria-labelledby=\"elementor-tab-title-1072\" tabindex=\"0\" hidden=\"hidden\"><p>Vous \u00eates invit\u00e9s \u00e0 signer <a href=\"https:\/\/www.assnat.qc.ca\/fr\/exprimez-votre-opinion\/petition\/Petition-10931\/index.html\">la p\u00e9tition.<\/a><\/p><\/div>\n\t\t\t\t\t\t\t<\/div>\n\t\t<\/div>\n\t\t\t\t\t\t<\/div>\n\t\t\t\t<\/div>\n\t\t\t\t\t<\/div>\n\t\t<\/div>\n\t\t\t\t\t<\/div>\n\t\t<\/section>\n\t\t\t\t<section class=\"elementor-section elementor-top-section elementor-element elementor-element-1e4915f elementor-section-boxed elementor-section-height-default elementor-section-height-default\" data-id=\"1e4915f\" data-element_type=\"section\" data-e-type=\"section\">\n\t\t\t\t\t\t<div class=\"elementor-container elementor-column-gap-default\">\n\t\t\t\t\t<div class=\"elementor-column elementor-col-66 elementor-top-column elementor-element elementor-element-6e83a78\" data-id=\"6e83a78\" data-element_type=\"column\" data-e-type=\"column\">\n\t\t\t<div class=\"elementor-widget-wrap\">\n\t\t\t\t\t\t\t<\/div>\n\t\t<\/div>\n\t\t\t\t<div class=\"elementor-column elementor-col-33 elementor-top-column elementor-element elementor-element-4991013\" data-id=\"4991013\" data-element_type=\"column\" data-e-type=\"column\">\n\t\t\t<div class=\"elementor-widget-wrap elementor-element-populated\">\n\t\t\t\t\t\t<div class=\"elementor-element elementor-element-5ac0a79 elementor-button-align-start elementor-widget elementor-widget-form\" data-id=\"5ac0a79\" data-element_type=\"widget\" data-e-type=\"widget\" data-settings=\"{&quot;button_width&quot;:&quot;40&quot;,&quot;step_next_label&quot;:&quot;Next&quot;,&quot;step_previous_label&quot;:&quot;Previous&quot;,&quot;step_type&quot;:&quot;number_text&quot;,&quot;step_icon_shape&quot;:&quot;circle&quot;}\" data-widget_type=\"form.default\">\n\t\t\t\t<div class=\"elementor-widget-container\">\n\t\t\t\t\t\t\t<form class=\"elementor-form\" method=\"post\" name=\"New Form\" aria-label=\"New Form\">\n\t\t\t<input type=\"hidden\" name=\"post_id\" value=\"10461\"\/>\n\t\t\t<input type=\"hidden\" name=\"form_id\" value=\"5ac0a79\"\/>\n\t\t\t<input type=\"hidden\" name=\"referer_title\" value=\"\" \/>\n\n\t\t\t\n\t\t\t<div class=\"elementor-form-fields-wrapper elementor-labels-above\">\n\t\t\t\t\t\t\t\t<div class=\"elementor-field-type-radio elementor-field-group elementor-column elementor-field-group-satisfaction_radio elementor-col-100 elementor-field-required\">\n\t\t\t\t\t\t\t\t\t\t\t\t<label for=\"form-field-satisfaction_radio\" class=\"elementor-field-label\">\n\t\t\t\t\t\t\t\t<div style=\"color:#888\">Aidez nous \u00e0 optimiser notre site.<\/div>\t\t\t\t\t\t\t<\/label>\n\t\t\t\t\t\t<div class=\"elementor-field-subgroup  \"><span class=\"elementor-field-option\"><input type=\"radio\" value=\"oui\" id=\"form-field-satisfaction_radio-0\" name=\"form_fields[satisfaction_radio]\" required=\"required\"> <label for=\"form-field-satisfaction_radio-0\">Oui<\/label><\/span><span class=\"elementor-field-option\"><input type=\"radio\" value=\"non\" id=\"form-field-satisfaction_radio-1\" name=\"form_fields[satisfaction_radio]\" required=\"required\"> <label for=\"form-field-satisfaction_radio-1\">Non<\/label><\/span><\/div>\t\t\t\t<\/div>\n\t\t\t\t\t\t\t\t<div class=\"elementor-field-type-textarea elementor-field-group elementor-column elementor-field-group-message elementor-col-100\">\n\t\t\t\t\t<textarea class=\"elementor-field-textual elementor-field  elementor-size-sm\" name=\"form_fields[message]\" id=\"form-field-message\" rows=\"4\" placeholder=\"Expliquez\"><\/textarea>\t\t\t\t<\/div>\n\t\t\t\t\t\t\t\t<div class=\"elementor-field-group elementor-column elementor-field-type-submit elementor-col-40 e-form__buttons\">\n\t\t\t\t\t<button class=\"elementor-button elementor-size-sm\" type=\"submit\">\n\t\t\t\t\t\t<span class=\"elementor-button-content-wrapper\">\n\t\t\t\t\t\t\t\t\t\t\t\t\t\t\t\t\t\t\t\t\t\t<span class=\"elementor-button-text\">Envoyer<\/span>\n\t\t\t\t\t\t\t\t\t\t\t\t\t<\/span>\n\t\t\t\t\t<\/button>\n\t\t\t\t<\/div>\n\t\t\t<\/div>\n\t\t<\/form>\n\t\t\t\t\t\t<\/div>\n\t\t\t\t<\/div>\n\t\t\t\t\t<\/div>\n\t\t<\/div>\n\t\t\t\t\t<\/div>\n\t\t<\/section>\n\t\t\t\t<\/div>\n\t\t","protected":false},"excerpt":{"rendered":"<p>La ville de Hampstead appelle \u00e0 la participation active de tous ces citoyens pour promouvoir ses id\u00e9es, consolider ses projets et la rendre un meilleur endroit pour tous! Votre opinion peut faire la diff\u00e9rence! Dans le cadre de son engagement continuel envers la communaut\u00e9, les r\u00e9sidents sont invit\u00e9s \u00e0 partager sur les projets en cours. Information sur l&rsquo;extension Cavendish Comment participer? Information sur l&rsquo;extension Cavendish Lors de la cession des terrains de Blue Bonnets, la Ville de Montr\u00e9al a sign\u00e9 un accord avec le gouvernement du Qu\u00e9bec pour transf\u00e9rer les 46 hectares de l\u2019Hippodrome-Blue Bonnets \u00e0 la municipalit\u00e9 pour un<\/p>\n","protected":false},"author":11,"featured_media":0,"parent":0,"menu_order":0,"comment_status":"closed","ping_status":"closed","template":"","meta":{"_acf_changed":false,"footnotes":""},"class_list":["post-10461","page","type-page","status-publish","hentry"],"acf":[],"_links":{"self":[{"href":"https:\/\/www.hampstead.qc.ca\/fr\/wp-json\/wp\/v2\/pages\/10461","targetHints":{"allow":["GET"]}}],"collection":[{"href":"https:\/\/www.hampstead.qc.ca\/fr\/wp-json\/wp\/v2\/pages"}],"about":[{"href":"https:\/\/www.hampstead.qc.ca\/fr\/wp-json\/wp\/v2\/types\/page"}],"author":[{"embeddable":true,"href":"https:\/\/www.hampstead.qc.ca\/fr\/wp-json\/wp\/v2\/users\/11"}],"replies":[{"embeddable":true,"href":"https:\/\/www.hampstead.qc.ca\/fr\/wp-json\/wp\/v2\/comments?post=10461"}],"version-history":[{"count":0,"href":"https:\/\/www.hampstead.qc.ca\/fr\/wp-json\/wp\/v2\/pages\/10461\/revisions"}],"wp:attachment":[{"href":"https:\/\/www.hampstead.qc.ca\/fr\/wp-json\/wp\/v2\/media?parent=10461"}],"curies":[{"name":"wp","href":"https:\/\/api.w.org\/{rel}","templated":true}]}}