{"id":11849,"date":"2022-06-29T08:59:25","date_gmt":"2022-06-29T12:59:25","guid":{"rendered":"https:\/\/www.hampstead.qc.ca\/?page_id=11849"},"modified":"2023-07-19T10:56:22","modified_gmt":"2023-07-19T14:56:22","slug":"patrimoine-culturel","status":"publish","type":"page","link":"https:\/\/www.hampstead.qc.ca\/fr\/patrimoine-culturel\/","title":{"rendered":"Patrimoine"},"content":{"rendered":"\t\t<div data-elementor-type=\"wp-page\" data-elementor-id=\"11849\" class=\"elementor elementor-11849\" data-elementor-post-type=\"page\">\n\t\t\t\t\t\t<section class=\"elementor-section elementor-top-section elementor-element elementor-element-1a96c79 elementor-section-boxed elementor-section-height-default elementor-section-height-default\" data-id=\"1a96c79\" data-element_type=\"section\" data-e-type=\"section\">\n\t\t\t\t\t\t<div class=\"elementor-container elementor-column-gap-default\">\n\t\t\t\t\t<div class=\"elementor-column elementor-col-100 elementor-top-column elementor-element elementor-element-a20babf\" data-id=\"a20babf\" data-element_type=\"column\" data-e-type=\"column\">\n\t\t\t<div class=\"elementor-widget-wrap elementor-element-populated\">\n\t\t\t\t\t\t<div class=\"elementor-element elementor-element-8537ee7 elementor-widget elementor-widget-text-editor\" data-id=\"8537ee7\" data-element_type=\"widget\" data-e-type=\"widget\" data-widget_type=\"text-editor.default\">\n\t\t\t\t<div class=\"elementor-widget-container\">\n\t\t\t\t\t\t\t\t\t<p>La loi sur le patrimoine culturel a apport\u00e9 des modifications en avril 2021 concernant essentiellement le patrimoine b\u00e2ti.\u00a0<\/p><p><a href=\"https:\/\/hampstead.maps.arcgis.com\/apps\/instant\/sidebar\/index.html?appid=aa32d5a83ff04509b200f7a637304175\">Cliquez ici<\/a> pour acc\u00e9der \u00e0 une carte interactive illustrant les implications globales de la Loi 69.<\/p>\t\t\t\t\t\t\t\t<\/div>\n\t\t\t\t<\/div>\n\t\t\t\t\t<\/div>\n\t\t<\/div>\n\t\t\t\t\t<\/div>\n\t\t<\/section>\n\t\t\t\t<section class=\"elementor-section elementor-top-section elementor-element elementor-element-4eefac6 elementor-section-boxed elementor-section-height-default elementor-section-height-default\" data-id=\"4eefac6\" data-element_type=\"section\" data-e-type=\"section\" data-settings=\"{&quot;background_background&quot;:&quot;classic&quot;}\">\n\t\t\t\t\t\t<div class=\"elementor-container elementor-column-gap-default\">\n\t\t\t\t\t<div class=\"elementor-column elementor-col-100 elementor-top-column elementor-element elementor-element-7c3b8b9\" data-id=\"7c3b8b9\" data-element_type=\"column\" data-e-type=\"column\">\n\t\t\t<div class=\"elementor-widget-wrap elementor-element-populated\">\n\t\t\t\t\t\t<div class=\"elementor-element elementor-element-3d9eae1 elementor-widget elementor-widget-toggle\" data-id=\"3d9eae1\" data-element_type=\"widget\" data-e-type=\"widget\" data-widget_type=\"toggle.default\">\n\t\t\t\t<div class=\"elementor-widget-container\">\n\t\t\t\t\t\t\t<div class=\"elementor-toggle\">\n\t\t\t\t\t\t\t<div class=\"elementor-toggle-item\">\n\t\t\t\t\t<div id=\"elementor-tab-title-6461\" class=\"elementor-tab-title\" data-tab=\"1\" role=\"button\" aria-controls=\"elementor-tab-content-6461\" aria-expanded=\"false\">\n\t\t\t\t\t\t\t\t\t\t\t\t<span class=\"elementor-toggle-icon elementor-toggle-icon-left\" aria-hidden=\"true\">\n\t\t\t\t\t\t\t\t\t\t\t\t\t\t\t<span class=\"elementor-toggle-icon-closed\"><i class=\"fas fa-caret-right\"><\/i><\/span>\n\t\t\t\t\t\t\t\t<span class=\"elementor-toggle-icon-opened\"><i class=\"elementor-toggle-icon-opened fas fa-caret-up\"><\/i><\/span>\n\t\t\t\t\t\t\t\t\t\t\t\t\t<\/span>\n\t\t\t\t\t\t\t\t\t\t\t\t<a class=\"elementor-toggle-title\" tabindex=\"0\">Loi sur le patrimoine culturel<\/a>\n\t\t\t\t\t<\/div>\n\n\t\t\t\t\t<div id=\"elementor-tab-content-6461\" class=\"elementor-tab-content elementor-clearfix\" data-tab=\"1\" role=\"region\" aria-labelledby=\"elementor-tab-title-6461\"><p><span style=\"font-size: 1.6rem;\">En vertu\u00a0de la <a href=\"https:\/\/www.mcc.gouv.qc.ca\/index-i%3d5121.html\">loi sur le patrimoine culturel<\/a>, les municipalit\u00e9s r\u00e9gionales de comt\u00e9s (MRC) doivent se doter d\u2019un inventaire des immeubles pr\u00e9sentant un int\u00e9r\u00eat patrimonial sur leur territoire et celui-ci doit \u00eatre r\u00e9alis\u00e9 d\u2019ici 2026. La loi et ses modifications ont pour objectifs:<\/span><\/p><ul><li><span style=\"font-size: 1.6rem;\">d\u2019am\u00e9liorer le service aux citoyens et aux propri\u00e9taires de biens patrimoniaux;<\/span><\/li><li><span style=\"font-size: 1.6rem;\">d\u2019accro\u00eetre la transparence et l\u2019\u00e9quit\u00e9 dans les d\u00e9cisions et la pr\u00e9visibilit\u00e9 de celles-ci pour les citoyens;<\/span><\/li><li><span style=\"font-size: 1.6rem;\">de rendre l\u2019action du Minist\u00e8re plus efficiente pour l\u2019attribution de statuts et la gestion des autorisations de travaux;<\/span><\/li><li><span style=\"font-size: 1.6rem;\">de doter les MRC de certains pouvoirs;<\/span><\/li><li><span style=\"font-size: 1.6rem;\">d\u2019introduire certaines obligations pour les municipalit\u00e9s en mati\u00e8re de patrimoine culturel;<\/span><\/li><li><span style=\"font-size: 1.6rem;\">d\u2019accro\u00eetre l\u2019acceptabilit\u00e9 sociale des projets et la participation des parties prenantes.<\/span><\/li><\/ul><\/div>\n\t\t\t\t<\/div>\n\t\t\t\t\t\t\t<div class=\"elementor-toggle-item\">\n\t\t\t\t\t<div id=\"elementor-tab-title-6462\" class=\"elementor-tab-title\" data-tab=\"2\" role=\"button\" aria-controls=\"elementor-tab-content-6462\" aria-expanded=\"false\">\n\t\t\t\t\t\t\t\t\t\t\t\t<span class=\"elementor-toggle-icon elementor-toggle-icon-left\" aria-hidden=\"true\">\n\t\t\t\t\t\t\t\t\t\t\t\t\t\t\t<span class=\"elementor-toggle-icon-closed\"><i class=\"fas fa-caret-right\"><\/i><\/span>\n\t\t\t\t\t\t\t\t<span class=\"elementor-toggle-icon-opened\"><i class=\"elementor-toggle-icon-opened fas fa-caret-up\"><\/i><\/span>\n\t\t\t\t\t\t\t\t\t\t\t\t\t<\/span>\n\t\t\t\t\t\t\t\t\t\t\t\t<a class=\"elementor-toggle-title\" tabindex=\"0\">Un inventaire<\/a>\n\t\t\t\t\t<\/div>\n\n\t\t\t\t\t<div id=\"elementor-tab-content-6462\" class=\"elementor-tab-content elementor-clearfix\" data-tab=\"2\" role=\"region\" aria-labelledby=\"elementor-tab-title-6462\"><p>La ville de Hampstead participera \u00e0 un projet pilote coordonn\u00e9 par la ville de Montr\u00e9al. Ce projet est r\u00e9alis\u00e9 dans le cadre d&rsquo;un inventaire de plus de 80 000 immeubles construits <strong>avant 1940<\/strong> et pr\u00e9sentant un int\u00e9r\u00eat patrimonial pour l\u2019ensemble du territoire de l\u2019\u00eele de Montr\u00e9al.<\/p><p><a href=\"http:\/\/www.bergerongagnon.com\/\">La firme Bergeron Gagnon<\/a>, sp\u00e9cialis\u00e9e en patrimoine, a re\u00e7u le mandat de r\u00e9aliser ce projet pilote. D\u00e8s juillet 2022, elle sillonnera les rues de l&rsquo;arrondissement Saint-Laurent et de la ville de Hampstead pour r\u00e9pertorier et photographier ces b\u00e2timents. Bien que la plupart des photographies soient r\u00e9alis\u00e9es \u00e0 partir de la rue, <u>l\u2019acc\u00e8s \u00e0 votre terrain pourrait \u00eatre requis dans certains cas<\/u>. Votre collaboration est sollicit\u00e9e afin de permettre \u00e0 la firme d&rsquo;y acc\u00e9der.<\/p><p><strong>Prenez note que cet inventaire ne requiert pas d\u2019entrer \u00e0 l\u2019int\u00e9rieur des b\u00e2timents.<\/strong><\/p><p>Ce projet pilote est r\u00e9alis\u00e9 gr\u00e2ce au soutien financier du gouvernement du Qu\u00e9bec et de la Ville de Montr\u00e9al dans le cadre de l&rsquo;Entente de d\u00e9veloppement culturel de Montr\u00e9al.<\/p><\/div>\n\t\t\t\t<\/div>\n\t\t\t\t\t\t\t\t<\/div>\n\t\t\t\t\t\t<\/div>\n\t\t\t\t<\/div>\n\t\t\t\t\t<\/div>\n\t\t<\/div>\n\t\t\t\t\t<\/div>\n\t\t<\/section>\n\t\t\t\t<section class=\"elementor-section elementor-top-section elementor-element elementor-element-6b2602b elementor-section-boxed elementor-section-height-default elementor-section-height-default\" data-id=\"6b2602b\" data-element_type=\"section\" data-e-type=\"section\">\n\t\t\t\t\t\t<div class=\"elementor-container elementor-column-gap-default\">\n\t\t\t\t\t<div class=\"elementor-column elementor-col-66 elementor-top-column elementor-element elementor-element-436372d\" data-id=\"436372d\" data-element_type=\"column\" data-e-type=\"column\">\n\t\t\t<div class=\"elementor-widget-wrap\">\n\t\t\t\t\t\t\t<\/div>\n\t\t<\/div>\n\t\t\t\t<div class=\"elementor-column elementor-col-33 elementor-top-column elementor-element elementor-element-d48639f\" data-id=\"d48639f\" data-element_type=\"column\" data-e-type=\"column\">\n\t\t\t<div class=\"elementor-widget-wrap elementor-element-populated\">\n\t\t\t\t\t\t<div class=\"elementor-element elementor-element-0b322ed elementor-button-align-start elementor-widget elementor-widget-form\" data-id=\"0b322ed\" data-element_type=\"widget\" data-e-type=\"widget\" data-settings=\"{&quot;button_width&quot;:&quot;40&quot;,&quot;step_next_label&quot;:&quot;Next&quot;,&quot;step_previous_label&quot;:&quot;Previous&quot;,&quot;step_type&quot;:&quot;number_text&quot;,&quot;step_icon_shape&quot;:&quot;circle&quot;}\" data-widget_type=\"form.default\">\n\t\t\t\t<div class=\"elementor-widget-container\">\n\t\t\t\t\t\t\t<form class=\"elementor-form\" method=\"post\" name=\"New Form\" aria-label=\"New Form\">\n\t\t\t<input type=\"hidden\" name=\"post_id\" value=\"11849\"\/>\n\t\t\t<input type=\"hidden\" name=\"form_id\" value=\"0b322ed\"\/>\n\t\t\t<input type=\"hidden\" name=\"referer_title\" value=\"Patrimoine  - Hampstead\" \/>\n\n\t\t\t\t\t\t\t<input type=\"hidden\" name=\"queried_id\" value=\"11849\"\/>\n\t\t\t\n\t\t\t<div class=\"elementor-form-fields-wrapper elementor-labels-above\">\n\t\t\t\t\t\t\t\t<div class=\"elementor-field-type-radio elementor-field-group elementor-column elementor-field-group-satisfaction_radio elementor-col-100 elementor-field-required\">\n\t\t\t\t\t\t\t\t\t\t\t\t<label for=\"form-field-satisfaction_radio\" class=\"elementor-field-label\">\n\t\t\t\t\t\t\t\t<div style=\"color:#888\">Aidez nous \u00e0 optimiser notre site.<\/div>\t\t\t\t\t\t\t<\/label>\n\t\t\t\t\t\t<div class=\"elementor-field-subgroup  \"><span class=\"elementor-field-option\"><input type=\"radio\" value=\"oui\" id=\"form-field-satisfaction_radio-0\" name=\"form_fields[satisfaction_radio]\" required=\"required\"> <label for=\"form-field-satisfaction_radio-0\">Oui<\/label><\/span><span class=\"elementor-field-option\"><input type=\"radio\" value=\"non\" id=\"form-field-satisfaction_radio-1\" name=\"form_fields[satisfaction_radio]\" required=\"required\"> <label for=\"form-field-satisfaction_radio-1\">Non<\/label><\/span><\/div>\t\t\t\t<\/div>\n\t\t\t\t\t\t\t\t<div class=\"elementor-field-type-textarea elementor-field-group elementor-column elementor-field-group-message elementor-col-100\">\n\t\t\t\t\t<textarea class=\"elementor-field-textual elementor-field  elementor-size-sm\" name=\"form_fields[message]\" id=\"form-field-message\" rows=\"4\" placeholder=\"Expliquez\"><\/textarea>\t\t\t\t<\/div>\n\t\t\t\t\t\t\t\t<div class=\"elementor-field-group elementor-column elementor-field-type-submit elementor-col-40 e-form__buttons\">\n\t\t\t\t\t<button class=\"elementor-button elementor-size-sm\" type=\"submit\">\n\t\t\t\t\t\t<span class=\"elementor-button-content-wrapper\">\n\t\t\t\t\t\t\t\t\t\t\t\t\t\t\t\t\t\t\t\t\t\t<span class=\"elementor-button-text\">Envoyer<\/span>\n\t\t\t\t\t\t\t\t\t\t\t\t\t<\/span>\n\t\t\t\t\t<\/button>\n\t\t\t\t<\/div>\n\t\t\t<\/div>\n\t\t<\/form>\n\t\t\t\t\t\t<\/div>\n\t\t\t\t<\/div>\n\t\t\t\t\t<\/div>\n\t\t<\/div>\n\t\t\t\t\t<\/div>\n\t\t<\/section>\n\t\t\t\t<\/div>\n\t\t","protected":false},"excerpt":{"rendered":"<p>La loi sur le patrimoine culturel a apport\u00e9 des modifications en avril 2021 concernant essentiellement le patrimoine b\u00e2ti.\u00a0 Cliquez ici pour acc\u00e9der \u00e0 une carte interactive illustrant les implications globales de la Loi 69. Loi sur le patrimoine culturel En vertu\u00a0de la loi sur le patrimoine culturel, les municipalit\u00e9s r\u00e9gionales de comt\u00e9s (MRC) doivent se doter d\u2019un inventaire des immeubles pr\u00e9sentant un int\u00e9r\u00eat patrimonial sur leur territoire et celui-ci doit \u00eatre r\u00e9alis\u00e9 d\u2019ici 2026. La loi et ses modifications ont pour objectifs: d\u2019am\u00e9liorer le service aux citoyens et aux propri\u00e9taires de biens patrimoniaux; d\u2019accro\u00eetre la transparence et l\u2019\u00e9quit\u00e9 dans les<\/p>\n","protected":false},"author":11,"featured_media":0,"parent":0,"menu_order":0,"comment_status":"closed","ping_status":"closed","template":"","meta":{"_acf_changed":false,"footnotes":""},"class_list":["post-11849","page","type-page","status-publish","hentry"],"acf":[],"_links":{"self":[{"href":"https:\/\/www.hampstead.qc.ca\/fr\/wp-json\/wp\/v2\/pages\/11849","targetHints":{"allow":["GET"]}}],"collection":[{"href":"https:\/\/www.hampstead.qc.ca\/fr\/wp-json\/wp\/v2\/pages"}],"about":[{"href":"https:\/\/www.hampstead.qc.ca\/fr\/wp-json\/wp\/v2\/types\/page"}],"author":[{"embeddable":true,"href":"https:\/\/www.hampstead.qc.ca\/fr\/wp-json\/wp\/v2\/users\/11"}],"replies":[{"embeddable":true,"href":"https:\/\/www.hampstead.qc.ca\/fr\/wp-json\/wp\/v2\/comments?post=11849"}],"version-history":[{"count":0,"href":"https:\/\/www.hampstead.qc.ca\/fr\/wp-json\/wp\/v2\/pages\/11849\/revisions"}],"wp:attachment":[{"href":"https:\/\/www.hampstead.qc.ca\/fr\/wp-json\/wp\/v2\/media?parent=11849"}],"curies":[{"name":"wp","href":"https:\/\/api.w.org\/{rel}","templated":true}]}}