{"id":13858,"date":"2022-08-25T15:27:41","date_gmt":"2022-08-25T19:27:41","guid":{"rendered":"https:\/\/www.hampstead.qc.ca\/library-rebate\/"},"modified":"2024-03-19T11:35:56","modified_gmt":"2024-03-19T16:35:56","slug":"rabais-des-bibliotheques","status":"publish","type":"page","link":"https:\/\/www.hampstead.qc.ca\/fr\/rabais-des-bibliotheques\/","title":{"rendered":"Rabais des biblioth\u00e8ques"},"content":{"rendered":"\t\t<div data-elementor-type=\"wp-page\" data-elementor-id=\"13858\" class=\"elementor elementor-13858 elementor-13851\" data-elementor-post-type=\"page\">\n\t\t\t\t\t\t<section class=\"elementor-section elementor-top-section elementor-element elementor-element-8dc8765 elementor-section-boxed elementor-section-height-default elementor-section-height-default\" data-id=\"8dc8765\" data-element_type=\"section\" data-e-type=\"section\">\n\t\t\t\t\t\t<div class=\"elementor-container elementor-column-gap-default\">\n\t\t\t\t\t<div class=\"elementor-column elementor-col-66 elementor-top-column elementor-element elementor-element-eb77da3\" data-id=\"eb77da3\" data-element_type=\"column\" data-e-type=\"column\">\n\t\t\t<div class=\"elementor-widget-wrap elementor-element-populated\">\n\t\t\t\t\t\t<div class=\"elementor-element elementor-element-c6d4e5a elementor-widget elementor-widget-text-editor\" data-id=\"c6d4e5a\" data-element_type=\"widget\" data-e-type=\"widget\" data-widget_type=\"text-editor.default\">\n\t\t\t\t<div class=\"elementor-widget-container\">\n\t\t\t\t\t\t\t\t\t<p style=\"text-align: left;\">M\u00eame si les r\u00e9sidents de Hampstead n&rsquo;ont pas de biblioth\u00e8ques bien \u00e0 eux, nous accordons une grande importance \u00e0 la lecture et \u00e0 l&rsquo;acc\u00e8s aux biblioth\u00e8ques locales. C&rsquo;est pourquoi la ville a instaur\u00e9 en 2010, le programme de rabais des biblioth\u00e8ques en vue de faciliter l&rsquo;acc\u00e8s des r\u00e9sidents aux services offerts par les biblioth\u00e8ques des communaut\u00e9s environnantes. Ce programme offre un rabais sur les frais d&rsquo;abonnement annuel dans plusieurs biblioth\u00e8ques de l&rsquo;\u00eele de Montr\u00e9al. Il permet \u00e9galement de choisir la biblioth\u00e8que qui convient \u00e0 vos go\u00fbts et qui est la mieux situ\u00e9e, vous procurant des avantages que les arrangements ant\u00e9rieurs n&rsquo;offraient pas.<\/p>\t\t\t\t\t\t\t\t<\/div>\n\t\t\t\t<\/div>\n\t\t\t\t\t<\/div>\n\t\t<\/div>\n\t\t\t\t<div class=\"elementor-column elementor-col-33 elementor-top-column elementor-element elementor-element-05865ec\" data-id=\"05865ec\" data-element_type=\"column\" data-e-type=\"column\">\n\t\t\t<div class=\"elementor-widget-wrap elementor-element-populated\">\n\t\t\t\t\t\t<div class=\"elementor-element elementor-element-228345d elementor-widget elementor-widget-image\" data-id=\"228345d\" data-element_type=\"widget\" data-e-type=\"widget\" data-widget_type=\"image.default\">\n\t\t\t\t<div class=\"elementor-widget-container\">\n\t\t\t\t\t\t\t\t\t\t\t\t\t\t\t<img fetchpriority=\"high\" decoding=\"async\" width=\"203\" height=\"296\" src=\"https:\/\/b2671802.smushcdn.com\/2671802\/wp-content\/uploads\/2023\/01\/book.jpg?lossy=1&strip=1&webp=1\" class=\"attachment-full size-full wp-image-23568\" alt=\"\" \/>\t\t\t\t\t\t\t\t\t\t\t\t\t\t\t<\/div>\n\t\t\t\t<\/div>\n\t\t\t\t\t<\/div>\n\t\t<\/div>\n\t\t\t\t\t<\/div>\n\t\t<\/section>\n\t\t\t\t<section class=\"elementor-section elementor-top-section elementor-element elementor-element-6170c73 elementor-section-boxed elementor-section-height-default elementor-section-height-default\" data-id=\"6170c73\" data-element_type=\"section\" data-e-type=\"section\">\n\t\t\t\t\t\t<div class=\"elementor-container elementor-column-gap-default\">\n\t\t\t\t\t<div class=\"elementor-column elementor-col-100 elementor-top-column elementor-element elementor-element-790b4b8\" data-id=\"790b4b8\" data-element_type=\"column\" data-e-type=\"column\">\n\t\t\t<div class=\"elementor-widget-wrap elementor-element-populated\">\n\t\t\t\t\t\t<div class=\"elementor-element elementor-element-bcac634 elementor-widget elementor-widget-toggle\" data-id=\"bcac634\" data-element_type=\"widget\" data-e-type=\"widget\" data-widget_type=\"toggle.default\">\n\t\t\t\t<div class=\"elementor-widget-container\">\n\t\t\t\t\t\t\t<div class=\"elementor-toggle\">\n\t\t\t\t\t\t\t<div class=\"elementor-toggle-item\">\n\t\t\t\t\t<div id=\"elementor-tab-title-1971\" class=\"elementor-tab-title\" data-tab=\"1\" role=\"button\" aria-controls=\"elementor-tab-content-1971\" aria-expanded=\"false\">\n\t\t\t\t\t\t\t\t\t\t\t\t<span class=\"elementor-toggle-icon elementor-toggle-icon-left\" aria-hidden=\"true\">\n\t\t\t\t\t\t\t\t\t\t\t\t\t\t\t<span class=\"elementor-toggle-icon-closed\"><i class=\"fas fa-caret-right\"><\/i><\/span>\n\t\t\t\t\t\t\t\t<span class=\"elementor-toggle-icon-opened\"><i class=\"elementor-toggle-icon-opened fas fa-caret-up\"><\/i><\/span>\n\t\t\t\t\t\t\t\t\t\t\t\t\t<\/span>\n\t\t\t\t\t\t\t\t\t\t\t\t<a class=\"elementor-toggle-title\" tabindex=\"0\">Pour profiter de ce programme<\/a>\n\t\t\t\t\t<\/div>\n\n\t\t\t\t\t<div id=\"elementor-tab-content-1971\" class=\"elementor-tab-content elementor-clearfix\" data-tab=\"1\" role=\"region\" aria-labelledby=\"elementor-tab-title-1971\"><p>Une fois que vous avez fait l&rsquo;achat d&rsquo;un abonnement annuel d&rsquo;une institution sur l&rsquo;\u00eele de Montr\u00e9al, vous devez pr\u00e9senter <strong>une preuve de r\u00e9sidence<\/strong> et <strong>une preuve de paiement<\/strong> avec votre nom par <a href=\"mailto:recreation@hampstead.qc.ca\">courriel au d\u00e9partement des loisirs et services communautaires de la Ville<\/a> et remplir le <a href=\"https:\/\/forms.office.com\/r\/6EJv3MY6Ly\">formulaire<\/a> de Rabais des biblioth\u00e8ques en ligne.<\/p><p><em>*Veuillez prendre note que la ville rembourse \u00e0 50% les frais d&rsquo;abonnement jusqu&rsquo;\u00e0 concurrence de 100$ par m\u00e9nage ou 100% du co\u00fbt d&rsquo;un abonnement \u00e0 une biblioth\u00e8que publique, jusqu&rsquo;\u00e0 concurrence de 50$ par m\u00e9nage.<\/em><\/p><\/div>\n\t\t\t\t<\/div>\n\t\t\t\t\t\t\t\t<\/div>\n\t\t\t\t\t\t<\/div>\n\t\t\t\t<\/div>\n\t\t\t\t\t<\/div>\n\t\t<\/div>\n\t\t\t\t\t<\/div>\n\t\t<\/section>\n\t\t\t\t<section class=\"elementor-section elementor-top-section elementor-element elementor-element-35402a1 elementor-section-boxed elementor-section-height-default elementor-section-height-default\" data-id=\"35402a1\" data-element_type=\"section\" data-e-type=\"section\">\n\t\t\t\t\t\t<div class=\"elementor-container elementor-column-gap-default\">\n\t\t\t\t\t<div class=\"elementor-column elementor-col-33 elementor-top-column elementor-element elementor-element-1ce7d19\" data-id=\"1ce7d19\" data-element_type=\"column\" data-e-type=\"column\">\n\t\t\t<div class=\"elementor-widget-wrap\">\n\t\t\t\t\t\t\t<\/div>\n\t\t<\/div>\n\t\t\t\t<div class=\"elementor-column elementor-col-33 elementor-top-column elementor-element elementor-element-15a81af\" data-id=\"15a81af\" data-element_type=\"column\" data-e-type=\"column\">\n\t\t\t<div class=\"elementor-widget-wrap\">\n\t\t\t\t\t\t\t<\/div>\n\t\t<\/div>\n\t\t\t\t<div class=\"elementor-column elementor-col-33 elementor-top-column elementor-element elementor-element-8a03dcf\" data-id=\"8a03dcf\" data-element_type=\"column\" data-e-type=\"column\">\n\t\t\t<div class=\"elementor-widget-wrap elementor-element-populated\">\n\t\t\t\t\t\t<div class=\"elementor-element elementor-element-3db2144 elementor-widget elementor-widget-heading\" data-id=\"3db2144\" data-element_type=\"widget\" data-e-type=\"widget\" data-widget_type=\"heading.default\">\n\t\t\t\t<div class=\"elementor-widget-container\">\n\t\t\t\t\t<h4 class=\"elementor-heading-title elementor-size-default\">Cette page r\u00e9pond-elle \u00e0 vos besoins ?<\/h4>\t\t\t\t<\/div>\n\t\t\t\t<\/div>\n\t\t\t\t<div class=\"elementor-element elementor-element-204ac12 elementor-button-align-start elementor-widget elementor-widget-form\" data-id=\"204ac12\" data-element_type=\"widget\" data-e-type=\"widget\" data-settings=\"{&quot;button_width&quot;:&quot;40&quot;,&quot;step_next_label&quot;:&quot;Next&quot;,&quot;step_previous_label&quot;:&quot;Previous&quot;,&quot;step_type&quot;:&quot;number_text&quot;,&quot;step_icon_shape&quot;:&quot;circle&quot;}\" data-widget_type=\"form.default\">\n\t\t\t\t<div class=\"elementor-widget-container\">\n\t\t\t\t\t\t\t<form class=\"elementor-form\" method=\"post\" name=\"New Form\" aria-label=\"New Form\">\n\t\t\t<input type=\"hidden\" name=\"post_id\" value=\"13858\"\/>\n\t\t\t<input type=\"hidden\" name=\"form_id\" value=\"204ac12\"\/>\n\t\t\t<input type=\"hidden\" name=\"referer_title\" value=\"\" \/>\n\n\t\t\t\n\t\t\t<div class=\"elementor-form-fields-wrapper elementor-labels-above\">\n\t\t\t\t\t\t\t\t<div class=\"elementor-field-type-radio elementor-field-group elementor-column elementor-field-group-satisfaction_radio elementor-col-100 elementor-field-required\">\n\t\t\t\t\t\t\t\t\t\t\t\t<label for=\"form-field-satisfaction_radio\" class=\"elementor-field-label\">\n\t\t\t\t\t\t\t\t<div style=\"color:#888\">Aidez nous \u00e0 optimiser notre site.<\/div>\t\t\t\t\t\t\t<\/label>\n\t\t\t\t\t\t<div class=\"elementor-field-subgroup  \"><span class=\"elementor-field-option\"><input type=\"radio\" value=\"oui\" id=\"form-field-satisfaction_radio-0\" name=\"form_fields[satisfaction_radio]\" required=\"required\"> <label for=\"form-field-satisfaction_radio-0\">Oui<\/label><\/span><span class=\"elementor-field-option\"><input type=\"radio\" value=\"non\" id=\"form-field-satisfaction_radio-1\" name=\"form_fields[satisfaction_radio]\" required=\"required\"> <label for=\"form-field-satisfaction_radio-1\">Non<\/label><\/span><\/div>\t\t\t\t<\/div>\n\t\t\t\t\t\t\t\t<div class=\"elementor-field-type-textarea elementor-field-group elementor-column elementor-field-group-message elementor-col-100\">\n\t\t\t\t\t<textarea class=\"elementor-field-textual elementor-field  elementor-size-sm\" name=\"form_fields[message]\" id=\"form-field-message\" rows=\"4\" placeholder=\"Expliquez\"><\/textarea>\t\t\t\t<\/div>\n\t\t\t\t\t\t\t\t<div class=\"elementor-field-group elementor-column elementor-field-type-submit elementor-col-40 e-form__buttons\">\n\t\t\t\t\t<button class=\"elementor-button elementor-size-sm\" type=\"submit\">\n\t\t\t\t\t\t<span class=\"elementor-button-content-wrapper\">\n\t\t\t\t\t\t\t\t\t\t\t\t\t\t\t\t\t\t\t\t\t\t<span class=\"elementor-button-text\">Envoyer<\/span>\n\t\t\t\t\t\t\t\t\t\t\t\t\t<\/span>\n\t\t\t\t\t<\/button>\n\t\t\t\t<\/div>\n\t\t\t<\/div>\n\t\t<\/form>\n\t\t\t\t\t\t<\/div>\n\t\t\t\t<\/div>\n\t\t\t\t\t<\/div>\n\t\t<\/div>\n\t\t\t\t\t<\/div>\n\t\t<\/section>\n\t\t\t\t<\/div>\n\t\t","protected":false},"excerpt":{"rendered":"<p>M\u00eame si les r\u00e9sidents de Hampstead n&rsquo;ont pas de biblioth\u00e8ques bien \u00e0 eux, nous accordons une grande importance \u00e0 la lecture et \u00e0 l&rsquo;acc\u00e8s aux biblioth\u00e8ques locales. C&rsquo;est pourquoi la ville a instaur\u00e9 en 2010, le programme de rabais des biblioth\u00e8ques en vue de faciliter l&rsquo;acc\u00e8s des r\u00e9sidents aux services offerts par les biblioth\u00e8ques des communaut\u00e9s environnantes. Ce programme offre un rabais sur les frais d&rsquo;abonnement annuel dans plusieurs biblioth\u00e8ques de l&rsquo;\u00eele de Montr\u00e9al. Il permet \u00e9galement de choisir la biblioth\u00e8que qui convient \u00e0 vos go\u00fbts et qui est la mieux situ\u00e9e, vous procurant des avantages que les arrangements ant\u00e9rieurs<\/p>\n","protected":false},"author":11,"featured_media":0,"parent":0,"menu_order":0,"comment_status":"closed","ping_status":"closed","template":"","meta":{"_acf_changed":false,"footnotes":""},"class_list":["post-13858","page","type-page","status-publish","hentry"],"acf":[],"_links":{"self":[{"href":"https:\/\/www.hampstead.qc.ca\/fr\/wp-json\/wp\/v2\/pages\/13858","targetHints":{"allow":["GET"]}}],"collection":[{"href":"https:\/\/www.hampstead.qc.ca\/fr\/wp-json\/wp\/v2\/pages"}],"about":[{"href":"https:\/\/www.hampstead.qc.ca\/fr\/wp-json\/wp\/v2\/types\/page"}],"author":[{"embeddable":true,"href":"https:\/\/www.hampstead.qc.ca\/fr\/wp-json\/wp\/v2\/users\/11"}],"replies":[{"embeddable":true,"href":"https:\/\/www.hampstead.qc.ca\/fr\/wp-json\/wp\/v2\/comments?post=13858"}],"version-history":[{"count":0,"href":"https:\/\/www.hampstead.qc.ca\/fr\/wp-json\/wp\/v2\/pages\/13858\/revisions"}],"wp:attachment":[{"href":"https:\/\/www.hampstead.qc.ca\/fr\/wp-json\/wp\/v2\/media?parent=13858"}],"curies":[{"name":"wp","href":"https:\/\/api.w.org\/{rel}","templated":true}]}}