{"id":26400,"date":"2023-03-02T14:40:21","date_gmt":"2023-03-02T18:40:21","guid":{"rendered":"https:\/\/www.hampstead.qc.ca\/?page_id=26400"},"modified":"2023-04-18T12:02:41","modified_gmt":"2023-04-18T16:02:41","slug":"conseils-de-securite-en-matiere-de-vols","status":"publish","type":"page","link":"https:\/\/www.hampstead.qc.ca\/fr\/conseils-de-securite-en-matiere-de-vols\/","title":{"rendered":"Conseils de s\u00e9curit\u00e9 en mati\u00e8re de vols"},"content":{"rendered":"<p style=\"padding-left: 40px;\">Derni\u00e8rement, la Ville de Hampstead et ses municipalit\u00e9s avoisinnantes ont \u00e9t\u00e9 victime d\u2019une augmentation de tentatives de vols\u00a0: entr\u00e9e par effraction de v\u00e9hicules et maisons. La s\u00e9curit\u00e9 publique de la Ville surveille la situation activement et travaille de concert avec le <a href=\"https:\/\/spvm.qc.ca\/fr\/PDQ46\/Actualites\/12675\">Service de Police de Montr\u00e9al (SPVM)<\/a> afin d\u2019assurer la s\u00e9curit\u00e9 des r\u00e9sidents et de leurs biens.<\/p>\n<p style=\"padding-left: 40px;\">Nous demandons \u00e0 tous les r\u00e9sidents de Hampstead de signaler toutes activit\u00e9s suspectes \u00e0 la s\u00e9curit\u00e9 publique via la r\u00e9partition 514-369-8250, ouverte 24\/7. Le SPVM continue d\u2019enqu\u00eater ces dossiers.<\/p>\n<p style=\"padding-left: 40px;\">Il a \u00e9t\u00e9 d\u00e9montr\u00e9 que ces vols ont tendance \u00e0 se r\u00e9p\u00e9ter fr\u00e9quemment sur une courte p\u00e9riode de temps. Par cons\u00e9quent, la Ville demande instamment \u00e0 tous les r\u00e9sidents de faire preuve d&rsquo;une vigilance accrue et de prendre des pr\u00e9cautions telles que :<\/p>\n<ul>\n<li style=\"list-style-type: none;\">\n<ul>\n<li><span style=\"color: #ff0000;\"><strong>Verrouillez toujours vos portes et fen\u00eatres, m\u00eame lorsque vous vous absentez bri\u00e8vement, que vous \u00eates \u00e0 l&rsquo;ext\u00e9rieur de votre propri\u00e9t\u00e9 ou \u00e0 l&rsquo;int\u00e9rieur de votre maison;<\/strong><\/span><\/li>\n<li><span style=\"color: #ff0000;\"><strong>NE LAISSEZ PAS VOTRE V\u00c9HICULE D\u00c9VERROUILL\u00c9 ET SANS SURVEILLANCE.<\/strong><\/span><\/li>\n<li><span style=\"color: #ff0000;\"><strong>Verrouillez toujours les portes de la voiture;<\/strong><\/span><\/li>\n<li><span style=\"color: #ff0000;\"><strong>Fermez toujours les portes du garage;<\/strong><\/span><\/li>\n<li><span style=\"color: #ff0000;\"><strong>Laisser les lumi\u00e8res ext\u00e9rieures allum\u00e9es pendant la nuit;<\/strong><\/span><\/li>\n<li><span style=\"color: #ff0000;\"><strong>Activez la cam\u00e9ra et le syst\u00e8me d&rsquo;alarme de votre maison;<\/strong><\/span><\/li>\n<li><span style=\"color: #ff0000;\"><strong>Si vous vivez dans un appartement ou un immeuble en copropri\u00e9t\u00e9, fermez la porte derri\u00e8re vous lorsque vous entrez ou sortez de l&rsquo;immeuble. Signalez \u00e0 votre gestionnaire immobilier tout probl\u00e8me de s\u00e9curit\u00e9, tel qu&rsquo;un faible \u00e9clairage autour des entr\u00e9es ou des points d&rsquo;acc\u00e8s faciles;<\/strong><\/span><\/li>\n<li><strong>Utilisez une minuterie pour les lumi\u00e8res int\u00e9rieures;<\/strong><\/li>\n<li><strong>N&rsquo;annoncez pas vos vacances ou vos voyages sur les m\u00e9dias sociaux;<\/strong><\/li>\n<li><strong>Contactez la s\u00e9curit\u00e9 publique pour nous informer de votre absence en vacances;<\/strong><\/li>\n<li><strong>Organisez des visites de contr\u00f4le \u00e0 domicile par des parents ou des amis;<\/strong><\/li>\n<li><strong>Faites garder ou faire suivre votre courrier;<\/strong><\/li>\n<li><strong>Gardez vos objets de valeur dans un coffre-fort ou une bo\u00eete \u00e0 cl\u00e9 lorsque vous sortez;<\/strong><\/li>\n<li><strong>Ne gardez pas de grosses sommes d&rsquo;argent ou d&rsquo;objets de valeur dans la chambre principale, c&rsquo;est l\u00e0 que le criminel ira chercher en premier;<\/strong><\/li>\n<li><strong>Changez de temps en temps les codes d&rsquo;acc\u00e8s des serrures \u00e9lectroniques et des portes de garage;<\/strong><\/li>\n<li><strong>Gardez vos objets de valeur hors de vue, par exemple des v\u00e9los dispendieux dans un garage ouvert;<\/strong><\/li>\n<li><strong>Installez des lampes \u00e0 d\u00e9tecteur de mouvement, des serrures \u00e0 peine dormantes et am\u00e9liorez les serrures des portes de patio et des portes en verre coulissantes;<\/strong><\/li>\n<li><strong>Taillez vos arbustes et vos buissons pour \u00e9liminer les cachettes, et ne cachez jamais de cl\u00e9s \u00e0 l&rsquo;ext\u00e9rieur, par exemple sous un pot de fleurs;<\/strong><\/li>\n<li><strong>Changez toujours les serrures lorsque vous emm\u00e9nagez dans une nouvelle maison, un nouveau condo ou un nouvel appartement, ou en cas de perte ou de vol de vos cl\u00e9s.<\/strong><\/li>\n<li><strong>Une liste INVENTAIRE \u00e0 jour de vos objets de valeur et de vos biens (avec photos) aidera le SPVM \u00e0 identifier les objets retrouv\u00e9s. Elle facilitera \u00e9galement le processus de r\u00e9clamation d&rsquo;assurance pour des r\u00e9sultats plus rapides.<\/strong><\/li>\n<\/ul>\n<\/li>\n<\/ul>\n<p style=\"padding-left: 40px;\"><strong>Si vous rentrez chez vous et que vous constatez que votre logement a \u00e9t\u00e9 cambriol\u00e9 ou que vous sentez une activit\u00e9 suspecte sur votre propri\u00e9t\u00e9, n&rsquo;y entrer pas. <\/strong><\/p>\n<p style=\"padding-left: 40px;\">Appelez la S\u00e9curit\u00e9 publique de Hampstead et le SPVM et attendez l&rsquo;arriv\u00e9e des autorit\u00e9s.<\/p>\n<p style=\"padding-left: 40px;\">Votre s\u00e9curit\u00e9 est notre priorit\u00e9, et tous nos efforts sont mis en \u0153uvre pour contrer ces crimes,<\/p>\n<p style=\"padding-left: 40px;\"><em>Richard Sun, Directeur g\u00e9n\u00e9ral<\/em><\/p>\n<p style=\"padding-left: 40px;\"><em>Thierry Houle, Directeur de l\u2019information et de la s\u00e9curit\u00e9<\/em><\/p>\n","protected":false},"excerpt":{"rendered":"<p>Derni\u00e8rement, la Ville de Hampstead et ses municipalit\u00e9s avoisinnantes ont \u00e9t\u00e9 victime d\u2019une augmentation de tentatives de vols\u00a0: entr\u00e9e par effraction de v\u00e9hicules et maisons. La s\u00e9curit\u00e9 publique de la Ville surveille la situation activement et travaille de concert avec le Service de Police de Montr\u00e9al (SPVM) afin d\u2019assurer la s\u00e9curit\u00e9 des r\u00e9sidents et de leurs biens. Nous demandons \u00e0 tous les r\u00e9sidents de Hampstead de signaler toutes activit\u00e9s suspectes \u00e0 la s\u00e9curit\u00e9 publique via la r\u00e9partition 514-369-8250, ouverte 24\/7. Le SPVM continue d\u2019enqu\u00eater ces dossiers. Il a \u00e9t\u00e9 d\u00e9montr\u00e9 que ces vols ont tendance \u00e0 se r\u00e9p\u00e9ter fr\u00e9quemment sur<\/p>\n","protected":false},"author":11,"featured_media":0,"parent":0,"menu_order":0,"comment_status":"closed","ping_status":"closed","template":"","meta":{"_acf_changed":false,"footnotes":""},"class_list":["post-26400","page","type-page","status-publish","hentry"],"acf":[],"_links":{"self":[{"href":"https:\/\/www.hampstead.qc.ca\/fr\/wp-json\/wp\/v2\/pages\/26400","targetHints":{"allow":["GET"]}}],"collection":[{"href":"https:\/\/www.hampstead.qc.ca\/fr\/wp-json\/wp\/v2\/pages"}],"about":[{"href":"https:\/\/www.hampstead.qc.ca\/fr\/wp-json\/wp\/v2\/types\/page"}],"author":[{"embeddable":true,"href":"https:\/\/www.hampstead.qc.ca\/fr\/wp-json\/wp\/v2\/users\/11"}],"replies":[{"embeddable":true,"href":"https:\/\/www.hampstead.qc.ca\/fr\/wp-json\/wp\/v2\/comments?post=26400"}],"version-history":[{"count":0,"href":"https:\/\/www.hampstead.qc.ca\/fr\/wp-json\/wp\/v2\/pages\/26400\/revisions"}],"wp:attachment":[{"href":"https:\/\/www.hampstead.qc.ca\/fr\/wp-json\/wp\/v2\/media?parent=26400"}],"curies":[{"name":"wp","href":"https:\/\/api.w.org\/{rel}","templated":true}]}}