{"id":270,"date":"2021-05-11T23:10:31","date_gmt":"2021-05-11T23:10:31","guid":{"rendered":"https:\/\/website.hampstead.penega.dev\/?page_id=270"},"modified":"2026-03-10T14:38:39","modified_gmt":"2026-03-10T18:38:39","slug":"amenagement-paysager-et-deneigement","status":"publish","type":"page","link":"https:\/\/www.hampstead.qc.ca\/fr\/services\/amenagement-paysager-et-deneigement\/","title":{"rendered":"Permis d&rsquo;entrepreneur"},"content":{"rendered":"\t\t<div data-elementor-type=\"wp-page\" data-elementor-id=\"270\" class=\"elementor elementor-270\" data-elementor-post-type=\"page\">\n\t\t\t\t\t\t<section class=\"elementor-section elementor-top-section elementor-element elementor-element-d739ecd elementor-section-boxed elementor-section-height-default elementor-section-height-default elementor-invisible\" data-id=\"d739ecd\" data-element_type=\"section\" data-e-type=\"section\" data-settings=\"{&quot;animation&quot;:&quot;fadeInUp&quot;}\">\n\t\t\t\t\t\t<div class=\"elementor-container elementor-column-gap-default\">\n\t\t\t\t\t<div class=\"elementor-column elementor-col-50 elementor-top-column elementor-element elementor-element-1edcf98\" data-id=\"1edcf98\" data-element_type=\"column\" data-e-type=\"column\">\n\t\t\t<div class=\"elementor-widget-wrap elementor-element-populated\">\n\t\t\t\t\t\t<div class=\"elementor-element elementor-element-227d89c elementor-alert-danger elementor-widget elementor-widget-alert\" data-id=\"227d89c\" data-element_type=\"widget\" data-e-type=\"widget\" data-widget_type=\"alert.default\">\n\t\t\t\t<div class=\"elementor-widget-container\">\n\t\t\t\t\t\t\t<div class=\"elementor-alert\" role=\"alert\">\n\n\t\t\t\t\t\t<span class=\"elementor-alert-title\">\u00c9pisode de pluie vergla\u00e7ante<\/span>\n\t\t\t\n\t\t\t\t\t\t<span class=\"elementor-alert-description\">En raison de conditions m\u00e9t\u00e9orologiques dangereuses, la Ville de Hampstead recommande fortement la suspension de tous les chantiers et travaux ext\u00e9rieurs d\u00e8s le 10 mars \u00e0 16 h, et ce, jusqu\u2019\u00e0 la fin de l\u2019\u00e9v\u00e9nement de pluie vergla\u00e7ante, pr\u00e9sentement annonc\u00e9e pour jeudi (12 mars). Pour toute question li\u00e9e aux permis : urbanisme@hampstead.qc.ca. Pour toute assistance imm\u00e9diate : S\u00e9curit\u00e9 publique 514\u2011369\u20118250.<\/span>\n\t\t\t\n\t\t\t\t\t\t<button type=\"button\" class=\"elementor-alert-dismiss\" aria-label=\"Dismiss this alert.\">\n\t\t\t\t\t\t\t\t\t<span aria-hidden=\"true\">&times;<\/span>\n\t\t\t\t\t\t\t<\/button>\n\t\t\t\n\t\t<\/div>\n\t\t\t\t\t\t<\/div>\n\t\t\t\t<\/div>\n\t\t\t\t<div class=\"elementor-element elementor-element-1c7b90a elementor-invisible elementor-widget elementor-widget-text-editor\" data-id=\"1c7b90a\" data-element_type=\"widget\" data-e-type=\"widget\" data-settings=\"{&quot;_animation&quot;:&quot;fadeInUp&quot;}\" data-widget_type=\"text-editor.default\">\n\t\t\t\t<div class=\"elementor-widget-container\">\n\t\t\t\t\t\t\t\t\t<h2>Les permis d&rsquo;entrepreneur<\/h2><p><strong>Les permis de l&rsquo;entrepreneur doivent \u00eatre <\/strong>conformes aux <a href=\"https:\/\/www.hampstead.qc.ca\/fr\/ville\/liste-des-reglements\/\">r\u00e8glements<\/a> municipaux.<\/p><p>Toutes les entreprises priv\u00e9es de jardinage, d&rsquo;am\u00e9nagement paysager ou de d\u00e9neigement \u00e0 Hampstead sont <strong>tenues par le r\u00e8glement d&rsquo;avoir un permis d&rsquo;entrepreneur<\/strong>.<\/p><p>Tout entrepreneur pris sans permis valide est passible d&rsquo;une amende de <strong>50 \u00e0 300 dollars pour une premi\u00e8re infraction, plus les frais de justice<\/strong>.<\/p><p><strong>*Une r\u00e9cidive est passible d&rsquo;une amende de 100 \u00e0 300 dollars plus les frais de justice.<\/strong><\/p><p><strong style=\"font-size: 1.5rem;\">Les permis d&rsquo;entrepreneur sont sur le portail <a href=\"http:\/\/my.hampstead.qc.ca\">mon.Hampstead<\/a>.<\/strong><\/p><p><strong>Pour s&rsquo;inscrire, les informations ou documents suivants :<\/strong><\/p><ul><li>Num\u00e9ro d&rsquo;enregistrement de la soci\u00e9t\u00e9<\/li><li>Liste des num\u00e9ros de plaques d&rsquo;immatriculation des v\u00e9hicules<\/li><li>Liste des adresses o\u00f9 se d\u00e9roule l&rsquo;activit\u00e9<\/li><li>Paiement<\/li><\/ul>\t\t\t\t\t\t\t\t<\/div>\n\t\t\t\t<\/div>\n\t\t\t\t\t<\/div>\n\t\t<\/div>\n\t\t\t\t<div class=\"elementor-column elementor-col-50 elementor-top-column elementor-element elementor-element-d7bf67f\" data-id=\"d7bf67f\" data-element_type=\"column\" data-e-type=\"column\">\n\t\t\t<div class=\"elementor-widget-wrap\">\n\t\t\t\t\t\t\t<\/div>\n\t\t<\/div>\n\t\t\t\t\t<\/div>\n\t\t<\/section>\n\t\t\t\t<section class=\"elementor-section elementor-top-section elementor-element elementor-element-6583044 elementor-section-boxed elementor-section-height-default elementor-section-height-default elementor-invisible\" data-id=\"6583044\" data-element_type=\"section\" data-e-type=\"section\" data-settings=\"{&quot;background_background&quot;:&quot;classic&quot;,&quot;animation&quot;:&quot;fadeInUp&quot;}\">\n\t\t\t\t\t\t<div class=\"elementor-container elementor-column-gap-default\">\n\t\t\t\t\t<div class=\"elementor-column elementor-col-50 elementor-top-column elementor-element elementor-element-92b13f4\" data-id=\"92b13f4\" data-element_type=\"column\" data-e-type=\"column\">\n\t\t\t<div class=\"elementor-widget-wrap elementor-element-populated\">\n\t\t\t\t\t\t<div class=\"elementor-element elementor-element-901fc34 elementor-widget elementor-widget-text-editor\" data-id=\"901fc34\" data-element_type=\"widget\" data-e-type=\"widget\" data-widget_type=\"text-editor.default\">\n\t\t\t\t<div class=\"elementor-widget-container\">\n\t\t\t\t\t\t\t\t\t<p>En r\u00e9f\u00e9rence \u00e0 l&rsquo;article 6 du <a href=\"https:\/\/www.hampstead.qc.ca\/fr\/ville\/liste-des-reglements\/\">r\u00e8glement<\/a> 795, il est <strong>interdit de :<\/strong><\/p><p>De d\u00e9verser de la neige dans les rues et sur les trottoirs ou de faire de nouveaux tas de neige sur le c\u00f4t\u00e9 des rues d\u00e9j\u00e0 nettoy\u00e9es par la Ville ;<\/p><p>D\u2019enlever la neige d&rsquo;une all\u00e9e priv\u00e9e et de la d\u00e9poser en tas \u00e0 c\u00f4t\u00e9 de cette all\u00e9e. La neige <strong>doit <\/strong>\u00eatre r\u00e9partie le long des bancs de neige pour \u00e9viter de cr\u00e9er de gros tas de neige.<\/p><p>Lorsqu&rsquo;elle n&rsquo;est pas transport\u00e9e, la neige DOIT \u00eatre souffl\u00e9e sur le terrain du propri\u00e9taire ou pouss\u00e9e le long du c\u00f4t\u00e9 de la rue, pr\u00e8s du trottoir. <strong>Veuillez utiliser le c\u00f4t\u00e9 de la rue qui n&rsquo;a pas encore \u00e9t\u00e9 nettoy\u00e9 par la Ville pour d\u00e9verser la neige.<\/strong><\/p><p><strong>Ne JAMAIS <\/strong>bloquer le passage sur les trottoirs et tous les points d&rsquo;entr\u00e9e des propri\u00e9t\u00e9s voisines, c&rsquo;est-\u00e0-dire les voies d&rsquo;acc\u00e8s, les all\u00e9es et les sentiers, ni enterrer les bouches d&rsquo;incendie ou les panneaux de signalisation municipaux.<\/p><p>Les personnes qui enfreignent une disposition du <a href=\"https:\/\/www.hampstead.qc.ca\/fr\/ville\/liste-des-reglements\/\">R\u00e8glement<\/a> no 795-2 sur les nuisances et ses modifications sont passibles d&rsquo;une amende. Une premi\u00e8re infraction entra\u00eenera une amende de 100 $ \u00e0 1 000 $, plus les frais de justice.<\/p><p><strong>Les infractions subs\u00e9quentes entra\u00eeneront des amendes de 250 \u00e0 2 000 $, plus les frais de justice, conform\u00e9ment \u00e0 l&rsquo;article 12.1 du r\u00e8glement sur les nuisances no 795-2.<\/strong><\/p><p><strong>*Les frais de justice sont des frais administratifs qui sont impos\u00e9s par le tribunal municipal du Conseil d&rsquo;agglom\u00e9ration.<\/strong><\/p><p>Pour de plus amples renseignements, veuillez communiquer avec l&rsquo;H\u00f4tel de Ville au 514 369-8200.<\/p>\t\t\t\t\t\t\t\t<\/div>\n\t\t\t\t<\/div>\n\t\t\t\t\t<\/div>\n\t\t<\/div>\n\t\t\t\t<div class=\"elementor-column elementor-col-50 elementor-top-column elementor-element elementor-element-fb798a1\" data-id=\"fb798a1\" data-element_type=\"column\" data-e-type=\"column\">\n\t\t\t<div class=\"elementor-widget-wrap\">\n\t\t\t\t\t\t\t<\/div>\n\t\t<\/div>\n\t\t\t\t\t<\/div>\n\t\t<\/section>\n\t\t\t\t<section class=\"elementor-section elementor-top-section elementor-element elementor-element-3c4eb78 elementor-section-boxed elementor-section-height-default elementor-section-height-default elementor-invisible\" data-id=\"3c4eb78\" data-element_type=\"section\" data-e-type=\"section\" data-settings=\"{&quot;animation&quot;:&quot;fadeInUp&quot;}\">\n\t\t\t\t\t\t<div class=\"elementor-container elementor-column-gap-default\">\n\t\t\t\t\t<div class=\"elementor-column elementor-col-50 elementor-top-column elementor-element elementor-element-1c316f7\" data-id=\"1c316f7\" data-element_type=\"column\" data-e-type=\"column\">\n\t\t\t<div class=\"elementor-widget-wrap elementor-element-populated\">\n\t\t\t\t\t\t<div class=\"elementor-element elementor-element-7cc24c7 elementor-widget elementor-widget-heading\" data-id=\"7cc24c7\" data-element_type=\"widget\" data-e-type=\"widget\" data-widget_type=\"heading.default\">\n\t\t\t\t<div class=\"elementor-widget-container\">\n\t\t\t\t\t<h3 class=\"elementor-heading-title elementor-size-default\">Droit de permis<\/h3>\t\t\t\t<\/div>\n\t\t\t\t<\/div>\n\t\t\t\t<div class=\"elementor-element elementor-element-618daf1 elementor-widget elementor-widget-toggle\" data-id=\"618daf1\" data-element_type=\"widget\" data-e-type=\"widget\" data-widget_type=\"toggle.default\">\n\t\t\t\t<div class=\"elementor-widget-container\">\n\t\t\t\t\t\t\t<div class=\"elementor-toggle\">\n\t\t\t\t\t\t\t<div class=\"elementor-toggle-item\">\n\t\t\t\t\t<div id=\"elementor-tab-title-1021\" class=\"elementor-tab-title\" data-tab=\"1\" role=\"button\" aria-controls=\"elementor-tab-content-1021\" aria-expanded=\"false\">\n\t\t\t\t\t\t\t\t\t\t\t\t<span class=\"elementor-toggle-icon elementor-toggle-icon-left\" aria-hidden=\"true\">\n\t\t\t\t\t\t\t\t\t\t\t\t\t\t\t<span class=\"elementor-toggle-icon-closed\"><i class=\"fas fa-caret-right\"><\/i><\/span>\n\t\t\t\t\t\t\t\t<span class=\"elementor-toggle-icon-opened\"><i class=\"elementor-toggle-icon-opened fas fa-caret-up\"><\/i><\/span>\n\t\t\t\t\t\t\t\t\t\t\t\t\t<\/span>\n\t\t\t\t\t\t\t\t\t\t\t\t<a class=\"elementor-toggle-title\" tabindex=\"0\">Permis de d\u00e9neigement (valable du 1er novembre au 30 avril)<\/a>\n\t\t\t\t\t<\/div>\n\n\t\t\t\t\t<div id=\"elementor-tab-content-1021\" class=\"elementor-tab-content elementor-clearfix\" data-tab=\"1\" role=\"region\" aria-labelledby=\"elementor-tab-title-1021\"><p><span style=\"font-size: 1.6rem; font-family: georgia, palatino, serif;\">156 $ Pour enregistrer une entreprise aupr\u00e8s de la Ville de Hamsptead;<\/span><\/p><p><span style=\"font-size: 1.6rem; font-family: georgia, palatino, serif;\">100 $ pour le premier v\u00e9hicule;<\/span><\/p><p><span style=\"font-size: 1.6rem; font-family: georgia, palatino, serif;\">312 $ pour chaque v\u00e9hicule suppl\u00e9mentaire non muni d&rsquo;une souffleuse;<\/span><\/p><p><span style=\"font-size: 1.6rem; font-family: georgia, palatino, serif;\">78 $ pour chaque v\u00e9hicule suppl\u00e9mentaire \u00e9quip\u00e9 d&rsquo;une souffleuse.<\/span><\/p><\/div>\n\t\t\t\t<\/div>\n\t\t\t\t\t\t\t<div class=\"elementor-toggle-item\">\n\t\t\t\t\t<div id=\"elementor-tab-title-1022\" class=\"elementor-tab-title\" data-tab=\"2\" role=\"button\" aria-controls=\"elementor-tab-content-1022\" aria-expanded=\"false\">\n\t\t\t\t\t\t\t\t\t\t\t\t<span class=\"elementor-toggle-icon elementor-toggle-icon-left\" aria-hidden=\"true\">\n\t\t\t\t\t\t\t\t\t\t\t\t\t\t\t<span class=\"elementor-toggle-icon-closed\"><i class=\"fas fa-caret-right\"><\/i><\/span>\n\t\t\t\t\t\t\t\t<span class=\"elementor-toggle-icon-opened\"><i class=\"elementor-toggle-icon-opened fas fa-caret-up\"><\/i><\/span>\n\t\t\t\t\t\t\t\t\t\t\t\t\t<\/span>\n\t\t\t\t\t\t\t\t\t\t\t\t<a class=\"elementor-toggle-title\" tabindex=\"0\">Permis d'am\u00e9nagement paysager<\/a>\n\t\t\t\t\t<\/div>\n\n\t\t\t\t\t<div id=\"elementor-tab-content-1022\" class=\"elementor-tab-content elementor-clearfix\" data-tab=\"2\" role=\"region\" aria-labelledby=\"elementor-tab-title-1022\"><p><span style=\"font-size: 1.6rem; font-family: georgia, palatino, serif;\">130 $ Pour enregistrer son entreprise aupr\u00e8s de la Ville de Hampstead et pour le premier v\u00e9hicule.<\/span><\/p><p><span style=\"font-size: 1.6rem; font-family: georgia, palatino, serif;\">26 $ pour chaque v\u00e9hicule suppl\u00e9mentaire.<\/span><\/p><\/div>\n\t\t\t\t<\/div>\n\t\t\t\t\t\t\t\t<\/div>\n\t\t\t\t\t\t<\/div>\n\t\t\t\t<\/div>\n\t\t\t\t<div class=\"elementor-element elementor-element-1a1f8d9 elementor-widget elementor-widget-text-editor\" data-id=\"1a1f8d9\" data-element_type=\"widget\" data-e-type=\"widget\" data-widget_type=\"text-editor.default\">\n\t\t\t\t<div class=\"elementor-widget-container\">\n\t\t\t\t\t\t\t\t\t<p><strong>Mode de paiement<\/strong><\/p><p>VISA, Mastercard, Interac ou comptant<\/p>\t\t\t\t\t\t\t\t<\/div>\n\t\t\t\t<\/div>\n\t\t\t\t\t<\/div>\n\t\t<\/div>\n\t\t\t\t<div class=\"elementor-column elementor-col-50 elementor-top-column elementor-element elementor-element-cea0b9d\" data-id=\"cea0b9d\" data-element_type=\"column\" data-e-type=\"column\">\n\t\t\t<div class=\"elementor-widget-wrap elementor-element-populated\">\n\t\t\t\t\t\t<div class=\"elementor-element elementor-element-27ef3b48 elementor-widget elementor-widget-heading\" data-id=\"27ef3b48\" data-element_type=\"widget\" data-e-type=\"widget\" data-widget_type=\"heading.default\">\n\t\t\t\t<div class=\"elementor-widget-container\">\n\t\t\t\t\t<h4 class=\"elementor-heading-title elementor-size-default\">Cette page r\u00e9pond-elle \u00e0 vos besoins ?<\/h4>\t\t\t\t<\/div>\n\t\t\t\t<\/div>\n\t\t\t\t<div class=\"elementor-element elementor-element-a424080 elementor-button-align-start elementor-widget elementor-widget-form\" data-id=\"a424080\" data-element_type=\"widget\" data-e-type=\"widget\" data-settings=\"{&quot;button_width&quot;:&quot;40&quot;,&quot;step_next_label&quot;:&quot;Next&quot;,&quot;step_previous_label&quot;:&quot;Previous&quot;,&quot;step_type&quot;:&quot;number_text&quot;,&quot;step_icon_shape&quot;:&quot;circle&quot;}\" data-widget_type=\"form.default\">\n\t\t\t\t<div class=\"elementor-widget-container\">\n\t\t\t\t\t\t\t<form class=\"elementor-form\" method=\"post\" name=\"New Form\" aria-label=\"New Form\">\n\t\t\t<input type=\"hidden\" name=\"post_id\" value=\"270\"\/>\n\t\t\t<input type=\"hidden\" name=\"form_id\" value=\"a424080\"\/>\n\t\t\t<input type=\"hidden\" name=\"referer_title\" value=\"R\u00e9sultats de recherche    WA 0859 3970 0884 Biaya Yang Diperlukan Untuk Memasang List Molding Tangga Terpercaya Minggir Sleman\" \/>\n\n\t\t\t\n\t\t\t<div class=\"elementor-form-fields-wrapper elementor-labels-above\">\n\t\t\t\t\t\t\t\t<div class=\"elementor-field-type-radio elementor-field-group elementor-column elementor-field-group-satisfaction_radio elementor-col-100 elementor-field-required\">\n\t\t\t\t\t\t\t\t\t\t\t\t<label for=\"form-field-satisfaction_radio\" class=\"elementor-field-label\">\n\t\t\t\t\t\t\t\t<div style=\"color:#888\">Aidez nous \u00e0 optimiser notre site.<\/div>\t\t\t\t\t\t\t<\/label>\n\t\t\t\t\t\t<div class=\"elementor-field-subgroup  \"><span class=\"elementor-field-option\"><input type=\"radio\" value=\"oui\" id=\"form-field-satisfaction_radio-0\" name=\"form_fields[satisfaction_radio]\" required=\"required\"> <label for=\"form-field-satisfaction_radio-0\">Oui<\/label><\/span><span class=\"elementor-field-option\"><input type=\"radio\" value=\"non\" id=\"form-field-satisfaction_radio-1\" name=\"form_fields[satisfaction_radio]\" required=\"required\"> <label for=\"form-field-satisfaction_radio-1\">Non<\/label><\/span><\/div>\t\t\t\t<\/div>\n\t\t\t\t\t\t\t\t<div class=\"elementor-field-type-textarea elementor-field-group elementor-column elementor-field-group-message elementor-col-100\">\n\t\t\t\t\t<textarea class=\"elementor-field-textual elementor-field  elementor-size-sm\" name=\"form_fields[message]\" id=\"form-field-message\" rows=\"4\" placeholder=\"Expliquez\"><\/textarea>\t\t\t\t<\/div>\n\t\t\t\t\t\t\t\t<div class=\"elementor-field-group elementor-column elementor-field-type-submit elementor-col-40 e-form__buttons\">\n\t\t\t\t\t<button class=\"elementor-button elementor-size-sm\" type=\"submit\">\n\t\t\t\t\t\t<span class=\"elementor-button-content-wrapper\">\n\t\t\t\t\t\t\t\t\t\t\t\t\t\t\t\t\t\t\t\t\t\t<span class=\"elementor-button-text\">Envoyer<\/span>\n\t\t\t\t\t\t\t\t\t\t\t\t\t<\/span>\n\t\t\t\t\t<\/button>\n\t\t\t\t<\/div>\n\t\t\t<\/div>\n\t\t<\/form>\n\t\t\t\t\t\t<\/div>\n\t\t\t\t<\/div>\n\t\t\t\t\t<\/div>\n\t\t<\/div>\n\t\t\t\t\t<\/div>\n\t\t<\/section>\n\t\t\t\t<\/div>\n\t\t","protected":false},"excerpt":{"rendered":"<p>\u00c9pisode de pluie vergla\u00e7ante En raison de conditions m\u00e9t\u00e9orologiques dangereuses, la Ville de Hampstead recommande fortement la suspension de tous les chantiers et travaux ext\u00e9rieurs d\u00e8s le 10 mars \u00e0 16 h, et ce, jusqu\u2019\u00e0 la fin de l\u2019\u00e9v\u00e9nement de pluie vergla\u00e7ante, pr\u00e9sentement annonc\u00e9e pour jeudi (12 mars). Pour toute question li\u00e9e aux permis : urbanisme@hampstead.qc.ca. Pour toute assistance imm\u00e9diate : S\u00e9curit\u00e9 publique 514\u2011369\u20118250. &times; Les permis d&rsquo;entrepreneur Les permis de l&rsquo;entrepreneur doivent \u00eatre conformes aux r\u00e8glements municipaux. Toutes les entreprises priv\u00e9es de jardinage, d&rsquo;am\u00e9nagement paysager ou de d\u00e9neigement \u00e0 Hampstead sont tenues par le r\u00e8glement d&rsquo;avoir un permis d&rsquo;entrepreneur.<\/p>\n","protected":false},"author":2,"featured_media":616,"parent":254,"menu_order":0,"comment_status":"closed","ping_status":"closed","template":"","meta":{"_acf_changed":false,"footnotes":""},"class_list":["post-270","page","type-page","status-publish","has-post-thumbnail","hentry"],"acf":[],"_links":{"self":[{"href":"https:\/\/www.hampstead.qc.ca\/fr\/wp-json\/wp\/v2\/pages\/270","targetHints":{"allow":["GET"]}}],"collection":[{"href":"https:\/\/www.hampstead.qc.ca\/fr\/wp-json\/wp\/v2\/pages"}],"about":[{"href":"https:\/\/www.hampstead.qc.ca\/fr\/wp-json\/wp\/v2\/types\/page"}],"author":[{"embeddable":true,"href":"https:\/\/www.hampstead.qc.ca\/fr\/wp-json\/wp\/v2\/users\/2"}],"replies":[{"embeddable":true,"href":"https:\/\/www.hampstead.qc.ca\/fr\/wp-json\/wp\/v2\/comments?post=270"}],"version-history":[{"count":0,"href":"https:\/\/www.hampstead.qc.ca\/fr\/wp-json\/wp\/v2\/pages\/270\/revisions"}],"up":[{"embeddable":true,"href":"https:\/\/www.hampstead.qc.ca\/fr\/wp-json\/wp\/v2\/pages\/254"}],"wp:featuredmedia":[{"embeddable":true,"href":"https:\/\/www.hampstead.qc.ca\/fr\/wp-json\/wp\/v2\/media\/616"}],"wp:attachment":[{"href":"https:\/\/www.hampstead.qc.ca\/fr\/wp-json\/wp\/v2\/media?parent=270"}],"curies":[{"name":"wp","href":"https:\/\/api.w.org\/{rel}","templated":true}]}}