{"id":290,"date":"2021-05-11T23:14:23","date_gmt":"2021-05-11T23:14:23","guid":{"rendered":"https:\/\/website.hampstead.penega.dev\/?page_id=290"},"modified":"2023-11-29T16:56:20","modified_gmt":"2023-11-29T20:56:20","slug":"liste-des-reglements","status":"publish","type":"page","link":"https:\/\/www.hampstead.qc.ca\/fr\/ville\/liste-des-reglements\/","title":{"rendered":"Liste des r\u00e8glements"},"content":{"rendered":"\t\t<div data-elementor-type=\"wp-page\" data-elementor-id=\"290\" class=\"elementor elementor-290\" data-elementor-post-type=\"page\">\n\t\t\t\t\t\t<section class=\"elementor-section elementor-inner-section elementor-element elementor-element-6b3a7162 elementor-section-boxed elementor-section-height-default elementor-section-height-default\" data-id=\"6b3a7162\" data-element_type=\"section\" data-e-type=\"section\">\n\t\t\t\t\t\t<div class=\"elementor-container elementor-column-gap-default\">\n\t\t\t\t\t<div class=\"elementor-column elementor-col-50 elementor-inner-column elementor-element elementor-element-3aa1da7e\" data-id=\"3aa1da7e\" data-element_type=\"column\" data-e-type=\"column\">\n\t\t\t<div class=\"elementor-widget-wrap elementor-element-populated\">\n\t\t\t\t\t\t<div class=\"elementor-element elementor-element-c5577b3 elementor-widget elementor-widget-Listing laws\" data-id=\"c5577b3\" data-element_type=\"widget\" data-e-type=\"widget\" data-widget_type=\"Listing laws.default\">\n\t\t\t\t<div class=\"elementor-widget-container\">\n\t\t\t\t\t        <div class=\"container\">\n            <div class=\"row\">\n                <div class=\"col-12 col-lg-8\">\n                    <input class=\"mt-1\" id=\"table-search\" type=\"search\" placeholder=\"Recherche un des mots\">\n                    <div class=\"btn btn-secondary btn-search ml-2 mt-1\">Rechercher<\/div>\n                <\/div>\n\n                                    <div class=\"col-12 col-lg-4\">\n                        <select class=\"mt-1\" name=\"filter-subject\" id=\"filter-subject\">\n                            <option value=\"\">S\u00e9lectionnez une cat\u00e9gorie<\/option>\n                                                            <option value=\"28\">Animaux<\/option>\n                                                            <option value=\"63\">Circulation<\/option>\n                                                            <option value=\"37\">Conseil<\/option>\n                                                            <option value=\"36\">Divers<\/option>\n                                                            <option value=\"54\">Environnement<\/option>\n                                                            <option value=\"76\">Finances<\/option>\n                                                            <option value=\"53\">Mat\u00e9riel publicitaire<\/option>\n                                                            <option value=\"74\">Nuisance<\/option>\n                                                            <option value=\"55\">Nuisances<\/option>\n                                                            <option value=\"72\">Projet de r\u00e9glement<\/option>\n                                                            <option value=\"2602\">S\u00e9curit\u00e9 Publique<\/option>\n                                                            <option value=\"58\">Travaux publics<\/option>\n                                                            <option value=\"59\">Urbanisme<\/option>\n                                                    <\/select>\n                    <\/div>\n                            <\/div>\n\n            <div class=\"filter-year\"><\/div>\n\n            <div class=\"row\">\n                <div class=\"col\">\n                    <div class=\"table-container\">\n                        <table>\n                            <thead>\n                            <tr>\n                                <th>Titre<\/th>\n                                <th>Sujet<\/th>\n                                <th><\/th>\n                                <!--                                    <th>--><!--<\/th>-->\n                            <\/tr>\n                            <\/thead>\n                            <tbody class=\"items-container\"><\/tbody>\n                        <\/table>\n                    <\/div>\n                <\/div>\n            <\/div>\n        <\/div>\n        <script type=\"text\/javascript\">\n            $(document).ready(function () {\n                var current, maxpages;\n\n                function ajaxCall(taxonomy = {}, currentpage = 1, numberpost = -1) {\n                    if (currentpage === 1) {\n                        jQuery('.items-container').html('');\n                    }\n\n                    jQuery('.items-container').append('<tr><td colspan=\"5\"><div class=\"loading\"><\/div><\/td><\/tr>');\n\n                    var args = {\n                        type: 'by-law',\n                        lang: 'fr',\n                        currentpage: currentpage,\n                        numberpost: numberpost,\n                        search: jQuery('#table-search').val(),\n                    };\n\n                    if(jQuery('#filter-subject').val()){\n                        args.taxonomy = {\n                            subjects: [jQuery('#filter-subject').val()]\n                        };\n                    }\n\n                    bylawApi(args, function (data) {\n                        if (data) {\n                            maxpages = data.maxpages;\n                            current = data.currentpage + 1;\n                            jQuery('.items-container .loading').parents('tr').remove();\n\n                            var $items = $(data.html);\n                            jQuery('.items-container').append($items);\n                        }\n                    });\n                }\n\n                ajaxCall();\n\n                jQuery('.btn-search').on('click', function (e) {\n                    ajaxCall();\n                });\n\n                \/\/ hit enter to launch ajaxCall searchwp\n                $(document).on('keypress',function(e) {\n                    if(e.which == 13 && $('#table-search').is(':focus')) {\n                        ajaxCall();\n                    }\n                });\n\n                jQuery('#filter-subject').on('change', function (e) {\n                    ajaxCall();\n                });\n            });\n        <\/script>\n        \t\t\t\t<\/div>\n\t\t\t\t<\/div>\n\t\t\t\t\t<\/div>\n\t\t<\/div>\n\t\t\t\t<div class=\"elementor-column elementor-col-50 elementor-inner-column elementor-element elementor-element-68e761fc\" data-id=\"68e761fc\" data-element_type=\"column\" data-e-type=\"column\">\n\t\t\t<div class=\"elementor-widget-wrap elementor-element-populated\">\n\t\t\t\t\t\t<div class=\"elementor-element elementor-element-119370d5 elementor-widget elementor-widget-heading\" data-id=\"119370d5\" data-element_type=\"widget\" data-e-type=\"widget\" data-widget_type=\"heading.default\">\n\t\t\t\t<div class=\"elementor-widget-container\">\n\t\t\t\t\t<h4 class=\"elementor-heading-title elementor-size-default\">Cette page r\u00e9pond-elle \u00e0 vos besoins ?<\/h4>\t\t\t\t<\/div>\n\t\t\t\t<\/div>\n\t\t\t\t<div class=\"elementor-element elementor-element-5060636f elementor-button-align-start elementor-widget elementor-widget-form\" data-id=\"5060636f\" data-element_type=\"widget\" data-e-type=\"widget\" data-settings=\"{&quot;button_width&quot;:&quot;40&quot;,&quot;step_next_label&quot;:&quot;Next&quot;,&quot;step_previous_label&quot;:&quot;Previous&quot;,&quot;step_type&quot;:&quot;number_text&quot;,&quot;step_icon_shape&quot;:&quot;circle&quot;}\" data-widget_type=\"form.default\">\n\t\t\t\t<div class=\"elementor-widget-container\">\n\t\t\t\t\t\t\t<form class=\"elementor-form\" method=\"post\" name=\"New Form\" aria-label=\"New Form\">\n\t\t\t<input type=\"hidden\" name=\"post_id\" value=\"290\"\/>\n\t\t\t<input type=\"hidden\" name=\"form_id\" value=\"5060636f\"\/>\n\t\t\t<input type=\"hidden\" name=\"referer_title\" value=\"\" \/>\n\n\t\t\t\n\t\t\t<div class=\"elementor-form-fields-wrapper elementor-labels-above\">\n\t\t\t\t\t\t\t\t<div class=\"elementor-field-type-radio elementor-field-group elementor-column elementor-field-group-satisfaction_radio elementor-col-100 elementor-field-required\">\n\t\t\t\t\t\t\t\t\t\t\t\t<label for=\"form-field-satisfaction_radio\" class=\"elementor-field-label\">\n\t\t\t\t\t\t\t\t<div style=\"color:#888\">Aidez nous \u00e0 optimiser notre site.<\/div>\t\t\t\t\t\t\t<\/label>\n\t\t\t\t\t\t<div class=\"elementor-field-subgroup  \"><span class=\"elementor-field-option\"><input type=\"radio\" value=\"oui\" id=\"form-field-satisfaction_radio-0\" name=\"form_fields[satisfaction_radio]\" required=\"required\"> <label for=\"form-field-satisfaction_radio-0\">Oui<\/label><\/span><span class=\"elementor-field-option\"><input type=\"radio\" value=\"non\" id=\"form-field-satisfaction_radio-1\" name=\"form_fields[satisfaction_radio]\" required=\"required\"> <label for=\"form-field-satisfaction_radio-1\">Non<\/label><\/span><\/div>\t\t\t\t<\/div>\n\t\t\t\t\t\t\t\t<div class=\"elementor-field-type-textarea elementor-field-group elementor-column elementor-field-group-message elementor-col-100\">\n\t\t\t\t\t<textarea class=\"elementor-field-textual elementor-field  elementor-size-sm\" name=\"form_fields[message]\" id=\"form-field-message\" rows=\"4\" placeholder=\"Expliquez\"><\/textarea>\t\t\t\t<\/div>\n\t\t\t\t\t\t\t\t<div class=\"elementor-field-group elementor-column elementor-field-type-submit elementor-col-40 e-form__buttons\">\n\t\t\t\t\t<button class=\"elementor-button elementor-size-sm\" type=\"submit\">\n\t\t\t\t\t\t<span class=\"elementor-button-content-wrapper\">\n\t\t\t\t\t\t\t\t\t\t\t\t\t\t\t\t\t\t\t\t\t\t<span class=\"elementor-button-text\">Envoyer<\/span>\n\t\t\t\t\t\t\t\t\t\t\t\t\t<\/span>\n\t\t\t\t\t<\/button>\n\t\t\t\t<\/div>\n\t\t\t<\/div>\n\t\t<\/form>\n\t\t\t\t\t\t<\/div>\n\t\t\t\t<\/div>\n\t\t\t\t\t<\/div>\n\t\t<\/div>\n\t\t\t\t\t<\/div>\n\t\t<\/section>\n\t\t\t\t<\/div>\n\t\t","protected":false},"excerpt":{"rendered":"<p>Rechercher S\u00e9lectionnez une cat\u00e9gorieAnimauxCirculationConseilDiversEnvironnementMat\u00e9riel publicitaireNuisancesProjet de r\u00e9glementTravaux publicsUrbanisme &nbsp; Titre Sujet Cette page r\u00e9pond-elle \u00e0 vos besoins ?<\/p>\n","protected":false},"author":2,"featured_media":5098,"parent":288,"menu_order":0,"comment_status":"closed","ping_status":"closed","template":"","meta":{"_acf_changed":false,"footnotes":""},"class_list":["post-290","page","type-page","status-publish","has-post-thumbnail","hentry"],"acf":[],"_links":{"self":[{"href":"https:\/\/www.hampstead.qc.ca\/fr\/wp-json\/wp\/v2\/pages\/290","targetHints":{"allow":["GET"]}}],"collection":[{"href":"https:\/\/www.hampstead.qc.ca\/fr\/wp-json\/wp\/v2\/pages"}],"about":[{"href":"https:\/\/www.hampstead.qc.ca\/fr\/wp-json\/wp\/v2\/types\/page"}],"author":[{"embeddable":true,"href":"https:\/\/www.hampstead.qc.ca\/fr\/wp-json\/wp\/v2\/users\/2"}],"replies":[{"embeddable":true,"href":"https:\/\/www.hampstead.qc.ca\/fr\/wp-json\/wp\/v2\/comments?post=290"}],"version-history":[{"count":0,"href":"https:\/\/www.hampstead.qc.ca\/fr\/wp-json\/wp\/v2\/pages\/290\/revisions"}],"up":[{"embeddable":true,"href":"https:\/\/www.hampstead.qc.ca\/fr\/wp-json\/wp\/v2\/pages\/288"}],"wp:featuredmedia":[{"embeddable":true,"href":"https:\/\/www.hampstead.qc.ca\/fr\/wp-json\/wp\/v2\/media\/5098"}],"wp:attachment":[{"href":"https:\/\/www.hampstead.qc.ca\/fr\/wp-json\/wp\/v2\/media?parent=290"}],"curies":[{"name":"wp","href":"https:\/\/api.w.org\/{rel}","templated":true}]}}