{"id":44528,"date":"2024-06-10T10:24:15","date_gmt":"2024-06-10T14:24:15","guid":{"rendered":"https:\/\/www.hampstead.qc.ca\/?page_id=44528"},"modified":"2026-03-20T10:29:17","modified_gmt":"2026-03-20T14:29:17","slug":"programmation-et-inscription","status":"publish","type":"page","link":"https:\/\/www.hampstead.qc.ca\/fr\/programmation-et-inscription\/","title":{"rendered":"Programmation et inscription"},"content":{"rendered":"\t\t<div data-elementor-type=\"wp-page\" data-elementor-id=\"44528\" class=\"elementor elementor-44528 elementor-44520\" data-elementor-post-type=\"page\">\n\t\t\t\t\t\t<section class=\"elementor-section elementor-top-section elementor-element elementor-element-512ee49 elementor-section-boxed elementor-section-height-default elementor-section-height-default\" data-id=\"512ee49\" data-element_type=\"section\" data-e-type=\"section\">\n\t\t\t\t\t\t<div class=\"elementor-container elementor-column-gap-default\">\n\t\t\t\t\t<div class=\"elementor-column elementor-col-66 elementor-top-column elementor-element elementor-element-a738951\" data-id=\"a738951\" data-element_type=\"column\" data-e-type=\"column\">\n\t\t\t<div class=\"elementor-widget-wrap elementor-element-populated\">\n\t\t\t\t\t\t<div class=\"elementor-element elementor-element-ea3b9a3 elementor-widget elementor-widget-heading\" data-id=\"ea3b9a3\" data-element_type=\"widget\" data-e-type=\"widget\" data-widget_type=\"heading.default\">\n\t\t\t\t<div class=\"elementor-widget-container\">\n\t\t\t\t\t<h2 class=\"elementor-heading-title elementor-size-default\">Inscription 2026<\/h2>\t\t\t\t<\/div>\n\t\t\t\t<\/div>\n\t\t\t\t<div class=\"elementor-element elementor-element-f4540d7 elementor-widget elementor-widget-text-editor\" data-id=\"f4540d7\" data-element_type=\"widget\" data-e-type=\"widget\" data-widget_type=\"text-editor.default\">\n\t\t\t\t<div class=\"elementor-widget-container\">\n\t\t\t\t\t\t\t\t\t<p data-start=\"1575\" data-end=\"1905\"><span style=\"font-size: 1.6rem; font-family: georgia, palatino, serif;\">Toutes les inscriptions se feront d\u00e9sormais exclusivement en ligne. Assurez-vous d\u2019\u00eatre pr\u00eat :<\/span><br data-start=\"1669\" data-end=\"1672\" \/><span style=\"font-size: 1.6rem; font-family: georgia, palatino, serif;\">\u2705 Cr\u00e9ez votre compte\u00a0<a href=\"https:\/\/my.hampstead.qc.ca\/login\"><strong data-start=\"1693\" data-end=\"1710\">Mon.Hampstead<\/strong>.<\/a><\/span><br data-start=\"1711\" data-end=\"1714\" \/><span style=\"font-size: 1.6rem; font-family: georgia, palatino, serif;\">\u2705 Ajoutez les membres de votre famille \u00e0 votre compte.<\/span><br data-start=\"1768\" data-end=\"1771\" \/><span style=\"font-size: 1.6rem; font-family: georgia, palatino, serif;\">\u2705 Faites votre demande de\u00a0<strong data-start=\"1797\" data-end=\"1832\">carte citoyenne pour vous et chacun des membres de votre famille.<\/strong>\u00a0(une preuve de r\u00e9sidence est requise pour les enfants et les adultes).<\/span><\/p><p data-start=\"1907\" data-end=\"2024\"><span style=\"font-size: 1.6rem; font-family: georgia, palatino, serif;\"><strong data-start=\"1907\" data-end=\"2022\">Votre carte doit \u00eatre approuv\u00e9e avant de proc\u00e9der \u00e0 l\u2019inscription. Veuillez pr\u00e9voir un d\u00e9lai pour ce processus.<\/strong> Cette exigence est primordiale en pr\u00e9vision de l\u2019ouverture des inscriptions.<\/span><\/p>\t\t\t\t\t\t\t\t<\/div>\n\t\t\t\t<\/div>\n\t\t\t\t<section class=\"elementor-section elementor-inner-section elementor-element elementor-element-55dba97 elementor-section-boxed elementor-section-height-default elementor-section-height-default\" data-id=\"55dba97\" data-element_type=\"section\" data-e-type=\"section\">\n\t\t\t\t\t\t<div class=\"elementor-container elementor-column-gap-default\">\n\t\t\t\t\t<div class=\"elementor-column elementor-col-100 elementor-inner-column elementor-element elementor-element-bf228dc\" data-id=\"bf228dc\" data-element_type=\"column\" data-e-type=\"column\">\n\t\t\t<div class=\"elementor-widget-wrap elementor-element-populated\">\n\t\t\t\t\t\t<div class=\"elementor-element elementor-element-44237e7 elementor-widget elementor-widget-toggle\" data-id=\"44237e7\" data-element_type=\"widget\" data-e-type=\"widget\" data-widget_type=\"toggle.default\">\n\t\t\t\t<div class=\"elementor-widget-container\">\n\t\t\t\t\t\t\t<div class=\"elementor-toggle\">\n\t\t\t\t\t\t\t<div class=\"elementor-toggle-item\">\n\t\t\t\t\t<div id=\"elementor-tab-title-7141\" class=\"elementor-tab-title\" data-tab=\"1\" role=\"button\" aria-controls=\"elementor-tab-content-7141\" aria-expanded=\"false\">\n\t\t\t\t\t\t\t\t\t\t\t\t<span class=\"elementor-toggle-icon elementor-toggle-icon-left\" aria-hidden=\"true\">\n\t\t\t\t\t\t\t\t\t\t\t\t\t\t\t<span class=\"elementor-toggle-icon-closed\"><i class=\"fas fa-caret-right\"><\/i><\/span>\n\t\t\t\t\t\t\t\t<span class=\"elementor-toggle-icon-opened\"><i class=\"elementor-toggle-icon-opened fas fa-caret-up\"><\/i><\/span>\n\t\t\t\t\t\t\t\t\t\t\t\t\t<\/span>\n\t\t\t\t\t\t\t\t\t\t\t\t<a class=\"elementor-toggle-title\" tabindex=\"0\">Les programmes sportifs<\/a>\n\t\t\t\t\t<\/div>\n\n\t\t\t\t\t<div id=\"elementor-tab-content-7141\" class=\"elementor-tab-content elementor-clearfix\" data-tab=\"1\" role=\"region\" aria-labelledby=\"elementor-tab-title-7141\"><div><span style=\"font-size: 1.6rem; font-family: georgia, palatino, serif;\">La session de printemps arrive avec une offre vari\u00e9e d\u2019activit\u00e9s sportives pour enfants et tout-petits. <\/span><span style=\"font-size: 1.6rem; font-family: georgia, palatino, serif;\">Les r\u00e9sidents pourront s\u2019inscrire d\u00e8s le <strong>16 mars<\/strong>, tandis que les non-r\u00e9sidents auront acc\u00e8s aux inscriptions \u00e0 compter du <strong>23 mars<\/strong>, par l\u2019entremise du <a href=\"https:\/\/hampstead.portailcitoyen.com\/activite\">portail citoyen.<\/a><\/span><\/div><div>\u00a0<\/div><div><a href=\"https:\/\/www.hampstead.qc.ca\/wp-content\/uploads\/2026\/02\/Spring-program-2026.pdf\"><img fetchpriority=\"high\" decoding=\"async\" class=\"alignnone wp-image-58948 size-large\" src=\"https:\/\/b2671802.smushcdn.com\/2671802\/wp-content\/uploads\/2026\/02\/Spring-program-2026-1-1024x1024.png?lossy=1&strip=1&webp=1\" alt=\"\" width=\"1024\" height=\"1024\" srcset=\"https:\/\/b2671802.smushcdn.com\/2671802\/wp-content\/uploads\/2026\/02\/Spring-program-2026-1-1024x1024.png?lossy=1&strip=1&webp=1 1024w, https:\/\/b2671802.smushcdn.com\/2671802\/wp-content\/uploads\/2026\/02\/Spring-program-2026-1-300x300.png?lossy=1&strip=1&webp=1 300w, https:\/\/b2671802.smushcdn.com\/2671802\/wp-content\/uploads\/2026\/02\/Spring-program-2026-1-150x150.png?lossy=1&strip=1&webp=1 150w, https:\/\/b2671802.smushcdn.com\/2671802\/wp-content\/uploads\/2026\/02\/Spring-program-2026-1-768x768.png?lossy=1&strip=1&webp=1 768w, https:\/\/b2671802.smushcdn.com\/2671802\/wp-content\/uploads\/2026\/02\/Spring-program-2026-1-350x350.png?lossy=1&strip=1&webp=1 350w, https:\/\/b2671802.smushcdn.com\/2671802\/wp-content\/uploads\/2026\/02\/Spring-program-2026-1-400x400.png?lossy=1&strip=1&webp=1 400w, https:\/\/b2671802.smushcdn.com\/2671802\/wp-content\/uploads\/2026\/02\/Spring-program-2026-1.png?lossy=1&strip=1&webp=1 1080w\" sizes=\"(max-width: 1024px) 100vw, 1024px\" \/><\/a><\/div><\/div>\n\t\t\t\t<\/div>\n\t\t\t\t\t\t\t<div class=\"elementor-toggle-item\">\n\t\t\t\t\t<div id=\"elementor-tab-title-7142\" class=\"elementor-tab-title\" data-tab=\"2\" role=\"button\" aria-controls=\"elementor-tab-content-7142\" aria-expanded=\"false\">\n\t\t\t\t\t\t\t\t\t\t\t\t<span class=\"elementor-toggle-icon elementor-toggle-icon-left\" aria-hidden=\"true\">\n\t\t\t\t\t\t\t\t\t\t\t\t\t\t\t<span class=\"elementor-toggle-icon-closed\"><i class=\"fas fa-caret-right\"><\/i><\/span>\n\t\t\t\t\t\t\t\t<span class=\"elementor-toggle-icon-opened\"><i class=\"elementor-toggle-icon-opened fas fa-caret-up\"><\/i><\/span>\n\t\t\t\t\t\t\t\t\t\t\t\t\t<\/span>\n\t\t\t\t\t\t\t\t\t\t\t\t<a class=\"elementor-toggle-title\" tabindex=\"0\">Les programmes socioculturels pour enfants<\/a>\n\t\t\t\t\t<\/div>\n\n\t\t\t\t\t<div id=\"elementor-tab-content-7142\" class=\"elementor-tab-content elementor-clearfix\" data-tab=\"2\" role=\"region\" aria-labelledby=\"elementor-tab-title-7142\"><p><span style=\"font-family: georgia, palatino, serif; font-size: 1.6rem;\">D\u00e9couvrez nos programmes hivernales pour enfants, alliant plaisir et cr\u00e9ativit\u00e9<span style=\"text-decoration: underline;\"><a href=\"https:\/\/www.hampstead.qc.ca\/wp-content\/uploads\/2026\/01\/2026-Programmes-pour-enfants-3-2.pdf\"> ici.<\/a>\u00a0<\/span><\/span><span style=\"font-family: georgia, palatino, serif; font-size: 1.6rem;\">Les inscriptions sont ouvertes via le <a href=\"https:\/\/hampstead.portailcitoyen.com\/activite\">portail citoyen.<\/a><\/span><\/p><\/div>\n\t\t\t\t<\/div>\n\t\t\t\t\t\t\t<div class=\"elementor-toggle-item\">\n\t\t\t\t\t<div id=\"elementor-tab-title-7143\" class=\"elementor-tab-title\" data-tab=\"3\" role=\"button\" aria-controls=\"elementor-tab-content-7143\" aria-expanded=\"false\">\n\t\t\t\t\t\t\t\t\t\t\t\t<span class=\"elementor-toggle-icon elementor-toggle-icon-left\" aria-hidden=\"true\">\n\t\t\t\t\t\t\t\t\t\t\t\t\t\t\t<span class=\"elementor-toggle-icon-closed\"><i class=\"fas fa-caret-right\"><\/i><\/span>\n\t\t\t\t\t\t\t\t<span class=\"elementor-toggle-icon-opened\"><i class=\"elementor-toggle-icon-opened fas fa-caret-up\"><\/i><\/span>\n\t\t\t\t\t\t\t\t\t\t\t\t\t<\/span>\n\t\t\t\t\t\t\t\t\t\t\t\t<a class=\"elementor-toggle-title\" tabindex=\"0\">Partenariat pour le hockey de glace<\/a>\n\t\t\t\t\t<\/div>\n\n\t\t\t\t\t<div id=\"elementor-tab-content-7143\" class=\"elementor-tab-content elementor-clearfix\" data-tab=\"3\" role=\"region\" aria-labelledby=\"elementor-tab-title-7143\"><h1><span style=\"font-family: georgia, palatino, serif; font-size: 1.6rem;\">Montreal West Hampstead KNIGHTS &#8211; Hockey lettre simple<\/span><\/h1><p><span style=\"font-family: georgia, palatino, serif; font-size: 1.6rem;\">Les Knights ont termin\u00e9 la saison en force!<\/span><\/p><p><span style=\"font-family: georgia, palatino, serif; font-size: 1.6rem;\">Les M7 ont c\u00e9l\u00e9br\u00e9 avec un match parents-joueurs, des g\u00e2teries et des m\u00e9dailles. Merci aux joueurs, parents et entraineurs b\u00e9n\u00e9voles pour votre incroyable engagement!<\/span><\/p><p><span style=\"font-family: georgia, palatino, serif; font-size: 1.6rem;\">L\u2019\u00e9quipe M11C a atteint les demi-finales, et toutes nos \u00e9quipes ont bien perform\u00e9 en s\u00e9ries.<\/span><\/p><p><span style=\"font-family: georgia, palatino, serif; font-size: 1.6rem;\"><strong>Or au tournois Kingston Kids for Kids<\/strong><\/span><\/p><p><span style=\"font-family: georgia, palatino, serif; font-size: 1.6rem;\">F\u00e9licitations aux M9-3\/4 pour leur victoire au 27e tournoi Kingston Kids for Kids (21\u201323 mars)! Merci \u00e0 tous pour une superbe saison.<\/span><\/p><h1><span style=\"font-family: georgia, palatino, serif; font-size: 1.6rem;\">North Star &#8211; Hockey double simple<\/span><\/h1><p><span style=\"font-family: georgia, palatino, serif; font-size: 1.6rem;\">Quelle saison!<\/span><\/p><p><span style=\"font-family: georgia, palatino, serif; font-size: 1.6rem;\">Cinq \u00e9quipes ont atteint les finales r\u00e9gionales du Lac St-Louis. Les M11AA et M11BB rouges sont champions, et avec les M11BB et M13BB, repr\u00e9senteront la r\u00e9gion \u00e0 la Coupe Chevy (17\u201320 avril, Laurentides-Lanaudi\u00e8re). Bonne chance aux Provinciaux!<\/span><\/p><p><span style=\"font-family: georgia, palatino, serif; font-size: 1.6rem;\"><strong>Essais 2025\u20132026<\/strong><\/span><\/p><p><span style=\"font-family: georgia, palatino, serif; font-size: 1.6rem;\">Les essais commencent en mai. Inscrivez-vous maintenant sur <a href=\"http:\/\/www.northstarsduehl.com\">www.northstarsduehl.com<\/a>.<\/span><\/p><p><span style=\"font-family: georgia, palatino, serif; font-size: 1.6rem;\"><strong>Printemps AAA<\/strong><\/span><\/p><p><span style=\"font-family: georgia, palatino, serif; font-size: 1.6rem;\">Huit \u00e9quipes AAA printani\u00e8res se pr\u00e9parent pour les tournois d\u2019avril. Bonne chance \u00e0 tous!<br \/><img decoding=\"async\" class=\"alignnone size-medium wp-image-52270 lazyload\" data-src=\"https:\/\/b2671802.smushcdn.com\/2671802\/wp-content\/uploads\/2025\/04\/M11BB-Red-LSL-chmps-225x300.jpg?lossy=1&strip=1&webp=1\" alt=\"\" width=\"225\" height=\"300\" data-srcset=\"https:\/\/b2671802.smushcdn.com\/2671802\/wp-content\/uploads\/2025\/04\/M11BB-Red-LSL-chmps-225x300.jpg?lossy=1&strip=1&webp=1 225w, https:\/\/b2671802.smushcdn.com\/2671802\/wp-content\/uploads\/2025\/04\/M11BB-Red-LSL-chmps-768x1024.jpg?lossy=1&strip=1&webp=1 768w, https:\/\/b2671802.smushcdn.com\/2671802\/wp-content\/uploads\/2025\/04\/M11BB-Red-LSL-chmps.jpg?lossy=1&strip=1&webp=1 960w\" data-sizes=\"(max-width: 225px) 100vw, 225px\" src=\"data:image\/svg+xml;base64,PHN2ZyB3aWR0aD0iMSIgaGVpZ2h0PSIxIiB4bWxucz0iaHR0cDovL3d3dy53My5vcmcvMjAwMC9zdmciPjwvc3ZnPg==\" style=\"--smush-placeholder-width: 225px; --smush-placeholder-aspect-ratio: 225\/300;\" \/> <img decoding=\"async\" class=\"alignnone size-medium wp-image-52274 lazyload\" data-src=\"https:\/\/b2671802.smushcdn.com\/2671802\/wp-content\/uploads\/2025\/04\/M11AA-champions-LSL-champions-225x300.jpg?lossy=1&strip=1&webp=1\" alt=\"\" width=\"225\" height=\"300\" data-srcset=\"https:\/\/b2671802.smushcdn.com\/2671802\/wp-content\/uploads\/2025\/04\/M11AA-champions-LSL-champions-225x300.jpg?lossy=1&strip=1&webp=1 225w, https:\/\/b2671802.smushcdn.com\/2671802\/wp-content\/uploads\/2025\/04\/M11AA-champions-LSL-champions-768x1024.jpg?lossy=1&strip=1&webp=1 768w, https:\/\/b2671802.smushcdn.com\/2671802\/wp-content\/uploads\/2025\/04\/M11AA-champions-LSL-champions-1152x1536.jpg?lossy=1&strip=1&webp=1 1152w, https:\/\/b2671802.smushcdn.com\/2671802\/wp-content\/uploads\/2025\/04\/M11AA-champions-LSL-champions-1536x2048.jpg?lossy=1&strip=1&webp=1 1536w, https:\/\/b2671802.smushcdn.com\/2671802\/wp-content\/uploads\/2025\/04\/M11AA-champions-LSL-champions-scaled.jpg?lossy=1&strip=1&webp=1 1920w\" data-sizes=\"(max-width: 225px) 100vw, 225px\" src=\"data:image\/svg+xml;base64,PHN2ZyB3aWR0aD0iMSIgaGVpZ2h0PSIxIiB4bWxucz0iaHR0cDovL3d3dy53My5vcmcvMjAwMC9zdmciPjwvc3ZnPg==\" style=\"--smush-placeholder-width: 225px; --smush-placeholder-aspect-ratio: 225\/300;\" \/><br \/><\/span><\/p><\/div>\n\t\t\t\t<\/div>\n\t\t\t\t\t\t\t<div class=\"elementor-toggle-item\">\n\t\t\t\t\t<div id=\"elementor-tab-title-7144\" class=\"elementor-tab-title\" data-tab=\"4\" role=\"button\" aria-controls=\"elementor-tab-content-7144\" aria-expanded=\"false\">\n\t\t\t\t\t\t\t\t\t\t\t\t<span class=\"elementor-toggle-icon elementor-toggle-icon-left\" aria-hidden=\"true\">\n\t\t\t\t\t\t\t\t\t\t\t\t\t\t\t<span class=\"elementor-toggle-icon-closed\"><i class=\"fas fa-caret-right\"><\/i><\/span>\n\t\t\t\t\t\t\t\t<span class=\"elementor-toggle-icon-opened\"><i class=\"elementor-toggle-icon-opened fas fa-caret-up\"><\/i><\/span>\n\t\t\t\t\t\t\t\t\t\t\t\t\t<\/span>\n\t\t\t\t\t\t\t\t\t\t\t\t<a class=\"elementor-toggle-title\" tabindex=\"0\">Les programmes socioculturels pour adultes<\/a>\n\t\t\t\t\t<\/div>\n\n\t\t\t\t\t<div id=\"elementor-tab-content-7144\" class=\"elementor-tab-content elementor-clearfix\" data-tab=\"4\" role=\"region\" aria-labelledby=\"elementor-tab-title-7144\"><p><span style=\"font-family: georgia, palatino, serif; font-size: 1.6rem;\">Explorez nos programmes pour adultes, con\u00e7us pour inspirer et rapprocher notre communaut\u00e9<a href=\"https:\/\/www.hampstead.qc.ca\/wp-content\/uploads\/2025\/10\/Programmes-pour-adultes.pdf\"><span style=\"text-decoration: underline;\"> ici.<\/span><\/a> Les inscriptions pour tous commencent le 24 septembre.<\/span><\/p><\/div>\n\t\t\t\t<\/div>\n\t\t\t\t\t\t\t<div class=\"elementor-toggle-item\">\n\t\t\t\t\t<div id=\"elementor-tab-title-7145\" class=\"elementor-tab-title\" data-tab=\"5\" role=\"button\" aria-controls=\"elementor-tab-content-7145\" aria-expanded=\"false\">\n\t\t\t\t\t\t\t\t\t\t\t\t<span class=\"elementor-toggle-icon elementor-toggle-icon-left\" aria-hidden=\"true\">\n\t\t\t\t\t\t\t\t\t\t\t\t\t\t\t<span class=\"elementor-toggle-icon-closed\"><i class=\"fas fa-caret-right\"><\/i><\/span>\n\t\t\t\t\t\t\t\t<span class=\"elementor-toggle-icon-opened\"><i class=\"elementor-toggle-icon-opened fas fa-caret-up\"><\/i><\/span>\n\t\t\t\t\t\t\t\t\t\t\t\t\t<\/span>\n\t\t\t\t\t\t\t\t\t\t\t\t<a class=\"elementor-toggle-title\" tabindex=\"0\">Les programmes socioculturels pour a\u00een\u00e9s<\/a>\n\t\t\t\t\t<\/div>\n\n\t\t\t\t\t<div id=\"elementor-tab-content-7145\" class=\"elementor-tab-content elementor-clearfix\" data-tab=\"5\" role=\"region\" aria-labelledby=\"elementor-tab-title-7145\"><p><span style=\"font-family: georgia, palatino, serif; font-size: 1.6rem;\">Participez \u00e0 nos programmes pour a\u00een\u00e9s et profitez d\u2019activit\u00e9s favorisant le bien-\u00eatre, l\u2019apprentissage et les liens sociaux<span style=\"text-decoration: underline;\"> <a href=\"https:\/\/www.hampstead.qc.ca\/wp-content\/uploads\/2025\/09\/Aines.pdf\">ici<\/a>.<\/span> Les inscriptions pour tous d\u00e9butent le 24 septembre.<\/span><\/p><\/div>\n\t\t\t\t<\/div>\n\t\t\t\t\t\t\t\t<\/div>\n\t\t\t\t\t\t<\/div>\n\t\t\t\t<\/div>\n\t\t\t\t\t<\/div>\n\t\t<\/div>\n\t\t\t\t\t<\/div>\n\t\t<\/section>\n\t\t\t\t\t<\/div>\n\t\t<\/div>\n\t\t\t\t<div class=\"elementor-column elementor-col-33 elementor-top-column elementor-element elementor-element-739ed5a\" data-id=\"739ed5a\" data-element_type=\"column\" data-e-type=\"column\">\n\t\t\t<div class=\"elementor-widget-wrap\">\n\t\t\t\t\t\t\t<\/div>\n\t\t<\/div>\n\t\t\t\t\t<\/div>\n\t\t<\/section>\n\t\t\t\t<section class=\"elementor-section elementor-top-section elementor-element elementor-element-dba941f elementor-section-boxed elementor-section-height-default elementor-section-height-default\" data-id=\"dba941f\" data-element_type=\"section\" data-e-type=\"section\">\n\t\t\t\t\t\t<div class=\"elementor-container elementor-column-gap-default\">\n\t\t\t\t\t<div class=\"elementor-column elementor-col-100 elementor-top-column elementor-element elementor-element-e9c86d7\" data-id=\"e9c86d7\" data-element_type=\"column\" data-e-type=\"column\">\n\t\t\t<div class=\"elementor-widget-wrap elementor-element-populated\">\n\t\t\t\t\t\t<section class=\"elementor-section elementor-inner-section elementor-element elementor-element-682f9d8 elementor-section-boxed elementor-section-height-default elementor-section-height-default\" data-id=\"682f9d8\" data-element_type=\"section\" data-e-type=\"section\">\n\t\t\t\t\t\t<div class=\"elementor-container elementor-column-gap-default\">\n\t\t\t\t\t<div class=\"elementor-column elementor-col-50 elementor-inner-column elementor-element elementor-element-d3f7caa\" data-id=\"d3f7caa\" data-element_type=\"column\" data-e-type=\"column\">\n\t\t\t<div class=\"elementor-widget-wrap\">\n\t\t\t\t\t\t\t<\/div>\n\t\t<\/div>\n\t\t\t\t<div class=\"elementor-column elementor-col-50 elementor-inner-column elementor-element elementor-element-1a324f4\" data-id=\"1a324f4\" data-element_type=\"column\" data-e-type=\"column\">\n\t\t\t<div class=\"elementor-widget-wrap elementor-element-populated\">\n\t\t\t\t\t\t<div class=\"elementor-element elementor-element-32674df elementor-widget elementor-widget-heading\" data-id=\"32674df\" data-element_type=\"widget\" data-e-type=\"widget\" data-widget_type=\"heading.default\">\n\t\t\t\t<div class=\"elementor-widget-container\">\n\t\t\t\t\t<h4 class=\"elementor-heading-title elementor-size-default\">Cette page r\u00e9pond-elle \u00e0 vos besoins ?<\/h4>\t\t\t\t<\/div>\n\t\t\t\t<\/div>\n\t\t\t\t<div class=\"elementor-element elementor-element-4ad0f2c elementor-button-align-start elementor-widget elementor-widget-form\" data-id=\"4ad0f2c\" data-element_type=\"widget\" data-e-type=\"widget\" data-settings=\"{&quot;button_width&quot;:&quot;40&quot;,&quot;step_next_label&quot;:&quot;Next&quot;,&quot;step_previous_label&quot;:&quot;Previous&quot;,&quot;step_type&quot;:&quot;number_text&quot;,&quot;step_icon_shape&quot;:&quot;circle&quot;}\" data-widget_type=\"form.default\">\n\t\t\t\t<div class=\"elementor-widget-container\">\n\t\t\t\t\t\t\t<form class=\"elementor-form\" method=\"post\" name=\"New Form\" aria-label=\"New Form\">\n\t\t\t<input type=\"hidden\" name=\"post_id\" value=\"44528\"\/>\n\t\t\t<input type=\"hidden\" name=\"form_id\" value=\"4ad0f2c\"\/>\n\t\t\t<input type=\"hidden\" name=\"referer_title\" value=\"Programmation et inscription  - Hampstead\" \/>\n\n\t\t\t\t\t\t\t<input type=\"hidden\" name=\"queried_id\" value=\"44528\"\/>\n\t\t\t\n\t\t\t<div class=\"elementor-form-fields-wrapper elementor-labels-above\">\n\t\t\t\t\t\t\t\t<div class=\"elementor-field-type-radio elementor-field-group elementor-column elementor-field-group-satisfaction_radio elementor-col-100 elementor-field-required\">\n\t\t\t\t\t\t\t\t\t\t\t\t<label for=\"form-field-satisfaction_radio\" class=\"elementor-field-label\">\n\t\t\t\t\t\t\t\t<div style=\"color:#888\">Aidez nous \u00e0 optimiser notre site.<\/div>\t\t\t\t\t\t\t<\/label>\n\t\t\t\t\t\t<div class=\"elementor-field-subgroup  \"><span class=\"elementor-field-option\"><input type=\"radio\" value=\"oui\" id=\"form-field-satisfaction_radio-0\" name=\"form_fields[satisfaction_radio]\" required=\"required\"> <label for=\"form-field-satisfaction_radio-0\">Oui<\/label><\/span><span class=\"elementor-field-option\"><input type=\"radio\" value=\"non\" id=\"form-field-satisfaction_radio-1\" name=\"form_fields[satisfaction_radio]\" required=\"required\"> <label for=\"form-field-satisfaction_radio-1\">Non<\/label><\/span><\/div>\t\t\t\t<\/div>\n\t\t\t\t\t\t\t\t<div class=\"elementor-field-type-textarea elementor-field-group elementor-column elementor-field-group-message elementor-col-100\">\n\t\t\t\t\t<textarea class=\"elementor-field-textual elementor-field  elementor-size-sm\" name=\"form_fields[message]\" id=\"form-field-message\" rows=\"4\" placeholder=\"Expliquez\"><\/textarea>\t\t\t\t<\/div>\n\t\t\t\t\t\t\t\t<div class=\"elementor-field-group elementor-column elementor-field-type-submit elementor-col-40 e-form__buttons\">\n\t\t\t\t\t<button class=\"elementor-button elementor-size-sm\" type=\"submit\">\n\t\t\t\t\t\t<span class=\"elementor-button-content-wrapper\">\n\t\t\t\t\t\t\t\t\t\t\t\t\t\t\t\t\t\t\t\t\t\t<span class=\"elementor-button-text\">Envoyer<\/span>\n\t\t\t\t\t\t\t\t\t\t\t\t\t<\/span>\n\t\t\t\t\t<\/button>\n\t\t\t\t<\/div>\n\t\t\t<\/div>\n\t\t<\/form>\n\t\t\t\t\t\t<\/div>\n\t\t\t\t<\/div>\n\t\t\t\t\t<\/div>\n\t\t<\/div>\n\t\t\t\t\t<\/div>\n\t\t<\/section>\n\t\t\t\t\t<\/div>\n\t\t<\/div>\n\t\t\t\t\t<\/div>\n\t\t<\/section>\n\t\t\t\t<\/div>\n\t\t","protected":false},"excerpt":{"rendered":"<p>Inscription 2026 Toutes les inscriptions se feront d\u00e9sormais exclusivement en ligne. Assurez-vous d\u2019\u00eatre pr\u00eat :\u2705 Cr\u00e9ez votre compte\u00a0Mon.Hampstead.\u2705 Ajoutez les membres de votre famille \u00e0 votre compte.\u2705 Faites votre demande de\u00a0carte citoyenne pour vous et chacun des membres de votre famille.\u00a0(une preuve de r\u00e9sidence est requise pour les enfants et les adultes). Votre carte doit \u00eatre approuv\u00e9e avant de proc\u00e9der \u00e0 l\u2019inscription. Veuillez pr\u00e9voir un d\u00e9lai pour ce processus. Cette exigence est primordiale en pr\u00e9vision de l\u2019ouverture des inscriptions. Les programmes sportifs La session de printemps arrive avec une offre vari\u00e9e d\u2019activit\u00e9s sportives pour enfants et tout-petits. Les r\u00e9sidents pourront<\/p>\n","protected":false},"author":11,"featured_media":0,"parent":0,"menu_order":0,"comment_status":"closed","ping_status":"closed","template":"","meta":{"_acf_changed":false,"footnotes":""},"class_list":["post-44528","page","type-page","status-publish","hentry"],"acf":[],"_links":{"self":[{"href":"https:\/\/www.hampstead.qc.ca\/fr\/wp-json\/wp\/v2\/pages\/44528","targetHints":{"allow":["GET"]}}],"collection":[{"href":"https:\/\/www.hampstead.qc.ca\/fr\/wp-json\/wp\/v2\/pages"}],"about":[{"href":"https:\/\/www.hampstead.qc.ca\/fr\/wp-json\/wp\/v2\/types\/page"}],"author":[{"embeddable":true,"href":"https:\/\/www.hampstead.qc.ca\/fr\/wp-json\/wp\/v2\/users\/11"}],"replies":[{"embeddable":true,"href":"https:\/\/www.hampstead.qc.ca\/fr\/wp-json\/wp\/v2\/comments?post=44528"}],"version-history":[{"count":0,"href":"https:\/\/www.hampstead.qc.ca\/fr\/wp-json\/wp\/v2\/pages\/44528\/revisions"}],"wp:attachment":[{"href":"https:\/\/www.hampstead.qc.ca\/fr\/wp-json\/wp\/v2\/media?parent=44528"}],"curies":[{"name":"wp","href":"https:\/\/api.w.org\/{rel}","templated":true}]}}