{"id":46777,"date":"2024-09-16T14:44:48","date_gmt":"2024-09-16T18:44:48","guid":{"rendered":"https:\/\/www.hampstead.qc.ca\/?page_id=46777"},"modified":"2026-03-31T15:48:34","modified_gmt":"2026-03-31T19:48:34","slug":"location-des-installations","status":"publish","type":"page","link":"https:\/\/www.hampstead.qc.ca\/fr\/location-des-installations\/","title":{"rendered":"Location des installations"},"content":{"rendered":"\t\t<div data-elementor-type=\"wp-page\" data-elementor-id=\"46777\" class=\"elementor elementor-46777\" data-elementor-post-type=\"page\">\n\t\t\t\t\t\t<section class=\"elementor-section elementor-top-section elementor-element elementor-element-4d2886b elementor-section-boxed elementor-section-height-default elementor-section-height-default\" data-id=\"4d2886b\" data-element_type=\"section\" data-e-type=\"section\">\n\t\t\t\t\t\t<div class=\"elementor-container elementor-column-gap-default\">\n\t\t\t\t\t<div class=\"elementor-column elementor-col-33 elementor-top-column elementor-element elementor-element-2c29e30\" data-id=\"2c29e30\" data-element_type=\"column\" data-e-type=\"column\">\n\t\t\t<div class=\"elementor-widget-wrap elementor-element-populated\">\n\t\t\t\t\t\t<div class=\"elementor-element elementor-element-14bb9ae elementor-alert-warning elementor-widget elementor-widget-alert\" data-id=\"14bb9ae\" data-element_type=\"widget\" data-e-type=\"widget\" data-widget_type=\"alert.default\">\n\t\t\t\t<div class=\"elementor-widget-container\">\n\t\t\t\t\t\t\t<div class=\"elementor-alert\" role=\"alert\">\n\n\t\t\t\t\t\t<span class=\"elementor-alert-title\">R\u00e9servations disponibles pour les mois suivants:<\/span>\n\t\t\t\n\t\t\t\t\t\t<span class=\"elementor-alert-description\">Mars, avril et mai 2026\n\n\n<\/span>\n\t\t\t\n\t\t\t\n\t\t<\/div>\n\t\t\t\t\t\t<\/div>\n\t\t\t\t<\/div>\n\t\t\t\t<div class=\"elementor-element elementor-element-0d95306 elementor-widget elementor-widget-text-editor\" data-id=\"0d95306\" data-element_type=\"widget\" data-e-type=\"widget\" data-widget_type=\"text-editor.default\">\n\t\t\t\t<div class=\"elementor-widget-container\">\n\t\t\t\t\t\t\t\t\t<p><span style=\"font-family: georgia, palatino, serif; font-size: 1.6rem;\">Sachez que la Ville de Hampstead se r\u00e9serve le droit de refuser la location d&rsquo;un espace en pr\u00e9vision de nos \u00e9v\u00e8nements.<\/span><\/p>\t\t\t\t\t\t\t\t<\/div>\n\t\t\t\t<\/div>\n\t\t\t\t\t<\/div>\n\t\t<\/div>\n\t\t\t\t<div class=\"elementor-column elementor-col-33 elementor-top-column elementor-element elementor-element-b4ee1f5\" data-id=\"b4ee1f5\" data-element_type=\"column\" data-e-type=\"column\">\n\t\t\t<div class=\"elementor-widget-wrap\">\n\t\t\t\t\t\t\t<\/div>\n\t\t<\/div>\n\t\t\t\t<div class=\"elementor-column elementor-col-33 elementor-top-column elementor-element elementor-element-fe82b48\" data-id=\"fe82b48\" data-element_type=\"column\" data-e-type=\"column\">\n\t\t\t<div class=\"elementor-widget-wrap\">\n\t\t\t\t\t\t\t<\/div>\n\t\t<\/div>\n\t\t\t\t\t<\/div>\n\t\t<\/section>\n\t\t\t\t<section class=\"elementor-section elementor-top-section elementor-element elementor-element-60031f7 elementor-section-boxed elementor-section-height-default elementor-section-height-default\" data-id=\"60031f7\" data-element_type=\"section\" data-e-type=\"section\">\n\t\t\t\t\t\t<div class=\"elementor-container elementor-column-gap-default\">\n\t\t\t\t\t<div class=\"elementor-column elementor-col-33 elementor-top-column elementor-element elementor-element-e345f46\" data-id=\"e345f46\" data-element_type=\"column\" data-e-type=\"column\">\n\t\t\t<div class=\"elementor-widget-wrap elementor-element-populated\">\n\t\t\t\t\t\t<div class=\"elementor-element elementor-element-3dc3bf7 elementor-alert-info elementor-widget elementor-widget-alert\" data-id=\"3dc3bf7\" data-element_type=\"widget\" data-e-type=\"widget\" data-widget_type=\"alert.default\">\n\t\t\t\t<div class=\"elementor-widget-container\">\n\t\t\t\t\t\t\t<div class=\"elementor-alert\" role=\"alert\">\n\n\t\t\t\t\t\t<span class=\"elementor-alert-title\">Questions<\/span>\n\t\t\t\n\t\t\t\t\t\t<span class=\"elementor-alert-description\">Vous pouvez contacter le d\u00e9partement des services communautaires et loisirs pour r\u00e9pondre \u00e0 vos questions au 514-369-8200 ext 2 et recreation@hampstead.qc.ca.<\/span>\n\t\t\t\n\t\t\t\t\t\t<button type=\"button\" class=\"elementor-alert-dismiss\" aria-label=\"Dismiss this alert.\">\n\t\t\t\t\t\t\t\t\t<span aria-hidden=\"true\">&times;<\/span>\n\t\t\t\t\t\t\t<\/button>\n\t\t\t\n\t\t<\/div>\n\t\t\t\t\t\t<\/div>\n\t\t\t\t<\/div>\n\t\t\t\t\t<\/div>\n\t\t<\/div>\n\t\t\t\t<div class=\"elementor-column elementor-col-33 elementor-top-column elementor-element elementor-element-c882117\" data-id=\"c882117\" data-element_type=\"column\" data-e-type=\"column\">\n\t\t\t<div class=\"elementor-widget-wrap\">\n\t\t\t\t\t\t\t<\/div>\n\t\t<\/div>\n\t\t\t\t<div class=\"elementor-column elementor-col-33 elementor-top-column elementor-element elementor-element-9ef9063\" data-id=\"9ef9063\" data-element_type=\"column\" data-e-type=\"column\">\n\t\t\t<div class=\"elementor-widget-wrap\">\n\t\t\t\t\t\t\t<\/div>\n\t\t<\/div>\n\t\t\t\t\t<\/div>\n\t\t<\/section>\n\t\t\t\t<section class=\"elementor-section elementor-top-section elementor-element elementor-element-47d0597 elementor-section-boxed elementor-section-height-default elementor-section-height-default\" data-id=\"47d0597\" data-element_type=\"section\" data-e-type=\"section\">\n\t\t\t\t\t\t<div class=\"elementor-container elementor-column-gap-default\">\n\t\t\t\t\t<div class=\"elementor-column elementor-col-100 elementor-top-column elementor-element elementor-element-db6858e\" data-id=\"db6858e\" data-element_type=\"column\" data-e-type=\"column\">\n\t\t\t<div class=\"elementor-widget-wrap elementor-element-populated\">\n\t\t\t\t\t\t<div class=\"elementor-element elementor-element-968dda1 elementor-widget__width-initial elementor-widget elementor-widget-toggle\" data-id=\"968dda1\" data-element_type=\"widget\" data-e-type=\"widget\" data-widget_type=\"toggle.default\">\n\t\t\t\t<div class=\"elementor-widget-container\">\n\t\t\t\t\t\t\t<div class=\"elementor-toggle\">\n\t\t\t\t\t\t\t<div class=\"elementor-toggle-item\">\n\t\t\t\t\t<div id=\"elementor-tab-title-1571\" class=\"elementor-tab-title\" data-tab=\"1\" role=\"button\" aria-controls=\"elementor-tab-content-1571\" aria-expanded=\"false\">\n\t\t\t\t\t\t\t\t\t\t\t\t<span class=\"elementor-toggle-icon elementor-toggle-icon-left\" aria-hidden=\"true\">\n\t\t\t\t\t\t\t\t\t\t\t\t\t\t\t<span class=\"elementor-toggle-icon-closed\"><i class=\"fas fa-caret-right\"><\/i><\/span>\n\t\t\t\t\t\t\t\t<span class=\"elementor-toggle-icon-opened\"><i class=\"elementor-toggle-icon-opened fas fa-caret-up\"><\/i><\/span>\n\t\t\t\t\t\t\t\t\t\t\t\t\t<\/span>\n\t\t\t\t\t\t\t\t\t\t\t\t<a class=\"elementor-toggle-title\" tabindex=\"0\">Location de la salle au centre communautaire<\/a>\n\t\t\t\t\t<\/div>\n\n\t\t\t\t\t<div id=\"elementor-tab-content-1571\" class=\"elementor-tab-content elementor-clearfix\" data-tab=\"1\" role=\"region\" aria-labelledby=\"elementor-tab-title-1571\"><p><span style=\"font-family: georgia, palatino, serif; font-size: 1.6rem;\">La salle du centre communautaire est disponible \u00e0 la location pour divers \u00e9v\u00e9nements, que ce soit pour des f\u00eates, r\u00e9unions ou activit\u00e9s communautaires. Voici les informations essentielles \u00e0 conna\u00eetre pour r\u00e9server la salle:<\/span><\/p><h4><span style=\"font-family: georgia, palatino, serif; font-size: 1.6rem;\">Informations \u00e0 fournir lors de la r\u00e9servation<\/span><\/h4><ul><li><span style=\"font-family: georgia, palatino, serif; font-size: 1.6rem;\"><strong>Nom complet<\/strong>, <strong>adresse<\/strong>, <strong>num\u00e9ro de t\u00e9l\u00e9phone<\/strong> et <strong>adresse \u00e9lectronique<\/strong><\/span><\/li><li><span style=\"font-family: georgia, palatino, serif; font-size: 1.6rem;\">Nombre approximatif d&rsquo;<strong>enfants<\/strong> ou d&rsquo;<strong>adultes<\/strong><\/span><\/li><li><span style=\"font-family: georgia, palatino, serif; font-size: 1.6rem;\"><strong>Dur\u00e9e de la r\u00e9servation<\/strong> (combien d&rsquo;heures) et <strong>heure de d\u00e9but<\/strong><\/span><\/li><li><span style=\"font-family: georgia, palatino, serif; font-size: 1.6rem;\"><strong>Activit\u00e9s pr\u00e9vues<\/strong> (ch\u00e2teau gonflable, peinture, etc.)<\/span><\/li><\/ul><h4><span style=\"font-family: georgia, palatino, serif; font-size: 1.6rem;\">R\u00e8glement concernant l&rsquo;alcool\u00a0<\/span><\/h4><ul><li><p><span style=\"font-family: georgia, palatino, serif; font-size: 1.6rem;\"><strong>Service d&rsquo;alcool<\/strong> : Un permis est obligatoire pour servir de l&rsquo;alcool \u00e0 l\u2019int\u00e9rieur de la salle. Il est strictement <strong>interdit de servir de l&rsquo;alcool \u00e0 l&rsquo;ext\u00e9rieur<\/strong>. Pr\u00e9voir un d\u00e9lai de 10 jours ouvrables pour obtenir l\u2019autorisation. Vous pouvez consulter <a href=\"https:\/\/www.racj.gouv.qc.ca\/en\/forms-and-publications\/forms\/alcohol\/reunions.html\" target=\"_new\" rel=\"noopener\">le site de la R\u00e9gie des alcools<\/a> pour plus d&rsquo;informations.<\/span><\/p><\/li><\/ul><h4><span style=\"font-family: georgia, palatino, serif; font-size: 1.6rem;\">Acc\u00e8s \u00e0 la salle<\/span><\/h4><ul><li><span style=\"font-family: georgia, palatino, serif; font-size: 1.6rem;\">La salle sera disponible <strong>30 minutes avant<\/strong> l&rsquo;heure de votre r\u00e9servation pour la mise en place, et vous disposerez \u00e9galement de <strong>30 minutes apr\u00e8s<\/strong> l&rsquo;\u00e9v\u00e9nement pour le d\u00e9montage.<\/span><\/li><\/ul><h4><span style=\"font-family: georgia, palatino, serif; font-size: 1.6rem;\">Tarifs de location <em>(taxes non comprises)<\/em><\/span><\/h4><p><span style=\"font-family: georgia, palatino, serif; font-size: 1.6rem;\">Les tarifs varient selon le nombre de personnes pr\u00e9sentes et votre lieu de r\u00e9sidence.<\/span><\/p><h5><span style=\"font-family: georgia, palatino, serif; font-size: 1.6rem;\">Groupe de <strong>75 personnes ou moins<\/strong><\/span><\/h5><ul><li><span style=\"font-family: georgia, palatino, serif; font-size: 1.6rem;\"><strong>R\u00e9sidents de Hampstead<\/strong> : 50,00 $ pour 30 minutes \/ 100,00 $ pour une heure \/ 200,00 $ pour deux heures<\/span><\/li><li><span style=\"font-family: georgia, palatino, serif; font-size: 1.6rem;\"><strong>Non-r\u00e9sidents<\/strong> : 77,75 $ pour 30 minutes \/ 155,50 $ pour une heure \/ 311,00 $ pour deux heures<\/span><\/li><\/ul><h5><span style=\"font-family: georgia, palatino, serif; font-size: 1.6rem;\">Groupe de <strong>76 personnes et plus<\/strong><\/span><\/h5><ul><li><span style=\"font-family: georgia, palatino, serif; font-size: 1.6rem;\"><strong>R\u00e9sidents de Hampstead<\/strong> : 68,75 $ pour 30 minutes \/ 137,50 $ pour une heure \/ 275,00 $ pour deux heures<\/span><\/li><li><span style=\"font-family: georgia, palatino, serif; font-size: 1.6rem;\"><strong>Non-r\u00e9sidents<\/strong> : 95,00 $ pour 30 minutes \/ 190,00 $ pour une heure \/ 380,00 $ pour deux heures<\/span><\/li><\/ul><p><span style=\"font-family: georgia, palatino, serif; font-size: 1.6rem;\">Pour faire une r\u00e9servation, veuillez remplir le formulaire qui se trouve au bas de la page.<\/span><\/p><\/div>\n\t\t\t\t<\/div>\n\t\t\t\t\t\t\t<div class=\"elementor-toggle-item\">\n\t\t\t\t\t<div id=\"elementor-tab-title-1572\" class=\"elementor-tab-title\" data-tab=\"2\" role=\"button\" aria-controls=\"elementor-tab-content-1572\" aria-expanded=\"false\">\n\t\t\t\t\t\t\t\t\t\t\t\t<span class=\"elementor-toggle-icon elementor-toggle-icon-left\" aria-hidden=\"true\">\n\t\t\t\t\t\t\t\t\t\t\t\t\t\t\t<span class=\"elementor-toggle-icon-closed\"><i class=\"fas fa-caret-right\"><\/i><\/span>\n\t\t\t\t\t\t\t\t<span class=\"elementor-toggle-icon-opened\"><i class=\"elementor-toggle-icon-opened fas fa-caret-up\"><\/i><\/span>\n\t\t\t\t\t\t\t\t\t\t\t\t\t<\/span>\n\t\t\t\t\t\t\t\t\t\t\t\t<a class=\"elementor-toggle-title\" tabindex=\"0\">Locations ext\u00e9rieur<\/a>\n\t\t\t\t\t<\/div>\n\n\t\t\t\t\t<div id=\"elementor-tab-content-1572\" class=\"elementor-tab-content elementor-clearfix\" data-tab=\"2\" role=\"region\" aria-labelledby=\"elementor-tab-title-1572\"><h3><span style=\"font-size: 1.6rem; font-family: georgia, palatino, serif;\">R\u00e8glements pour la location d&rsquo;un espace ext\u00e9rieur<\/span><\/h3><p><span style=\"font-size: 1.6rem; font-family: georgia, palatino, serif;\">La municipalit\u00e9 offre la possibilit\u00e9 de louer des espaces ext\u00e9rieurs pour des \u00e9v\u00e9nements en plein air dans le parc Hampstead. Voici les r\u00e8gles et tarifs \u00e0 conna\u00eetre pour organiser votre \u00e9v\u00e9nement.<\/span><\/p><h4><span style=\"font-size: 1.6rem; font-family: georgia, palatino, serif;\">Conditions g\u00e9n\u00e9rales<\/span><\/h4><ul><li><span style=\"font-size: 1.6rem; font-family: georgia, palatino, serif;\"><strong>Barbecues<\/strong> : Les BBQ sont strictement <strong>interdits<\/strong> dans les espaces ext\u00e9rieurs.<\/span><\/li><li><span style=\"font-size: 1.6rem; font-family: georgia, palatino, serif;\"><strong>Parcs autoris\u00e9s<\/strong> : Les \u00e9v\u00e9nements en plein air sont uniquement permis dans <strong>le parc Hampstead<\/strong>. Aucun autre parc de la municipalit\u00e9 ne permet l&rsquo;organisation de f\u00eates ou d&rsquo;\u00e9v\u00e9nements.<\/span><\/li><li><strong>L&rsquo;alcool est interdit dans le parc<\/strong><\/li><\/ul><h4><span style=\"font-size: 1.6rem; font-family: georgia, palatino, serif;\">Acc\u00e8s \u00e0 l&rsquo;espace ext\u00e9rieur<\/span><\/h4><p><span style=\"font-size: 1.6rem; font-family: georgia, palatino, serif;\">Vous pouvez arriver <strong>30 minutes avant<\/strong> l&rsquo;heure pr\u00e9vue pour installer votre mat\u00e9riel et pr\u00e9parer l&rsquo;\u00e9v\u00e9nement. \u00c0 la fin de votre activit\u00e9, vous aurez <strong>30 minutes suppl\u00e9mentaires<\/strong> pour d\u00e9monter et ranger.<\/span><\/p><h4><span style=\"font-size: 1.6rem; font-family: georgia, palatino, serif;\">Tarifs de location <em>(taxes non comprises)<\/em><\/span><\/h4><p><span style=\"font-size: 1.6rem; font-family: georgia, palatino, serif;\">Les tarifs varient en fonction du nombre de participants et du lieu de r\u00e9sidence. Les montants indiqu\u00e9s sont pour une dur\u00e9e de <strong>1 heure<\/strong> ou <strong>2 heures<\/strong> selon la demande.<\/span><\/p><h5><span style=\"font-size: 1.6rem; font-family: georgia, palatino, serif;\"><strong>Location ext\u00e9rieure pour moins de 100 personnes<\/strong><\/span><\/h5><ul><li><span style=\"font-size: 1.6rem; font-family: georgia, palatino, serif;\"><strong>R\u00e9sident (1 heure)<\/strong> : 75,00 $<\/span><\/li><li><span style=\"font-size: 1.6rem; font-family: georgia, palatino, serif;\"><strong>Non-r\u00e9sident (1 heure)<\/strong> : 112,50 $<\/span><\/li><li><span style=\"font-size: 1.6rem; font-family: georgia, palatino, serif;\"><strong>R\u00e9sident (2 heures)<\/strong> : 150,00 $<\/span><\/li><li><span style=\"font-size: 1.6rem; font-family: georgia, palatino, serif;\"><strong>Non-r\u00e9sident (2 heures)<\/strong> : 225,00 $<\/span><\/li><\/ul><h5><span style=\"font-size: 1.6rem; font-family: georgia, palatino, serif;\"><strong>101-250 personnes<\/strong><\/span><\/h5><ul><li><span style=\"font-size: 1.6rem; font-family: georgia, palatino, serif;\"><strong>R\u00e9sident (1 heure)<\/strong> : 125,00 $<\/span><\/li><li><span style=\"font-size: 1.6rem; font-family: georgia, palatino, serif;\"><strong>Non-r\u00e9sident (1 heure)<\/strong> : 162,50 $<\/span><\/li><li><span style=\"font-size: 1.6rem; font-family: georgia, palatino, serif;\"><strong>R\u00e9sident (2 heures)<\/strong> : 250,00 $<\/span><\/li><li><span style=\"font-size: 1.6rem; font-family: georgia, palatino, serif;\"><strong>Non-r\u00e9sident (2 heures)<\/strong> : 325,00 $<\/span><\/li><\/ul><h5><span style=\"font-size: 1.6rem; font-family: georgia, palatino, serif;\"><strong>251-500 personnes<\/strong><\/span><\/h5><ul><li><span style=\"font-size: 1.6rem; font-family: georgia, palatino, serif;\"><strong>R\u00e9sident (1 heure)<\/strong> : 187,50 $<\/span><\/li><li><span style=\"font-size: 1.6rem; font-family: georgia, palatino, serif;\"><strong>Non-r\u00e9sident (1 heure)<\/strong> : 247,50 $<\/span><\/li><li><span style=\"font-size: 1.6rem; font-family: georgia, palatino, serif;\"><strong>R\u00e9sident (2 heures)<\/strong> : 375,00 $<\/span><\/li><li><span style=\"font-size: 1.6rem; font-family: georgia, palatino, serif;\"><strong>Non-r\u00e9sident (2 heures)<\/strong> : 495,00 $<\/span><\/li><\/ul><h5><span style=\"font-size: 1.6rem; font-family: georgia, palatino, serif;\"><strong>Plus de 500 personnes<\/strong><\/span><\/h5><ul><li><span style=\"font-size: 1.6rem; font-family: georgia, palatino, serif;\"><strong>R\u00e9sident (1 heure)<\/strong> : 312,50 $<\/span><\/li><li><span style=\"font-size: 1.6rem; font-family: georgia, palatino, serif;\"><strong>Non-r\u00e9sident (1 heure)<\/strong> : 375,00 $<\/span><\/li><li><span style=\"font-size: 1.6rem; font-family: georgia, palatino, serif;\"><strong>R\u00e9sident (2 heures)<\/strong> : 625,00 $<\/span><\/li><li><span style=\"font-size: 1.6rem; font-family: georgia, palatino, serif;\"><strong>Non-r\u00e9sident (2 heures)<\/strong> : 750,00 $<\/span><\/li><\/ul><h5><span style=\"font-size: 1.6rem; font-family: georgia, palatino, serif;\"><strong>Frais suppl\u00e9mentaires<\/strong><\/span><\/h5><ul><li><span style=\"font-size: 1.6rem; font-family: georgia, palatino, serif;\"><strong>Cols bleus suppl\u00e9mentaires<\/strong> : 70,00 $<\/span><\/li><\/ul><h5><span style=\"font-size: 1.6rem; font-family: georgia, palatino, serif;\"><strong>Locations pour instructeurs et terrains de sport<\/strong><\/span><\/h5><ul><li><span style=\"font-size: 1.6rem; font-family: georgia, palatino, serif;\"><strong>Instructeur r\u00e9sident (1 heure)<\/strong> : 25,00 $<\/span><\/li><li><span style=\"font-size: 1.6rem; font-family: georgia, palatino, serif;\"><strong>Instructeur non-r\u00e9sident (1 heure)<\/strong> : 40,00 $<\/span><\/li><li><span style=\"font-size: 1.6rem; font-family: georgia, palatino, serif;\"><strong>Terrain de baseball, basketball, volleyball r\u00e9sident (2 heures)<\/strong> : 85,00 $<\/span><\/li><li><span style=\"font-size: 1.6rem; font-family: georgia, palatino, serif;\"><strong>Terrain de baseball, basketball, volleyball non-r\u00e9sident (2 heures)<\/strong> : 135,00 $<\/span><\/li><li><span style=\"font-size: 1.6rem; font-family: georgia, palatino, serif;\"><strong>Terrain de soccer\/demi-terrain r\u00e9sident (2 heures)<\/strong> : 85,00 $<\/span><\/li><li><span style=\"font-size: 1.6rem; font-family: georgia, palatino, serif;\"><strong>Terrain de football\/demi-terrain non-r\u00e9sident (2 heures)<\/strong> : 135,00 $<\/span><\/li><\/ul><p><span style=\"font-size: 1.6rem; font-family: georgia, palatino, serif;\">Pour faire une r\u00e9servation, envoyer une courriel a recreation@hampstead.qc.ca<\/span><\/p><\/div>\n\t\t\t\t<\/div>\n\t\t\t\t\t\t\t\t<\/div>\n\t\t\t\t\t\t<\/div>\n\t\t\t\t<\/div>\n\t\t\t\t\t<\/div>\n\t\t<\/div>\n\t\t\t\t\t<\/div>\n\t\t<\/section>\n\t\t\t\t<section class=\"elementor-section elementor-top-section elementor-element elementor-element-aa3551e elementor-section-boxed elementor-section-height-default elementor-section-height-default\" data-id=\"aa3551e\" data-element_type=\"section\" data-e-type=\"section\">\n\t\t\t\t\t\t<div class=\"elementor-container elementor-column-gap-default\">\n\t\t\t\t\t<div class=\"elementor-column elementor-col-33 elementor-top-column elementor-element elementor-element-dc773aa\" data-id=\"dc773aa\" data-element_type=\"column\" data-e-type=\"column\">\n\t\t\t<div class=\"elementor-widget-wrap\">\n\t\t\t\t\t\t\t<\/div>\n\t\t<\/div>\n\t\t\t\t<div class=\"elementor-column elementor-col-33 elementor-top-column elementor-element elementor-element-c762136\" data-id=\"c762136\" data-element_type=\"column\" data-e-type=\"column\">\n\t\t\t<div class=\"elementor-widget-wrap\">\n\t\t\t\t\t\t\t<\/div>\n\t\t<\/div>\n\t\t\t\t<div class=\"elementor-column elementor-col-33 elementor-top-column elementor-element elementor-element-94493b1\" data-id=\"94493b1\" data-element_type=\"column\" data-e-type=\"column\">\n\t\t\t<div class=\"elementor-widget-wrap elementor-element-populated\">\n\t\t\t\t\t\t<div class=\"elementor-element elementor-element-a101c9e elementor-widget elementor-widget-heading\" data-id=\"a101c9e\" data-element_type=\"widget\" data-e-type=\"widget\" data-widget_type=\"heading.default\">\n\t\t\t\t<div class=\"elementor-widget-container\">\n\t\t\t\t\t<h4 class=\"elementor-heading-title elementor-size-default\">Cette page r\u00e9pond-elle \u00e0 vos besoins ?<\/h4>\t\t\t\t<\/div>\n\t\t\t\t<\/div>\n\t\t\t\t<div class=\"elementor-element elementor-element-e82d5bb elementor-button-align-start elementor-widget elementor-widget-form\" data-id=\"e82d5bb\" data-element_type=\"widget\" data-e-type=\"widget\" data-settings=\"{&quot;button_width&quot;:&quot;40&quot;,&quot;step_next_label&quot;:&quot;Next&quot;,&quot;step_previous_label&quot;:&quot;Previous&quot;,&quot;step_type&quot;:&quot;number_text&quot;,&quot;step_icon_shape&quot;:&quot;circle&quot;}\" data-widget_type=\"form.default\">\n\t\t\t\t<div class=\"elementor-widget-container\">\n\t\t\t\t\t\t\t<form class=\"elementor-form\" method=\"post\" name=\"New Form\" aria-label=\"New Form\">\n\t\t\t<input type=\"hidden\" name=\"post_id\" value=\"46777\"\/>\n\t\t\t<input type=\"hidden\" name=\"form_id\" value=\"e82d5bb\"\/>\n\t\t\t<input type=\"hidden\" name=\"referer_title\" value=\"R\u00e9sultats de recherche    WA 0812 2782 5310 Tarif Pembuatan Interior Salon Rumahan Terpercaya Genuk Semarang\" \/>\n\n\t\t\t\n\t\t\t<div class=\"elementor-form-fields-wrapper elementor-labels-above\">\n\t\t\t\t\t\t\t\t<div class=\"elementor-field-type-radio elementor-field-group elementor-column elementor-field-group-satisfaction_radio elementor-col-100 elementor-field-required\">\n\t\t\t\t\t\t\t\t\t\t\t\t<label for=\"form-field-satisfaction_radio\" class=\"elementor-field-label\">\n\t\t\t\t\t\t\t\t<div style=\"color:#888\">Aidez nous \u00e0 optimiser notre site.<\/div>\t\t\t\t\t\t\t<\/label>\n\t\t\t\t\t\t<div class=\"elementor-field-subgroup  \"><span class=\"elementor-field-option\"><input type=\"radio\" value=\"oui\" id=\"form-field-satisfaction_radio-0\" name=\"form_fields[satisfaction_radio]\" required=\"required\"> <label for=\"form-field-satisfaction_radio-0\">Oui<\/label><\/span><span class=\"elementor-field-option\"><input type=\"radio\" value=\"non\" id=\"form-field-satisfaction_radio-1\" name=\"form_fields[satisfaction_radio]\" required=\"required\"> <label for=\"form-field-satisfaction_radio-1\">Non<\/label><\/span><\/div>\t\t\t\t<\/div>\n\t\t\t\t\t\t\t\t<div class=\"elementor-field-type-textarea elementor-field-group elementor-column elementor-field-group-message elementor-col-100\">\n\t\t\t\t\t<textarea class=\"elementor-field-textual elementor-field  elementor-size-sm\" name=\"form_fields[message]\" id=\"form-field-message\" rows=\"4\" placeholder=\"Expliquez\"><\/textarea>\t\t\t\t<\/div>\n\t\t\t\t\t\t\t\t<div class=\"elementor-field-group elementor-column elementor-field-type-submit elementor-col-40 e-form__buttons\">\n\t\t\t\t\t<button class=\"elementor-button elementor-size-sm\" type=\"submit\">\n\t\t\t\t\t\t<span class=\"elementor-button-content-wrapper\">\n\t\t\t\t\t\t\t\t\t\t\t\t\t\t\t\t\t\t\t\t\t\t<span class=\"elementor-button-text\">Envoyer<\/span>\n\t\t\t\t\t\t\t\t\t\t\t\t\t<\/span>\n\t\t\t\t\t<\/button>\n\t\t\t\t<\/div>\n\t\t\t<\/div>\n\t\t<\/form>\n\t\t\t\t\t\t<\/div>\n\t\t\t\t<\/div>\n\t\t\t\t\t<\/div>\n\t\t<\/div>\n\t\t\t\t\t<\/div>\n\t\t<\/section>\n\t\t\t\t<\/div>\n\t\t","protected":false},"excerpt":{"rendered":"<p>R\u00e9servations disponibles pour les mois suivants: Mars, avril et mai 2026 Sachez que la Ville de Hampstead se r\u00e9serve le droit de refuser la location d&rsquo;un espace en pr\u00e9vision de nos \u00e9v\u00e8nements. Questions Vous pouvez contacter le d\u00e9partement des services communautaires et loisirs pour r\u00e9pondre \u00e0 vos questions au 514-369-8200 ext 2 et recreation@hampstead.qc.ca. &times; Location de la salle au centre communautaire La salle du centre communautaire est disponible \u00e0 la location pour divers \u00e9v\u00e9nements, que ce soit pour des f\u00eates, r\u00e9unions ou activit\u00e9s communautaires. Voici les informations essentielles \u00e0 conna\u00eetre pour r\u00e9server la salle: Informations \u00e0 fournir lors de<\/p>\n","protected":false},"author":11,"featured_media":0,"parent":0,"menu_order":0,"comment_status":"closed","ping_status":"closed","template":"","meta":{"_acf_changed":false,"footnotes":""},"class_list":["post-46777","page","type-page","status-publish","hentry"],"acf":[],"_links":{"self":[{"href":"https:\/\/www.hampstead.qc.ca\/fr\/wp-json\/wp\/v2\/pages\/46777","targetHints":{"allow":["GET"]}}],"collection":[{"href":"https:\/\/www.hampstead.qc.ca\/fr\/wp-json\/wp\/v2\/pages"}],"about":[{"href":"https:\/\/www.hampstead.qc.ca\/fr\/wp-json\/wp\/v2\/types\/page"}],"author":[{"embeddable":true,"href":"https:\/\/www.hampstead.qc.ca\/fr\/wp-json\/wp\/v2\/users\/11"}],"replies":[{"embeddable":true,"href":"https:\/\/www.hampstead.qc.ca\/fr\/wp-json\/wp\/v2\/comments?post=46777"}],"version-history":[{"count":0,"href":"https:\/\/www.hampstead.qc.ca\/fr\/wp-json\/wp\/v2\/pages\/46777\/revisions"}],"wp:attachment":[{"href":"https:\/\/www.hampstead.qc.ca\/fr\/wp-json\/wp\/v2\/media?parent=46777"}],"curies":[{"name":"wp","href":"https:\/\/api.w.org\/{rel}","templated":true}]}}