{"id":5241,"date":"2022-02-17T11:27:25","date_gmt":"2022-02-17T11:27:25","guid":{"rendered":"https:\/\/website.hampstead.penega.dev\/?page_id=5241"},"modified":"2022-02-17T11:29:21","modified_gmt":"2022-02-17T11:29:21","slug":"taxe-deau-a-la-consommation","status":"publish","type":"page","link":"https:\/\/www.hampstead.qc.ca\/fr\/services\/taxes-et-evaluation-fonciere\/taxe-deau-a-la-consommation\/","title":{"rendered":"Taxe d&rsquo;eau \u00e0 la consommation"},"content":{"rendered":"\t\t<div data-elementor-type=\"wp-page\" data-elementor-id=\"5241\" class=\"elementor elementor-5241\" data-elementor-post-type=\"page\">\n\t\t\t\t\t\t<section class=\"elementor-section elementor-top-section elementor-element elementor-element-0a170c5 elementor-section-boxed elementor-section-height-default elementor-section-height-default\" data-id=\"0a170c5\" data-element_type=\"section\" data-e-type=\"section\">\n\t\t\t\t\t\t<div class=\"elementor-container elementor-column-gap-default\">\n\t\t\t\t\t<div class=\"elementor-column elementor-col-100 elementor-top-column elementor-element elementor-element-e313a86\" data-id=\"e313a86\" data-element_type=\"column\" data-e-type=\"column\">\n\t\t\t<div class=\"elementor-widget-wrap elementor-element-populated\">\n\t\t\t\t\t\t<div class=\"elementor-element elementor-element-ba129ca elementor-widget elementor-widget-text-editor\" data-id=\"ba129ca\" data-element_type=\"widget\" data-e-type=\"widget\" data-widget_type=\"text-editor.default\">\n\t\t\t\t<div class=\"elementor-widget-container\">\n\t\t\t\t\t\t\t\t\t<p>La Ville de Hampstead utilise les compteurs d\u2019eau qui permettent une imposition plus \u00e9quitable puisque la taxe correspond \u00e0 la consommation r\u00e9elle (personnalis\u00e9e) et que les r\u00e9sidants payent pour les services qu\u2019ils ont bel et bien re\u00e7us. Un tarif est impos\u00e9 et per\u00e7u sur tout immeuble inscrit au r\u00f4le d\u2019\u00e9valuation fonci\u00e8re.\u00a0 Les taux sont calcul\u00e9s selon la consommation, comme l&rsquo;indique le tableau ci-dessous.<br \/><br \/><strong>\u00a0Consommation d&rsquo;eau en gallon imp\u00e9rial<\/strong><\/p><table border=\"1\" cellspacing=\"5\" cellpadding=\"5\"><tbody><tr><td><p><strong>De\u00a0\u00a0\u00a0\u00a0\u00a0\u00a0\u00a0\u00a0\u00a0\u00a0\u00a0\u00a0<\/strong><\/p><\/td><td><p><strong>\u00c0\u00a0\u00a0\u00a0\u00a0\u00a0\u00a0\u00a0\u00a0\u00a0\u00a0\u00a0\u00a0\u00a0\u00a0<\/strong><\/p><\/td><td><p><strong>Min.\u00a0\u00a0\u00a0\u00a0\u00a0\u00a0\u00a0\u00a0\u00a0\u00a0\u00a0<\/strong><\/p><\/td><td><p><strong>Co\u00fbt par 1000G\u00a0\u00a0\u00a0<\/strong><\/p><\/td><\/tr><tr><td><p>0<\/p><\/td><td><p>35 000<\/p><\/td><td><p>50 $<\/p><\/td><td><p>s.o.<\/p><\/td><\/tr><tr><td><p>35 001<\/p><\/td><td><p>175 000<\/p><\/td><td><p>\u00a0\u00a0\u00a0<\/p><\/td><td><p>3,00 $<\/p><\/td><\/tr><tr><td><p>175 001<\/p><\/td><td><p>245 000<\/p><\/td><td><p>\u00a0\u00a0\u00a0<\/p><\/td><td><p>6,00 $<\/p><\/td><\/tr><tr><td><p>245 001<\/p><\/td><td><p>illimit\u00e9e<\/p><\/td><td><p>\u00a0\u00a0\u00a0<\/p><\/td><td><p>8.00 $<\/p><\/td><\/tr><\/tbody><\/table><p><br \/>Le compte de taxe d\u2019eau est habituellement mis \u00e0 la poste vers le d\u00e9but de novembre (Note : la date peut varier selon le temps requis pour obtenir et analyser la lecture des compteurs).<br \/><br \/>Une fois par ann\u00e9e, habituellement de la mi-ao\u00fbt \u00e0 la fin septembre, une firme externe re\u00e7oit le mandat de visiter les immeubles de Hampstead (les employ\u00e9s de cette firme portent toujours une identification avec photo) afin d\u2019obtenir le plus grand nombre possible de lectures r\u00e9elles. S\u2019ils ne peuvent acc\u00e9der au compteur lors d\u2019une premi\u00e8re visite, ils laissent une carte-r\u00e9ponse et reviennent \u00e0 un autre moment de la journ\u00e9e pour am\u00e9liorer leur chance de prendre la lecture. Si leurs efforts r\u00e9p\u00e9t\u00e9s ne permettent pas de recueillir la lecture souhait\u00e9e, ils laisseront une autre carte dans la bo\u00eete aux lettres, avec les coordonn\u00e9es de Hampstead. Nous encourageons tous les r\u00e9sidants \u00e0 faire de leur mieux pour qu\u2019une lecture r\u00e9elle soit prise aux fins d\u2019\u00e9tablir une facturation plus exacte.<br \/><br \/>Lorsqu\u2019il est impossible de faire une lecture r\u00e9elle (ou si un compteur ne fonctionne pas bien ou qu\u2019il est bris\u00e9), une estimation est calcul\u00e9e \u00e0 partir de la consommation historique moyenne de votre immeuble. Toutefois, si l\u2019historique de la consommation d\u2019eau n\u2019est pas fiable, une estimation sera alors calcul\u00e9e selon la consommation moyenne des immeubles de la m\u00eame cat\u00e9gorie.<br \/><br \/>Veuillez noter que, dans le cas d\u2019un transfert d\u2019immeuble, c\u2019est le propri\u00e9taire actuel qui, selon la loi, est responsable du paiement du compte de taxe d\u2019eau, et ce, m\u00eame si la consommation remonte \u00e0 la lecture de l\u2019ann\u00e9e pr\u00e9c\u00e9dente. C\u2019est pourquoi nous vous recommandons fortement de vous assurer avec l\u2019aide de votre notaire que le calcul d\u2019ajustement de la consommation d\u2019eau a \u00e9t\u00e9 effectu\u00e9 jusqu\u2019\u00e0 la date de la vente (N.B. Votre notaire devrait d\u00e9j\u00e0 avoir communiqu\u00e9 avec nous pour cette information).<br \/><br \/>S\u2019il arrive qu\u2019un compteur d\u2019eau se brise parce que l\u2019eau g\u00e8le \u00e0 l\u2019int\u00e9rieur et qu\u2019il doit \u00eatre remplac\u00e9, des frais sont factur\u00e9s selon le diam\u00e8tre du compteur. Mais comme tous les compteurs d\u2019eau sont install\u00e9s \u00e0 l\u2019int\u00e9rieur d\u2019un b\u00e2timent (chauff\u00e9), normalement le compteur de devrait pas geler.<\/p>\t\t\t\t\t\t\t\t<\/div>\n\t\t\t\t<\/div>\n\t\t\t\t\t<\/div>\n\t\t<\/div>\n\t\t\t\t\t<\/div>\n\t\t<\/section>\n\t\t\t\t<\/div>\n\t\t","protected":false},"excerpt":{"rendered":"<p>La Ville de Hampstead utilise les compteurs d\u2019eau qui permettent une imposition plus \u00e9quitable puisque la taxe correspond \u00e0 la consommation r\u00e9elle (personnalis\u00e9e) et que les r\u00e9sidants payent pour les services qu\u2019ils ont bel et bien re\u00e7us. Un tarif est impos\u00e9 et per\u00e7u sur tout immeuble inscrit au r\u00f4le d\u2019\u00e9valuation fonci\u00e8re.\u00a0 Les taux sont calcul\u00e9s selon la consommation, comme l&rsquo;indique le tableau ci-dessous. \u00a0Consommation d&rsquo;eau en gallon imp\u00e9rial De\u00a0\u00a0\u00a0\u00a0\u00a0\u00a0\u00a0\u00a0\u00a0\u00a0\u00a0\u00a0 \u00c0\u00a0\u00a0\u00a0\u00a0\u00a0\u00a0\u00a0\u00a0\u00a0\u00a0\u00a0\u00a0\u00a0\u00a0 Min.\u00a0\u00a0\u00a0\u00a0\u00a0\u00a0\u00a0\u00a0\u00a0\u00a0\u00a0 Co\u00fbt par 1000G\u00a0\u00a0\u00a0 0 35 000 50 $ s.o. 35 001 175 000 3,00 $ 175 001 245 000 6,00 $ 245 001 illimit\u00e9e 8.00 $ Le compte de<\/p>\n","protected":false},"author":2,"featured_media":0,"parent":268,"menu_order":0,"comment_status":"closed","ping_status":"closed","template":"","meta":{"_acf_changed":false,"footnotes":""},"class_list":["post-5241","page","type-page","status-publish","hentry"],"acf":[],"_links":{"self":[{"href":"https:\/\/www.hampstead.qc.ca\/fr\/wp-json\/wp\/v2\/pages\/5241","targetHints":{"allow":["GET"]}}],"collection":[{"href":"https:\/\/www.hampstead.qc.ca\/fr\/wp-json\/wp\/v2\/pages"}],"about":[{"href":"https:\/\/www.hampstead.qc.ca\/fr\/wp-json\/wp\/v2\/types\/page"}],"author":[{"embeddable":true,"href":"https:\/\/www.hampstead.qc.ca\/fr\/wp-json\/wp\/v2\/users\/2"}],"replies":[{"embeddable":true,"href":"https:\/\/www.hampstead.qc.ca\/fr\/wp-json\/wp\/v2\/comments?post=5241"}],"version-history":[{"count":0,"href":"https:\/\/www.hampstead.qc.ca\/fr\/wp-json\/wp\/v2\/pages\/5241\/revisions"}],"up":[{"embeddable":true,"href":"https:\/\/www.hampstead.qc.ca\/fr\/wp-json\/wp\/v2\/pages\/268"}],"wp:attachment":[{"href":"https:\/\/www.hampstead.qc.ca\/fr\/wp-json\/wp\/v2\/media?parent=5241"}],"curies":[{"name":"wp","href":"https:\/\/api.w.org\/{rel}","templated":true}]}}