{"id":59943,"date":"2026-03-18T15:47:04","date_gmt":"2026-03-18T19:47:04","guid":{"rendered":"https:\/\/refonte.hampstead.penega.dev\/?page_id=59943"},"modified":"2026-04-09T13:29:28","modified_gmt":"2026-04-09T17:29:28","slug":"controle-de-la-faune-urbaine","status":"publish","type":"page","link":"https:\/\/www.hampstead.qc.ca\/fr\/environnement\/controle-de-la-faune-urbaine\/","title":{"rendered":"Contr\u00f4le de la faune urbaine"},"content":{"rendered":"\t\t<div data-elementor-type=\"wp-page\" data-elementor-id=\"59943\" class=\"elementor elementor-59943\" data-elementor-post-type=\"page\">\n\t\t\t\t<div class=\"elementor-element elementor-element-189f123 e-flex e-con-boxed e-con e-parent\" data-id=\"189f123\" data-element_type=\"container\" data-e-type=\"container\">\n\t\t\t\t\t<div class=\"e-con-inner\">\n\t\t\t\t<div class=\"elementor-element elementor-element-fc56aa0 elementor-widget elementor-widget-text-editor\" data-id=\"fc56aa0\" data-element_type=\"widget\" data-e-type=\"widget\" data-widget_type=\"text-editor.default\">\n\t\t\t\t\t\t\t\t\t<h2>Cohabiter avec les animaux sauvages<\/h2><h5>La pr\u00e9sence d\u2019animaux sauvages tels que les ratons laveurs, moufettes, renards ou coyotes fait partie de la r\u00e9alit\u00e9 urbaine contemporaine. La Ville de Hampstead privil\u00e9gie une approche de cohabitation responsable et s\u00e9curitaire, fond\u00e9e sur la pr\u00e9vention, la sensibilisation et le respect de la faune.<\/h5><h5>La majorit\u00e9 des situations peuvent \u00eatre \u00e9vit\u00e9es par l\u2019adoption de pratiques simples visant \u00e0 r\u00e9duire les sources d\u2019attraction. La Ville n\u2019effectue pas de capture ou de relocalisation syst\u00e9matique des animaux sauvages, sauf dans des cas pr\u00e9cis li\u00e9s \u00e0 la s\u00e9curit\u00e9 publique.<\/h5>\t\t\t\t\t\t\t\t<\/div>\n\t\t\t\t<div class=\"elementor-element elementor-element-ddc6734 elementor-widget elementor-widget-social_share\" data-id=\"ddc6734\" data-element_type=\"widget\" data-e-type=\"widget\" data-widget_type=\"social_share.default\">\n\t\t\t\t<div class=\"elementor-widget-container\">\n\t\t\t\t\t        <div class=\"share-module\">\n            <span>Partager<\/span>\n                            <a href=\"#\" data-network=\"facebook\">\n                    <i class=\"fa-brands fa-facebook\"><\/i>\n                <\/a>\n                                        <a href=\"#\" data-network=\"linkedin\">\n                    <i class=\"fa-brands fa-linkedin\"><\/i>\n                <\/a>\n                                        <a href=\"#\" data-network=\"email\">\n                    <i class=\"fas fa-envelope\"><\/i>\n                <\/a>\n                    <\/div>\n\n        <script type=\"text\/javascript\">\n            document.querySelectorAll('.share-module a').forEach(link => {\n                link.addEventListener('click', function (e) {\n                    e.preventDefault();\n\n                    const url = encodeURIComponent(window.location.href);\n                    const title = encodeURIComponent(document.title);\n\n                    let shareUrl = '';\n\n                    switch (this.dataset.network) {\n                        case 'facebook':\n                            shareUrl = `https:\/\/www.facebook.com\/sharer\/sharer.php?u=${url}`;\n                            break;\n\n                        case 'twitter':\n                            shareUrl = `https:\/\/twitter.com\/intent\/tweet?url=${url}&text=${title}`;\n                            break;\n\n                        case 'linkedin':\n                            shareUrl = `https:\/\/www.linkedin.com\/sharing\/share-offsite\/?url=${url}`;\n                            break;\n\n                        case 'email':\n                            shareUrl = `mailto:?subject=${title}&body=${url}`;\n                            const mailLink = document.createElement(\"a\");\n                            mailLink.href = shareUrl;\n                            mailLink.click(); \/\/ Triggers the system mail client\n                            break;\n                    }\n\n                    if (shareUrl.indexOf('http') === 0) {\n                        window.open(shareUrl, '_blank', 'width=600,height=400');\n                    }\n                });\n            });\n        <\/script>\n        \t\t\t\t<\/div>\n\t\t\t\t<\/div>\n\t\t\t\t<div class=\"elementor-element elementor-element-11dcc31 elementor-widget elementor-widget-box_content\" data-id=\"11dcc31\" data-element_type=\"widget\" data-e-type=\"widget\" data-widget_type=\"box_content.default\">\n\t\t\t\t<div class=\"elementor-widget-container\">\n\t\t\t\t\t        <div class=\"box-content\">\n            <div class=\"row align-items-center\">\n                                <div class=\"col\">\n                    <h4>Bonnes pratiques de cohabitation<\/h4>\n                    <div class=\"box-content-description\">\n                        <p>Afin de limiter la pr\u00e9sence d\u2019animaux sauvages \u00e0 proximit\u00e9 des r\u00e9sidences :<\/p><ul><li>Ne pas nourrir les animaux sauvages, m\u00eame indirectement.<\/li><li>S\u2019assurer que les bacs \u00e0 ordures et \u00e0 compost sont bien ferm\u00e9s et sortis uniquement aux moments pr\u00e9vus.<\/li><li>Retirer toute source d\u2019attraction, notamment la nourriture pour animaux laiss\u00e9e \u00e0 l\u2019ext\u00e9rieur.<\/li><li>Bloquer les acc\u00e8s aux greniers, cabanons, garages et vides sanitaires.<\/li><\/ul><p>La pr\u00e9vention demeure la mesure la plus efficace.<\/p>                    <\/div>\n                <\/div>\n            <\/div>\n        <\/div>\n    \t\t\t\t<\/div>\n\t\t\t\t<\/div>\n\t\t\t\t<div class=\"elementor-element elementor-element-8ceb5cd elementor-widget elementor-widget-spacer\" data-id=\"8ceb5cd\" data-element_type=\"widget\" data-e-type=\"widget\" data-widget_type=\"spacer.default\">\n\t\t\t\t\t\t\t<div class=\"elementor-spacer\">\n\t\t\t<div class=\"elementor-spacer-inner\"><\/div>\n\t\t<\/div>\n\t\t\t\t\t\t<\/div>\n\t\t\t\t<div class=\"elementor-element elementor-element-cc69227 elementor-widget elementor-widget-n-accordion\" data-id=\"cc69227\" data-element_type=\"widget\" data-e-type=\"widget\" data-settings=\"{&quot;default_state&quot;:&quot;expanded&quot;,&quot;max_items_expended&quot;:&quot;one&quot;,&quot;n_accordion_animation_duration&quot;:{&quot;unit&quot;:&quot;ms&quot;,&quot;size&quot;:400,&quot;sizes&quot;:[]}}\" data-widget_type=\"nested-accordion.default\">\n\t\t\t\t\t\t\t<div class=\"e-n-accordion\" aria-label=\"Accordion. Open links with Enter or Space, close with Escape, and navigate with Arrow Keys\">\n\t\t\t\t\t\t<details id=\"e-n-accordion-item-2140\" class=\"e-n-accordion-item\" open>\n\t\t\t\t<summary class=\"e-n-accordion-item-title\" data-accordion-index=\"1\" tabindex=\"0\" aria-expanded=\"true\" aria-controls=\"e-n-accordion-item-2140\" >\n\t\t\t\t\t<span class='e-n-accordion-item-title-header'><h5 class=\"e-n-accordion-item-title-text\"> Quand signaler une situation \u00e0 la Ville <\/h5><\/span>\n\t\t\t\t\t\t\t<span class='e-n-accordion-item-title-icon'>\n\t\t\t<span class='e-opened' ><svg aria-hidden=\"true\" class=\"e-font-icon-svg e-fas-chevron-down\" viewBox=\"0 0 448 512\" xmlns=\"http:\/\/www.w3.org\/2000\/svg\"><path d=\"M207.029 381.476L12.686 187.132c-9.373-9.373-9.373-24.569 0-33.941l22.667-22.667c9.357-9.357 24.522-9.375 33.901-.04L224 284.505l154.745-154.021c9.379-9.335 24.544-9.317 33.901.04l22.667 22.667c9.373 9.373 9.373 24.569 0 33.941L240.971 381.476c-9.373 9.372-24.569 9.372-33.942 0z\"><\/path><\/svg><\/span>\n\t\t\t<span class='e-closed'><svg aria-hidden=\"true\" class=\"e-font-icon-svg e-fas-chevron-right\" viewBox=\"0 0 320 512\" xmlns=\"http:\/\/www.w3.org\/2000\/svg\"><path d=\"M285.476 272.971L91.132 467.314c-9.373 9.373-24.569 9.373-33.941 0l-22.667-22.667c-9.357-9.357-9.375-24.522-.04-33.901L188.505 256 34.484 101.255c-9.335-9.379-9.317-24.544.04-33.901l22.667-22.667c9.373-9.373 24.569-9.373 33.941 0L285.475 239.03c9.373 9.372 9.373 24.568.001 33.941z\"><\/path><\/svg><\/span>\n\t\t<\/span>\n\n\t\t\t\t\t\t<\/summary>\n\t\t\t\t<div role=\"region\" aria-labelledby=\"e-n-accordion-item-2140\" class=\"elementor-element elementor-element-7378ff7 e-con-full e-flex e-con e-child\" data-id=\"7378ff7\" data-element_type=\"container\" data-e-type=\"container\">\n\t\t\t\t<div class=\"elementor-element elementor-element-63c2c97 elementor-widget elementor-widget-text-editor\" data-id=\"63c2c97\" data-element_type=\"widget\" data-e-type=\"widget\" data-widget_type=\"text-editor.default\">\n\t\t\t\t\t\t\t\t\t<p>Il est recommand\u00e9 de communiquer avec la Ville dans les cas suivants :<\/p><ul><li>La pr\u00e9sence d\u2019un animal bless\u00e9 ou en d\u00e9tresse sur la voie publique.<\/li><li>Une situation pr\u00e9sentant un risque imm\u00e9diat pour la s\u00e9curit\u00e9 des personnes.<\/li><\/ul><p><strong>Pour toute urgence, veuillez contacter la S\u00e9curit\u00e9 publique.<\/strong><\/p>\t\t\t\t\t\t\t\t<\/div>\n\t\t\t\t<\/div>\n\t\t\t\t\t<\/details>\n\t\t\t\t\t\t<details id=\"e-n-accordion-item-2141\" class=\"e-n-accordion-item\" >\n\t\t\t\t<summary class=\"e-n-accordion-item-title\" data-accordion-index=\"2\" tabindex=\"-1\" aria-expanded=\"false\" aria-controls=\"e-n-accordion-item-2141\" >\n\t\t\t\t\t<span class='e-n-accordion-item-title-header'><h5 class=\"e-n-accordion-item-title-text\"> Relocalisation et r\u00e8glementation <\/h5><\/span>\n\t\t\t\t\t\t\t<span class='e-n-accordion-item-title-icon'>\n\t\t\t<span class='e-opened' ><svg aria-hidden=\"true\" class=\"e-font-icon-svg e-fas-chevron-down\" viewBox=\"0 0 448 512\" xmlns=\"http:\/\/www.w3.org\/2000\/svg\"><path d=\"M207.029 381.476L12.686 187.132c-9.373-9.373-9.373-24.569 0-33.941l22.667-22.667c9.357-9.357 24.522-9.375 33.901-.04L224 284.505l154.745-154.021c9.379-9.335 24.544-9.317 33.901.04l22.667 22.667c9.373 9.373 9.373 24.569 0 33.941L240.971 381.476c-9.373 9.372-24.569 9.372-33.942 0z\"><\/path><\/svg><\/span>\n\t\t\t<span class='e-closed'><svg aria-hidden=\"true\" class=\"e-font-icon-svg e-fas-chevron-right\" viewBox=\"0 0 320 512\" xmlns=\"http:\/\/www.w3.org\/2000\/svg\"><path d=\"M285.476 272.971L91.132 467.314c-9.373 9.373-24.569 9.373-33.941 0l-22.667-22.667c-9.357-9.357-9.375-24.522-.04-33.901L188.505 256 34.484 101.255c-9.335-9.379-9.317-24.544.04-33.901l22.667-22.667c9.373-9.373 24.569-9.373 33.941 0L285.475 239.03c9.373 9.372 9.373 24.568.001 33.941z\"><\/path><\/svg><\/span>\n\t\t<\/span>\n\n\t\t\t\t\t\t<\/summary>\n\t\t\t\t<div role=\"region\" aria-labelledby=\"e-n-accordion-item-2141\" class=\"elementor-element elementor-element-0047b5e e-con-full e-flex e-con e-child\" data-id=\"0047b5e\" data-element_type=\"container\" data-e-type=\"container\">\n\t\t\t\t<div class=\"elementor-element elementor-element-60e67c7 elementor-widget elementor-widget-text-editor\" data-id=\"60e67c7\" data-element_type=\"widget\" data-e-type=\"widget\" data-widget_type=\"text-editor.default\">\n\t\t\t\t\t\t\t\t\t<p>Le Gouvernement du Qu\u00e9bec encadre strictement la capture et la relocalisation de certaines esp\u00e8ces. Des interdictions temporaires peuvent s\u2019appliquer selon les p\u00e9riodes de l\u2019ann\u00e9e et les zones g\u00e9ographiques.<\/p><p>Avant d\u2019entreprendre toute intervention priv\u00e9e, il est recommand\u00e9 de consulter les directives provinciales en mati\u00e8re de faune.<\/p>\t\t\t\t\t\t\t\t<\/div>\n\t\t\t\t<\/div>\n\t\t\t\t\t<\/details>\n\t\t\t\t\t\t<details id=\"e-n-accordion-item-2142\" class=\"e-n-accordion-item\" >\n\t\t\t\t<summary class=\"e-n-accordion-item-title\" data-accordion-index=\"3\" tabindex=\"-1\" aria-expanded=\"false\" aria-controls=\"e-n-accordion-item-2142\" >\n\t\t\t\t\t<span class='e-n-accordion-item-title-header'><h5 class=\"e-n-accordion-item-title-text\"> Autres situations <\/h5><\/span>\n\t\t\t\t\t\t\t<span class='e-n-accordion-item-title-icon'>\n\t\t\t<span class='e-opened' ><svg aria-hidden=\"true\" class=\"e-font-icon-svg e-fas-chevron-down\" viewBox=\"0 0 448 512\" xmlns=\"http:\/\/www.w3.org\/2000\/svg\"><path d=\"M207.029 381.476L12.686 187.132c-9.373-9.373-9.373-24.569 0-33.941l22.667-22.667c9.357-9.357 24.522-9.375 33.901-.04L224 284.505l154.745-154.021c9.379-9.335 24.544-9.317 33.901.04l22.667 22.667c9.373 9.373 9.373 24.569 0 33.941L240.971 381.476c-9.373 9.372-24.569 9.372-33.942 0z\"><\/path><\/svg><\/span>\n\t\t\t<span class='e-closed'><svg aria-hidden=\"true\" class=\"e-font-icon-svg e-fas-chevron-right\" viewBox=\"0 0 320 512\" xmlns=\"http:\/\/www.w3.org\/2000\/svg\"><path d=\"M285.476 272.971L91.132 467.314c-9.373 9.373-24.569 9.373-33.941 0l-22.667-22.667c-9.357-9.357-9.375-24.522-.04-33.901L188.505 256 34.484 101.255c-9.335-9.379-9.317-24.544.04-33.901l22.667-22.667c9.373-9.373 24.569-9.373 33.941 0L285.475 239.03c9.373 9.372 9.373 24.568.001 33.941z\"><\/path><\/svg><\/span>\n\t\t<\/span>\n\n\t\t\t\t\t\t<\/summary>\n\t\t\t\t<div role=\"region\" aria-labelledby=\"e-n-accordion-item-2142\" class=\"elementor-element elementor-element-16fef08 e-con-full e-flex e-con e-child\" data-id=\"16fef08\" data-element_type=\"container\" data-e-type=\"container\">\n\t\t\t\t<div class=\"elementor-element elementor-element-2eb67ae elementor-widget elementor-widget-text-editor\" data-id=\"2eb67ae\" data-element_type=\"widget\" data-e-type=\"widget\" data-widget_type=\"text-editor.default\">\n\t\t\t\t\t\t\t\t\t<p>Pour toute situation ne pr\u00e9sentant pas un danger imm\u00e9diat, notamment la pr\u00e9sence d\u2019animaux sur une propri\u00e9t\u00e9 priv\u00e9e, les citoyens sont invit\u00e9s \u00e0 communiquer avec la SPCA ou un professionnel qualifi\u00e9 en gestion de la faune.<\/p><p>La Ville encourage des solutions respectueuses, s\u00e9curitaires et conformes \u00e0 la r\u00e8glementation en vigueur.<\/p>\t\t\t\t\t\t\t\t<\/div>\n\t\t\t\t<\/div>\n\t\t\t\t\t<\/details>\n\t\t\t\t\t<\/div>\n\t\t\t\t\t\t<\/div>\n\t\t\t\t<div class=\"elementor-element elementor-element-7c7b115 elementor-widget elementor-widget-spacer\" data-id=\"7c7b115\" data-element_type=\"widget\" data-e-type=\"widget\" data-widget_type=\"spacer.default\">\n\t\t\t\t\t\t\t<div class=\"elementor-spacer\">\n\t\t\t<div class=\"elementor-spacer-inner\"><\/div>\n\t\t<\/div>\n\t\t\t\t\t\t<\/div>\n\t\t\t\t<div class=\"elementor-element elementor-element-4e7f956 elementor-widget elementor-widget-heading\" data-id=\"4e7f956\" data-element_type=\"widget\" data-e-type=\"widget\" data-widget_type=\"heading.default\">\n\t\t\t\t\t<h3 class=\"elementor-heading-title elementor-size-default\">Ces pages pourraient vous int\u00e9resser<\/h3>\t\t\t\t<\/div>\n\t\t\t\t<div class=\"elementor-element elementor-element-dbba053 elementor-widget elementor-widget-related_post\" data-id=\"dbba053\" data-element_type=\"widget\" data-e-type=\"widget\" data-widget_type=\"related_post.default\">\n\t\t\t\t<div class=\"elementor-widget-container\">\n\t\t\t\t\t<div class=\"row narrower related-posts-container\"><div class=\"col-lg-4 col-md-6\"><a href=\"https:\/\/www.hampstead.qc.ca\/fr\/environnement\/collecte-de-matieres-residuelles\/\" class=\"related-post-item\"><div class=\"related-post-item-image\"><img decoding=\"async\" data-src=\"https:\/\/www.hampstead.qc.ca\/wp-content\/uploads\/2022\/01\/Hampstead-bac-vidange-D-Beaumont-2013-08-27-41-1-300x200.jpg\" alt=\"Collecte de mati\u00e8res r\u00e9siduelles\" src=\"data:image\/svg+xml;base64,PHN2ZyB3aWR0aD0iMSIgaGVpZ2h0PSIxIiB4bWxucz0iaHR0cDovL3d3dy53My5vcmcvMjAwMC9zdmciPjwvc3ZnPg==\" class=\"lazyload\" style=\"--smush-placeholder-width: 300px; --smush-placeholder-aspect-ratio: 300\/200;\"><\/div><div class=\"related-post-item-content\"><h5>Collecte de mati\u00e8res r\u00e9siduelles<\/h5><div class=\"related-post-item-description\">Ordures, recyclage et mati\u00e8res organiques La Ville de Hampstead assure la collecte des mati\u00e8res r\u00e9siduelles...<\/div><\/div><\/a><\/div><div class=\"col-lg-4 col-md-6\"><a href=\"https:\/\/www.hampstead.qc.ca\/fr\/services\/securite-publique\/\" class=\"related-post-item\"><div class=\"related-post-item-image\"><img decoding=\"async\" data-src=\"https:\/\/www.hampstead.qc.ca\/wp-content\/uploads\/2022\/08\/PS-auto-300x144.jpg\" alt=\"S\u00e9curit\u00e9 publique\" src=\"data:image\/svg+xml;base64,PHN2ZyB3aWR0aD0iMSIgaGVpZ2h0PSIxIiB4bWxucz0iaHR0cDovL3d3dy53My5vcmcvMjAwMC9zdmciPjwvc3ZnPg==\" class=\"lazyload\" style=\"--smush-placeholder-width: 300px; --smush-placeholder-aspect-ratio: 300\/144;\"><\/div><div class=\"related-post-item-content\"><h5>S\u00e9curit\u00e9 publique<\/h5><div class=\"related-post-item-description\">Protection, pr\u00e9vention et application des r\u00e8glements municipaux Le Service de la S\u00e9curit\u00e9 publique constitue un...<\/div><\/div><\/a><\/div><div class=\"col-lg-4 col-md-6\"><a href=\"https:\/\/www.hampstead.qc.ca\/fr\/services\/securite-publique\/bruits-excessifs-et-autres-nuisances\/\" class=\"related-post-item\"><div class=\"related-post-item-image\"><img decoding=\"async\" data-src=\"https:\/\/www.hampstead.qc.ca\/wp-content\/uploads\/2026\/03\/AdobeStock_1820381219-MOD-300x169.jpg\" alt=\"Bruits excessifs et autres nuisances\" src=\"data:image\/svg+xml;base64,PHN2ZyB3aWR0aD0iMSIgaGVpZ2h0PSIxIiB4bWxucz0iaHR0cDovL3d3dy53My5vcmcvMjAwMC9zdmciPjwvc3ZnPg==\" class=\"lazyload\" style=\"--smush-placeholder-width: 300px; --smush-placeholder-aspect-ratio: 300\/169;\"><\/div><div class=\"related-post-item-content\"><h5>Bruits excessifs et autres nuisances<\/h5><div class=\"related-post-item-description\">Maintenir la tranquillit\u00e9 et la\u00a0qualit\u00e9 de vie La Ville de Hampstead reconna\u00eet que la qualit\u00e9...<\/div><\/div><\/a><\/div><\/div>\t\t\t\t<\/div>\n\t\t\t\t<\/div>\n\t\t\t\t\t<\/div>\n\t\t\t\t<\/div>\n\t\t\t\t<\/div>\n\t\t","protected":false},"excerpt":{"rendered":"<p>Cohabiter avec les animaux sauvages La pr\u00e9sence d\u2019animaux sauvages tels que les ratons laveurs, moufettes, renards ou coyotes fait partie de la r\u00e9alit\u00e9 urbaine contemporaine. La Ville de Hampstead privil\u00e9gie une approche de cohabitation responsable et s\u00e9curitaire, fond\u00e9e sur la pr\u00e9vention, la sensibilisation et le respect de la faune. La majorit\u00e9 des situations peuvent \u00eatre \u00e9vit\u00e9es par l\u2019adoption de pratiques simples visant \u00e0 r\u00e9duire les sources d\u2019attraction. La Ville n\u2019effectue pas de capture ou de relocalisation syst\u00e9matique des animaux sauvages, sauf dans des cas pr\u00e9cis li\u00e9s \u00e0 la s\u00e9curit\u00e9 publique. Partager Bonnes pratiques de cohabitation Afin de limiter la pr\u00e9sence<\/p>\n","protected":false},"author":1,"featured_media":60469,"parent":59903,"menu_order":0,"comment_status":"closed","ping_status":"closed","template":"","meta":{"_acf_changed":false,"footnotes":""},"class_list":["post-59943","page","type-page","status-publish","has-post-thumbnail","hentry"],"acf":[],"_links":{"self":[{"href":"https:\/\/www.hampstead.qc.ca\/fr\/wp-json\/wp\/v2\/pages\/59943","targetHints":{"allow":["GET"]}}],"collection":[{"href":"https:\/\/www.hampstead.qc.ca\/fr\/wp-json\/wp\/v2\/pages"}],"about":[{"href":"https:\/\/www.hampstead.qc.ca\/fr\/wp-json\/wp\/v2\/types\/page"}],"author":[{"embeddable":true,"href":"https:\/\/www.hampstead.qc.ca\/fr\/wp-json\/wp\/v2\/users\/1"}],"replies":[{"embeddable":true,"href":"https:\/\/www.hampstead.qc.ca\/fr\/wp-json\/wp\/v2\/comments?post=59943"}],"version-history":[{"count":14,"href":"https:\/\/www.hampstead.qc.ca\/fr\/wp-json\/wp\/v2\/pages\/59943\/revisions"}],"predecessor-version":[{"id":61078,"href":"https:\/\/www.hampstead.qc.ca\/fr\/wp-json\/wp\/v2\/pages\/59943\/revisions\/61078"}],"up":[{"embeddable":true,"href":"https:\/\/www.hampstead.qc.ca\/fr\/wp-json\/wp\/v2\/pages\/59903"}],"wp:featuredmedia":[{"embeddable":true,"href":"https:\/\/www.hampstead.qc.ca\/fr\/wp-json\/wp\/v2\/media\/60469"}],"wp:attachment":[{"href":"https:\/\/www.hampstead.qc.ca\/fr\/wp-json\/wp\/v2\/media?parent=59943"}],"curies":[{"name":"wp","href":"https:\/\/api.w.org\/{rel}","templated":true}]}}